{"id":97,"date":"2014-05-20T16:32:05","date_gmt":"2014-05-20T16:32:05","guid":{"rendered":"http:\/\/jf-sbrasalportel.pt\/jf\/?page_id=97"},"modified":"2024-02-21T17:05:49","modified_gmt":"2024-02-21T17:05:49","slug":"requerimentos","status":"publish","type":"page","link":"https:\/\/jf-sbrasalportel.pt\/jfsba\/servicos\/requerimentos\/","title":{"rendered":"Requerimentos"},"content":{"rendered":"<p>Para obter os Modelos de Requerimentos que precisa j\u00e1 n\u00e3o \u00e9 necess\u00e1rio deslocar-se \u00e0 Junta.<\/p>\n<p align=\"justify\">Os mun\u00edcipes poder\u00e3o fazer o download dos\u00a0Requerimentos atrav\u00e9s deste site .<\/p>\n<p>Os Requerimentos encontram-se em formato PDF (Adobe Portable Document Format). Para ler e imprimir os Requerimentos dever\u00e1 ter o Adobe Acrobat Reader.<\/p>\n<p>Aos requerimentos est\u00e1 anexada a Declara\u00e7\u00e3o de Consentimento para Recolha e Tratamento de Dados. Se ainda n\u00e3o tiver esta aplica\u00e7\u00e3o instalada no seu computador, deve fazer o download dos requerimentos<a href=\"https:\/\/get.adobe.com\/reader\/\" target=\"_blank\" rel=\"noopener noreferrer\"> aqui<\/a>.<\/p>\n<p><strong>Administrativos:<\/strong><\/p>\n<ul>\n<li><a href=\"https:\/\/jf-sbrasalportel.pt\/jfsba\/wp-content\/uploads\/2019\/02\/Requerimento-de-Atestado-1.pdf\">Atestado<\/a><\/li>\n<li><a href=\"https:\/\/jf-sbrasalportel.pt\/jfsba\/wp-content\/uploads\/2019\/02\/Requerimento-de-Termos-de-Identidade-e-Justifica\u00e7\u00e3o-Administrativa-Assist\u00eancia-Judici\u00e1ria-1.pdf\">Termos de Identidade e Justifica\u00e7\u00e3o Administrativa, Assist\u00eancia Judici\u00e1ria<\/a><\/li>\n<li><a href=\"https:\/\/jf-sbrasalportel.pt\/jfsba\/wp-content\/uploads\/2019\/02\/Licen\u00e7a-Arrumadores-de-Autom\u00f3veis.pdf\">Licen\u00e7a Arrumadores de Autom\u00f3veis<\/a><\/li>\n<li><a href=\"https:\/\/jf-sbrasalportel.pt\/jfsba\/wp-content\/uploads\/2019\/02\/Requerimento-Licen\u00e7a-Vendedor-Ambulante-de-Lotarias.pdf\">Requerimento Licen\u00e7a Vendedor Ambulante de Lotarias<\/a><\/li>\n<li><a href=\"https:\/\/jf-sbrasalportel.pt\/jfsba\/wp-content\/uploads\/2019\/02\/Requerimento-Atividades-Ruidosas-de-Car\u00e1ter-Tempor\u00e1rio.pdf\">Requerimento Atividades Ruidosas de Car\u00e1ter Tempor\u00e1rio<\/a><\/li>\n<\/ul>\n<p><strong>Cemit\u00e9rio:<\/strong><\/p>\n<ul>\n<li><a href=\"https:\/\/jf-sbrasalportel.pt\/jfsba\/wp-content\/uploads\/2024\/02\/Inumacao-Cremacao-Trasladacao-e-Exumacao-1.pdf\">Inuma\u00e7\u00e3o, Crema\u00e7\u00e3o, Traslada\u00e7\u00e3o e Exuma\u00e7\u00e3o<\/a><\/li>\n<li><a href=\"https:\/\/jf-sbrasalportel.pt\/jfsba\/wp-content\/uploads\/2019\/02\/Requerimento-de-Concess\u00e3o-de-Sepulturas.pdf\">Concess\u00e3o de Sepulturas<\/a><\/li>\n<li><a href=\"https:\/\/jf-sbrasalportel.pt\/jfsba\/wp-content\/uploads\/2020\/02\/Entrada-e-exuma\u00e7\u00e3o.pdf\">Autoriza\u00e7\u00e3o para entrada e exuma\u00e7\u00e3o<\/a><\/li>\n<li><a href=\"https:\/\/jf-sbrasalportel.pt\/jfsba\/wp-content\/uploads\/2019\/02\/Requerimento-Diversos.pdf\">Diversos Cemit\u00e9rio<\/a><\/li>\n<li><a href=\"https:\/\/jf-sbrasalportel.pt\/jfsba\/wp-content\/uploads\/2020\/01\/Autoriza\u00e7\u00e3o-a-terceiros.pdf\">Autoriza\u00e7\u00e3o a terceiros<\/a><\/li>\n<\/ul>\n","protected":false},"excerpt":{"rendered":"<p>Para obter os Modelos de Requerimentos que precisa j\u00e1 n\u00e3o \u00e9 necess\u00e1rio deslocar-se \u00e0 Junta. Os mun\u00edcipes poder\u00e3o fazer o download dos\u00a0Requerimentos atrav\u00e9s deste site . Os Requerimentos encontram-se em formato PDF (Adobe Portable Document Format). Para ler e imprimir os Requerimentos dever\u00e1 ter o Adobe Acrobat Reader. Aos requerimentos est\u00e1 anexada a Declara\u00e7\u00e3o de &hellip; <a href=\"https:\/\/jf-sbrasalportel.pt\/jfsba\/servicos\/requerimentos\/\" class=\"more-link\">Continuar a ler<span class=\"screen-reader-text\">Requerimentos<\/span> <span class=\"meta-nav\">&rarr;<\/span><\/a><\/p>\n","protected":false},"author":1,"featured_media":0,"parent":374,"menu_order":0,"comment_status":"closed","ping_status":"closed","template":"","meta":{"_monsterinsights_skip_tracking":false,"_monsterinsights_sitenote_active":false,"_monsterinsights_sitenote_note":"","_monsterinsights_sitenote_category":0,"ngg_post_thumbnail":0,"footnotes":""},"class_list":["post-97","page","type-page","status-publish","hentry"],"yoast_head":"<!-- This site is optimized with the Yoast SEO plugin v27.4 - https:\/\/yoast.com\/product\/yoast-seo-wordpress\/ -->\n<title>Requerimentos - Junta de Freguesia de S\u00e3o Br\u00e1s de Alportel<\/title>\n<meta name=\"robots\" content=\"index, follow, max-snippet:-1, max-image-preview:large, max-video-preview:-1\" \/>\n<link rel=\"canonical\" href=\"https:\/\/jf-sbrasalportel.pt\/jfsba\/servicos\/requerimentos\/\" \/>\n<meta property=\"og:locale\" content=\"pt_PT\" \/>\n<meta property=\"og:type\" content=\"article\" \/>\n<meta property=\"og:title\" content=\"Requerimentos - Junta de Freguesia de S\u00e3o Br\u00e1s de Alportel\" \/>\n<meta property=\"og:description\" content=\"Para obter os Modelos de Requerimentos que precisa j\u00e1 n\u00e3o \u00e9 necess\u00e1rio deslocar-se \u00e0 Junta. Os mun\u00edcipes poder\u00e3o fazer o download dos\u00a0Requerimentos atrav\u00e9s deste site . Os Requerimentos encontram-se em formato PDF (Adobe Portable Document Format). Para ler e imprimir os Requerimentos dever\u00e1 ter o Adobe Acrobat Reader. Aos requerimentos est\u00e1 anexada a Declara\u00e7\u00e3o de &hellip; Continuar a lerRequerimentos &rarr;\" \/>\n<meta property=\"og:url\" content=\"https:\/\/jf-sbrasalportel.pt\/jfsba\/servicos\/requerimentos\/\" \/>\n<meta property=\"og:site_name\" content=\"Junta de Freguesia de S\u00e3o Br\u00e1s de Alportel\" \/>\n<meta property=\"article:modified_time\" content=\"2024-02-21T17:05:49+00:00\" \/>\n<meta name=\"twitter:card\" content=\"summary_large_image\" \/>\n<meta name=\"twitter:label1\" content=\"Tempo estimado de leitura\" \/>\n\t<meta name=\"twitter:data1\" content=\"1 minuto\" \/>\n<script type=\"application\/ld+json\" class=\"yoast-schema-graph\">{\"@context\":\"https:\\\/\\\/schema.org\",\"@graph\":[{\"@type\":\"WebPage\",\"@id\":\"https:\\\/\\\/jf-sbrasalportel.pt\\\/jfsba\\\/servicos\\\/requerimentos\\\/\",\"url\":\"https:\\\/\\\/jf-sbrasalportel.pt\\\/jfsba\\\/servicos\\\/requerimentos\\\/\",\"name\":\"Requerimentos - Junta de Freguesia de S\u00e3o Br\u00e1s de Alportel\",\"isPartOf\":{\"@id\":\"https:\\\/\\\/jf-sbrasalportel.pt\\\/jfsba\\\/#website\"},\"datePublished\":\"2014-05-20T16:32:05+00:00\",\"dateModified\":\"2024-02-21T17:05:49+00:00\",\"breadcrumb\":{\"@id\":\"https:\\\/\\\/jf-sbrasalportel.pt\\\/jfsba\\\/servicos\\\/requerimentos\\\/#breadcrumb\"},\"inLanguage\":\"pt-PT\",\"potentialAction\":[{\"@type\":\"ReadAction\",\"target\":[\"https:\\\/\\\/jf-sbrasalportel.pt\\\/jfsba\\\/servicos\\\/requerimentos\\\/\"]}]},{\"@type\":\"BreadcrumbList\",\"@id\":\"https:\\\/\\\/jf-sbrasalportel.pt\\\/jfsba\\\/servicos\\\/requerimentos\\\/#breadcrumb\",\"itemListElement\":[{\"@type\":\"ListItem\",\"position\":1,\"name\":\"In\u00edcio\",\"item\":\"https:\\\/\\\/jf-sbrasalportel.pt\\\/jfsba\\\/\"},{\"@type\":\"ListItem\",\"position\":2,\"name\":\": : : : : : : : : : : : : : : : Servi\u00e7os : : : : : : : : : : : : : : : :\",\"item\":\"https:\\\/\\\/jf-sbrasalportel.pt\\\/jfsba\\\/servicos\\\/\"},{\"@type\":\"ListItem\",\"position\":3,\"name\":\"Requerimentos\"}]},{\"@type\":\"WebSite\",\"@id\":\"https:\\\/\\\/jf-sbrasalportel.pt\\\/jfsba\\\/#website\",\"url\":\"https:\\\/\\\/jf-sbrasalportel.pt\\\/jfsba\\\/\",\"name\":\"Junta de Freguesia de S\u00e3o Br\u00e1s de Alportel\",\"description\":\"Site institucional da Freguesia de S\u00e3o Br\u00e1s de Alportel\",\"potentialAction\":[{\"@type\":\"SearchAction\",\"target\":{\"@type\":\"EntryPoint\",\"urlTemplate\":\"https:\\\/\\\/jf-sbrasalportel.pt\\\/jfsba\\\/?s={search_term_string}\"},\"query-input\":{\"@type\":\"PropertyValueSpecification\",\"valueRequired\":true,\"valueName\":\"search_term_string\"}}],\"inLanguage\":\"pt-PT\"}]}<\/script>\n<!-- \/ Yoast SEO plugin. -->","yoast_head_json":{"title":"Requerimentos - Junta de Freguesia de S\u00e3o Br\u00e1s de Alportel","robots":{"index":"index","follow":"follow","max-snippet":"max-snippet:-1","max-image-preview":"max-image-preview:large","max-video-preview":"max-video-preview:-1"},"canonical":"https:\/\/jf-sbrasalportel.pt\/jfsba\/servicos\/requerimentos\/","og_locale":"pt_PT","og_type":"article","og_title":"Requerimentos - Junta de Freguesia de S\u00e3o Br\u00e1s de Alportel","og_description":"Para obter os Modelos de Requerimentos que precisa j\u00e1 n\u00e3o \u00e9 necess\u00e1rio deslocar-se \u00e0 Junta. Os mun\u00edcipes poder\u00e3o fazer o download dos\u00a0Requerimentos atrav\u00e9s deste site . Os Requerimentos encontram-se em formato PDF (Adobe Portable Document Format). Para ler e imprimir os Requerimentos dever\u00e1 ter o Adobe Acrobat Reader. Aos requerimentos est\u00e1 anexada a Declara\u00e7\u00e3o de &hellip; Continuar a lerRequerimentos &rarr;","og_url":"https:\/\/jf-sbrasalportel.pt\/jfsba\/servicos\/requerimentos\/","og_site_name":"Junta de Freguesia de S\u00e3o Br\u00e1s de Alportel","article_modified_time":"2024-02-21T17:05:49+00:00","twitter_card":"summary_large_image","twitter_misc":{"Tempo estimado de leitura":"1 minuto"},"schema":{"@context":"https:\/\/schema.org","@graph":[{"@type":"WebPage","@id":"https:\/\/jf-sbrasalportel.pt\/jfsba\/servicos\/requerimentos\/","url":"https:\/\/jf-sbrasalportel.pt\/jfsba\/servicos\/requerimentos\/","name":"Requerimentos - Junta de Freguesia de S\u00e3o Br\u00e1s de Alportel","isPartOf":{"@id":"https:\/\/jf-sbrasalportel.pt\/jfsba\/#website"},"datePublished":"2014-05-20T16:32:05+00:00","dateModified":"2024-02-21T17:05:49+00:00","breadcrumb":{"@id":"https:\/\/jf-sbrasalportel.pt\/jfsba\/servicos\/requerimentos\/#breadcrumb"},"inLanguage":"pt-PT","potentialAction":[{"@type":"ReadAction","target":["https:\/\/jf-sbrasalportel.pt\/jfsba\/servicos\/requerimentos\/"]}]},{"@type":"BreadcrumbList","@id":"https:\/\/jf-sbrasalportel.pt\/jfsba\/servicos\/requerimentos\/#breadcrumb","itemListElement":[{"@type":"ListItem","position":1,"name":"In\u00edcio","item":"https:\/\/jf-sbrasalportel.pt\/jfsba\/"},{"@type":"ListItem","position":2,"name":": : : : : : : : : : : : : : : : Servi\u00e7os : : : : : : : : : : : : : : : :","item":"https:\/\/jf-sbrasalportel.pt\/jfsba\/servicos\/"},{"@type":"ListItem","position":3,"name":"Requerimentos"}]},{"@type":"WebSite","@id":"https:\/\/jf-sbrasalportel.pt\/jfsba\/#website","url":"https:\/\/jf-sbrasalportel.pt\/jfsba\/","name":"Junta de Freguesia de S\u00e3o Br\u00e1s de Alportel","description":"Site institucional da Freguesia de S\u00e3o Br\u00e1s de Alportel","potentialAction":[{"@type":"SearchAction","target":{"@type":"EntryPoint","urlTemplate":"https:\/\/jf-sbrasalportel.pt\/jfsba\/?s={search_term_string}"},"query-input":{"@type":"PropertyValueSpecification","valueRequired":true,"valueName":"search_term_string"}}],"inLanguage":"pt-PT"}]}},"_links":{"self":[{"href":"https:\/\/jf-sbrasalportel.pt\/jfsba\/wp-json\/wp\/v2\/pages\/97","targetHints":{"allow":["GET"]}}],"collection":[{"href":"https:\/\/jf-sbrasalportel.pt\/jfsba\/wp-json\/wp\/v2\/pages"}],"about":[{"href":"https:\/\/jf-sbrasalportel.pt\/jfsba\/wp-json\/wp\/v2\/types\/page"}],"author":[{"embeddable":true,"href":"https:\/\/jf-sbrasalportel.pt\/jfsba\/wp-json\/wp\/v2\/users\/1"}],"replies":[{"embeddable":true,"href":"https:\/\/jf-sbrasalportel.pt\/jfsba\/wp-json\/wp\/v2\/comments?post=97"}],"version-history":[{"count":31,"href":"https:\/\/jf-sbrasalportel.pt\/jfsba\/wp-json\/wp\/v2\/pages\/97\/revisions"}],"predecessor-version":[{"id":4577,"href":"https:\/\/jf-sbrasalportel.pt\/jfsba\/wp-json\/wp\/v2\/pages\/97\/revisions\/4577"}],"up":[{"embeddable":true,"href":"https:\/\/jf-sbrasalportel.pt\/jfsba\/wp-json\/wp\/v2\/pages\/374"}],"wp:attachment":[{"href":"https:\/\/jf-sbrasalportel.pt\/jfsba\/wp-json\/wp\/v2\/media?parent=97"}],"curies":[{"name":"wp","href":"https:\/\/api.w.org\/{rel}","templated":true}]}}