{"id":93,"date":"2014-05-20T16:31:33","date_gmt":"2014-05-20T16:31:33","guid":{"rendered":"http:\/\/jf-sbrasalportel.pt\/jf\/?page_id=93"},"modified":"2025-12-22T14:36:14","modified_gmt":"2025-12-22T14:36:14","slug":"vendedor-ambulante-de-lotarias","status":"publish","type":"page","link":"https:\/\/jf-sbrasalportel.pt\/jfsba\/servicos\/administrativos\/vendedor-ambulante-de-lotarias\/","title":{"rendered":"Licen\u00e7a &#8211; Vendedor Ambulante de Lotarias"},"content":{"rendered":"<p><strong><span style=\"text-decoration: underline;\">ocumentos necess\u00e1rios:<\/span><\/strong><\/p>\n<ul>\n<li>Requerimento preenchimento e assinado &#8211; <a href=\"https:\/\/jf-sbrasalportel.pt\/jfsba\/wp-content\/uploads\/2020\/01\/Licen\u00e7a-Vendedor-Ambulante-de-Lotarias.pdf\">Licen\u00e7a Vendedor Ambulante de Lotarias<\/a><\/li>\n<li>Certificado de Registo Criminal<\/li>\n<li>Fotocopia de declara\u00e7\u00e3o de in\u00edcio de atividade ou declara\u00e7\u00e3o de IRS<\/li>\n<li>Duas fotografias a cores<\/li>\n<li><a href=\"https:\/\/jf-sbrasalportel.pt\/jfsba\/wp-content\/uploads\/2020\/01\/Declara\u00e7\u00e3o-de-Consentimento-para-Recolha-e-Tratamento-de-Dados.pdf\">Declara\u00e7\u00e3o de Consentimento para Recolha e Tratamento de Dados<\/a><\/li>\n<li>Se n\u00e3o o pr\u00f3prio a apresentar requerimento &#8211; <a href=\"https:\/\/jf-sbrasalportel.pt\/jfsba\/wp-content\/uploads\/2020\/01\/Autoriza\u00e7\u00e3o-a-terceiros.pdf\">Autoriza\u00e7\u00e3o a terceiros<\/a><\/li>\n<\/ul>\n<p><strong><span style=\"text-decoration: underline;\">Custo:<\/span><\/strong><\/p>\n<ul>\n<li><a href=\"https:\/\/jf-sbrasalportel.pt\/jfsba\/wp-content\/uploads\/2025\/12\/2026-1.pdf\">Tabela Taxas e Licen\u00e7as 2026<\/a><\/li>\n<\/ul>\n<p><strong><span style=\"text-decoration: underline;\">Consultar<\/span>:<\/strong><\/p>\n<ul>\n<li><a href=\"https:\/\/jf-sbrasalportel.pt\/jfsba\/wp-content\/uploads\/2014\/05\/Regulamento-Licenciamento-Atividades-Diversas.pdf\" target=\"_blank\" rel=\"noopener noreferrer\">Regulamento Licenciamento Atividades Diversas<\/a><\/li>\n<\/ul>\n","protected":false},"excerpt":{"rendered":"<p>ocumentos necess\u00e1rios: Requerimento preenchimento e assinado &#8211; Licen\u00e7a Vendedor Ambulante de Lotarias Certificado de Registo Criminal Fotocopia de declara\u00e7\u00e3o de in\u00edcio de atividade ou declara\u00e7\u00e3o de IRS Duas fotografias a cores Declara\u00e7\u00e3o de Consentimento para Recolha e Tratamento de Dados Se n\u00e3o o pr\u00f3prio a apresentar requerimento &#8211; Autoriza\u00e7\u00e3o a terceiros Custo: Tabela Taxas e &hellip; <a href=\"https:\/\/jf-sbrasalportel.pt\/jfsba\/servicos\/administrativos\/vendedor-ambulante-de-lotarias\/\" class=\"more-link\">Continuar a ler<span class=\"screen-reader-text\">Licen\u00e7a &#8211; Vendedor Ambulante de Lotarias<\/span> <span class=\"meta-nav\">&rarr;<\/span><\/a><\/p>\n","protected":false},"author":1,"featured_media":0,"parent":728,"menu_order":7,"comment_status":"closed","ping_status":"closed","template":"","meta":{"_monsterinsights_skip_tracking":false,"_monsterinsights_sitenote_active":false,"_monsterinsights_sitenote_note":"","_monsterinsights_sitenote_category":0,"ngg_post_thumbnail":0,"footnotes":""},"class_list":["post-93","page","type-page","status-publish","hentry"],"yoast_head":"<!-- This site is optimized with the Yoast SEO plugin v27.4 - https:\/\/yoast.com\/product\/yoast-seo-wordpress\/ -->\n<title>Licen\u00e7a - Vendedor Ambulante de Lotarias - Junta de Freguesia de S\u00e3o Br\u00e1s de Alportel<\/title>\n<meta name=\"robots\" content=\"index, follow, max-snippet:-1, max-image-preview:large, max-video-preview:-1\" \/>\n<link rel=\"canonical\" href=\"https:\/\/jf-sbrasalportel.pt\/jfsba\/servicos\/administrativos\/vendedor-ambulante-de-lotarias\/\" \/>\n<meta property=\"og:locale\" content=\"pt_PT\" \/>\n<meta property=\"og:type\" content=\"article\" \/>\n<meta property=\"og:title\" content=\"Licen\u00e7a - Vendedor Ambulante de Lotarias - Junta de Freguesia de S\u00e3o Br\u00e1s de Alportel\" \/>\n<meta property=\"og:description\" content=\"ocumentos necess\u00e1rios: Requerimento preenchimento e assinado &#8211; Licen\u00e7a Vendedor Ambulante de Lotarias Certificado de Registo Criminal Fotocopia de declara\u00e7\u00e3o de in\u00edcio de atividade ou declara\u00e7\u00e3o de IRS Duas fotografias a cores Declara\u00e7\u00e3o de Consentimento para Recolha e Tratamento de Dados Se n\u00e3o o pr\u00f3prio a apresentar requerimento &#8211; Autoriza\u00e7\u00e3o a terceiros Custo: Tabela Taxas e &hellip; Continuar a lerLicen\u00e7a &#8211; Vendedor Ambulante de Lotarias &rarr;\" \/>\n<meta property=\"og:url\" content=\"https:\/\/jf-sbrasalportel.pt\/jfsba\/servicos\/administrativos\/vendedor-ambulante-de-lotarias\/\" \/>\n<meta property=\"og:site_name\" content=\"Junta de Freguesia de S\u00e3o Br\u00e1s de Alportel\" \/>\n<meta property=\"article:modified_time\" content=\"2025-12-22T14:36:14+00:00\" \/>\n<meta name=\"twitter:card\" content=\"summary_large_image\" \/>\n<meta name=\"twitter:label1\" content=\"Tempo estimado de leitura\" \/>\n\t<meta name=\"twitter:data1\" content=\"1 minuto\" \/>\n<script type=\"application\/ld+json\" class=\"yoast-schema-graph\">{\"@context\":\"https:\\\/\\\/schema.org\",\"@graph\":[{\"@type\":\"WebPage\",\"@id\":\"https:\\\/\\\/jf-sbrasalportel.pt\\\/jfsba\\\/servicos\\\/administrativos\\\/vendedor-ambulante-de-lotarias\\\/\",\"url\":\"https:\\\/\\\/jf-sbrasalportel.pt\\\/jfsba\\\/servicos\\\/administrativos\\\/vendedor-ambulante-de-lotarias\\\/\",\"name\":\"Licen\u00e7a - Vendedor Ambulante de Lotarias - Junta de Freguesia de S\u00e3o Br\u00e1s de Alportel\",\"isPartOf\":{\"@id\":\"https:\\\/\\\/jf-sbrasalportel.pt\\\/jfsba\\\/#website\"},\"datePublished\":\"2014-05-20T16:31:33+00:00\",\"dateModified\":\"2025-12-22T14:36:14+00:00\",\"breadcrumb\":{\"@id\":\"https:\\\/\\\/jf-sbrasalportel.pt\\\/jfsba\\\/servicos\\\/administrativos\\\/vendedor-ambulante-de-lotarias\\\/#breadcrumb\"},\"inLanguage\":\"pt-PT\",\"potentialAction\":[{\"@type\":\"ReadAction\",\"target\":[\"https:\\\/\\\/jf-sbrasalportel.pt\\\/jfsba\\\/servicos\\\/administrativos\\\/vendedor-ambulante-de-lotarias\\\/\"]}]},{\"@type\":\"BreadcrumbList\",\"@id\":\"https:\\\/\\\/jf-sbrasalportel.pt\\\/jfsba\\\/servicos\\\/administrativos\\\/vendedor-ambulante-de-lotarias\\\/#breadcrumb\",\"itemListElement\":[{\"@type\":\"ListItem\",\"position\":1,\"name\":\"In\u00edcio\",\"item\":\"https:\\\/\\\/jf-sbrasalportel.pt\\\/jfsba\\\/\"},{\"@type\":\"ListItem\",\"position\":2,\"name\":\": : : : : : : : : : : : : : : : Servi\u00e7os : : : : : : : : : : : : : : : :\",\"item\":\"https:\\\/\\\/jf-sbrasalportel.pt\\\/jfsba\\\/servicos\\\/\"},{\"@type\":\"ListItem\",\"position\":3,\"name\":\"Administrativos\",\"item\":\"https:\\\/\\\/jf-sbrasalportel.pt\\\/jfsba\\\/servicos\\\/administrativos\\\/\"},{\"@type\":\"ListItem\",\"position\":4,\"name\":\"Licen\u00e7a &#8211; Vendedor Ambulante de Lotarias\"}]},{\"@type\":\"WebSite\",\"@id\":\"https:\\\/\\\/jf-sbrasalportel.pt\\\/jfsba\\\/#website\",\"url\":\"https:\\\/\\\/jf-sbrasalportel.pt\\\/jfsba\\\/\",\"name\":\"Junta de Freguesia de S\u00e3o Br\u00e1s de Alportel\",\"description\":\"Site institucional da Freguesia de S\u00e3o Br\u00e1s de Alportel\",\"potentialAction\":[{\"@type\":\"SearchAction\",\"target\":{\"@type\":\"EntryPoint\",\"urlTemplate\":\"https:\\\/\\\/jf-sbrasalportel.pt\\\/jfsba\\\/?s={search_term_string}\"},\"query-input\":{\"@type\":\"PropertyValueSpecification\",\"valueRequired\":true,\"valueName\":\"search_term_string\"}}],\"inLanguage\":\"pt-PT\"}]}<\/script>\n<!-- \/ Yoast SEO plugin. -->","yoast_head_json":{"title":"Licen\u00e7a - Vendedor Ambulante de Lotarias - Junta de Freguesia de S\u00e3o Br\u00e1s de Alportel","robots":{"index":"index","follow":"follow","max-snippet":"max-snippet:-1","max-image-preview":"max-image-preview:large","max-video-preview":"max-video-preview:-1"},"canonical":"https:\/\/jf-sbrasalportel.pt\/jfsba\/servicos\/administrativos\/vendedor-ambulante-de-lotarias\/","og_locale":"pt_PT","og_type":"article","og_title":"Licen\u00e7a - Vendedor Ambulante de Lotarias - Junta de Freguesia de S\u00e3o Br\u00e1s de Alportel","og_description":"ocumentos necess\u00e1rios: Requerimento preenchimento e assinado &#8211; Licen\u00e7a Vendedor Ambulante de Lotarias Certificado de Registo Criminal Fotocopia de declara\u00e7\u00e3o de in\u00edcio de atividade ou declara\u00e7\u00e3o de IRS Duas fotografias a cores Declara\u00e7\u00e3o de Consentimento para Recolha e Tratamento de Dados Se n\u00e3o o pr\u00f3prio a apresentar requerimento &#8211; Autoriza\u00e7\u00e3o a terceiros Custo: Tabela Taxas e &hellip; Continuar a lerLicen\u00e7a &#8211; Vendedor Ambulante de Lotarias &rarr;","og_url":"https:\/\/jf-sbrasalportel.pt\/jfsba\/servicos\/administrativos\/vendedor-ambulante-de-lotarias\/","og_site_name":"Junta de Freguesia de S\u00e3o Br\u00e1s de Alportel","article_modified_time":"2025-12-22T14:36:14+00:00","twitter_card":"summary_large_image","twitter_misc":{"Tempo estimado de leitura":"1 minuto"},"schema":{"@context":"https:\/\/schema.org","@graph":[{"@type":"WebPage","@id":"https:\/\/jf-sbrasalportel.pt\/jfsba\/servicos\/administrativos\/vendedor-ambulante-de-lotarias\/","url":"https:\/\/jf-sbrasalportel.pt\/jfsba\/servicos\/administrativos\/vendedor-ambulante-de-lotarias\/","name":"Licen\u00e7a - Vendedor Ambulante de Lotarias - Junta de Freguesia de S\u00e3o Br\u00e1s de Alportel","isPartOf":{"@id":"https:\/\/jf-sbrasalportel.pt\/jfsba\/#website"},"datePublished":"2014-05-20T16:31:33+00:00","dateModified":"2025-12-22T14:36:14+00:00","breadcrumb":{"@id":"https:\/\/jf-sbrasalportel.pt\/jfsba\/servicos\/administrativos\/vendedor-ambulante-de-lotarias\/#breadcrumb"},"inLanguage":"pt-PT","potentialAction":[{"@type":"ReadAction","target":["https:\/\/jf-sbrasalportel.pt\/jfsba\/servicos\/administrativos\/vendedor-ambulante-de-lotarias\/"]}]},{"@type":"BreadcrumbList","@id":"https:\/\/jf-sbrasalportel.pt\/jfsba\/servicos\/administrativos\/vendedor-ambulante-de-lotarias\/#breadcrumb","itemListElement":[{"@type":"ListItem","position":1,"name":"In\u00edcio","item":"https:\/\/jf-sbrasalportel.pt\/jfsba\/"},{"@type":"ListItem","position":2,"name":": : : : : : : : : : : : : : : : Servi\u00e7os : : : : : : : : : : : : : : : :","item":"https:\/\/jf-sbrasalportel.pt\/jfsba\/servicos\/"},{"@type":"ListItem","position":3,"name":"Administrativos","item":"https:\/\/jf-sbrasalportel.pt\/jfsba\/servicos\/administrativos\/"},{"@type":"ListItem","position":4,"name":"Licen\u00e7a &#8211; Vendedor Ambulante de Lotarias"}]},{"@type":"WebSite","@id":"https:\/\/jf-sbrasalportel.pt\/jfsba\/#website","url":"https:\/\/jf-sbrasalportel.pt\/jfsba\/","name":"Junta de Freguesia de S\u00e3o Br\u00e1s de Alportel","description":"Site institucional da Freguesia de S\u00e3o Br\u00e1s de Alportel","potentialAction":[{"@type":"SearchAction","target":{"@type":"EntryPoint","urlTemplate":"https:\/\/jf-sbrasalportel.pt\/jfsba\/?s={search_term_string}"},"query-input":{"@type":"PropertyValueSpecification","valueRequired":true,"valueName":"search_term_string"}}],"inLanguage":"pt-PT"}]}},"_links":{"self":[{"href":"https:\/\/jf-sbrasalportel.pt\/jfsba\/wp-json\/wp\/v2\/pages\/93","targetHints":{"allow":["GET"]}}],"collection":[{"href":"https:\/\/jf-sbrasalportel.pt\/jfsba\/wp-json\/wp\/v2\/pages"}],"about":[{"href":"https:\/\/jf-sbrasalportel.pt\/jfsba\/wp-json\/wp\/v2\/types\/page"}],"author":[{"embeddable":true,"href":"https:\/\/jf-sbrasalportel.pt\/jfsba\/wp-json\/wp\/v2\/users\/1"}],"replies":[{"embeddable":true,"href":"https:\/\/jf-sbrasalportel.pt\/jfsba\/wp-json\/wp\/v2\/comments?post=93"}],"version-history":[{"count":31,"href":"https:\/\/jf-sbrasalportel.pt\/jfsba\/wp-json\/wp\/v2\/pages\/93\/revisions"}],"predecessor-version":[{"id":5132,"href":"https:\/\/jf-sbrasalportel.pt\/jfsba\/wp-json\/wp\/v2\/pages\/93\/revisions\/5132"}],"up":[{"embeddable":true,"href":"https:\/\/jf-sbrasalportel.pt\/jfsba\/wp-json\/wp\/v2\/pages\/728"}],"wp:attachment":[{"href":"https:\/\/jf-sbrasalportel.pt\/jfsba\/wp-json\/wp\/v2\/media?parent=93"}],"curies":[{"name":"wp","href":"https:\/\/api.w.org\/{rel}","templated":true}]}}