{"id":89,"date":"2014-05-20T16:31:19","date_gmt":"2014-05-20T16:31:19","guid":{"rendered":"http:\/\/jf-sbrasalportel.pt\/jf\/?page_id=89"},"modified":"2025-12-22T14:33:26","modified_gmt":"2025-12-22T14:33:26","slug":"requisicao-de-atestados","status":"publish","type":"page","link":"https:\/\/jf-sbrasalportel.pt\/jfsba\/servicos\/administrativos\/requisicao-de-atestados\/","title":{"rendered":"Requisi\u00e7\u00e3o de Atestados \/ Certid\u00f5es"},"content":{"rendered":"<p><strong><span style=\"text-decoration: underline;\">Tipo de atestados:<\/span><\/strong><\/p>\n<ul>\n<li>Resid\u00eancia<\/li>\n<li>Vida<\/li>\n<li>Situa\u00e7\u00e3o Econ\u00f3mica<\/li>\n<li>Outras situa\u00e7\u00f5es<\/li>\n<\/ul>\n<p><strong><span style=\"text-decoration: underline;\">Documentos necess\u00e1rios:<\/span><\/strong><\/p>\n<ul>\n<li>Requerimento preenchido e assinado &#8211; <a href=\"https:\/\/jf-sbrasalportel.pt\/jfsba\/wp-content\/uploads\/2020\/01\/Atestado-1.pdf\">Atestado<\/a>;<\/li>\n<li>Documentos que comprovem a situa\u00e7\u00e3o a atestar;<\/li>\n<li><a href=\"https:\/\/jf-sbrasalportel.pt\/jfsba\/wp-content\/uploads\/2020\/01\/Declara\u00e7\u00e3o-de-Consentimento-para-Recolha-e-Tratamento-de-Dados.pdf\">Declara\u00e7\u00e3o de Consentimento para Recolha e Tratamento de Dados<\/a><\/li>\n<li>Se n\u00e3o o pr\u00f3prio a apresentar o requerimento &#8211; <a href=\"https:\/\/jf-sbrasalportel.pt\/jfsba\/wp-content\/uploads\/2020\/01\/Autoriza\u00e7\u00e3o-a-terceiros.pdf\">Autoriza\u00e7\u00e3o a terceiros<\/a><\/li>\n<\/ul>\n<p><strong>\u00a0<span style=\"text-decoration: underline;\">Condi\u00e7\u00f5es:<\/span><\/strong><\/p>\n<ul>\n<li>Quando o requerente n\u00e3o possui documento de identifica\u00e7\u00e3o c\/ morada atualizada e\/ou desconhecimento da situa\u00e7\u00e3o a atestar\/confirmar, \u00e9 necess\u00e1rio a assinatura de duas testemunhas recenseadas na freguesia.<\/li>\n<li>Em reuni\u00e3o do executivo de 18\/10\/2022 foi aprovado por unanimidade a obriga\u00e7\u00e3o f\u00edsica do requerente e das duas testemunhas e a consulta dos documentos de identifica\u00e7\u00e3o originais para comprovar as assinaturas que passam a ser feitas no momento e na presen\u00e7a dos t\u00e9cnicos da freguesia.<\/li>\n<\/ul>\n<p><strong><span style=\"text-decoration: underline;\">Prazo de entrega<\/span>:<\/strong><\/p>\n<ul>\n<li>2 dias \u00fateis<\/li>\n<\/ul>\n<p><strong>Custo:<\/strong><\/p>\n<p><a href=\"https:\/\/jf-sbrasalportel.pt\/jfsba\/wp-content\/uploads\/2025\/12\/2026-1.pdf\">Tabela Taxas e Licen\u00e7as 2026<\/a><\/p>\n","protected":false},"excerpt":{"rendered":"<p>Tipo de atestados: Resid\u00eancia Vida Situa\u00e7\u00e3o Econ\u00f3mica Outras situa\u00e7\u00f5es Documentos necess\u00e1rios: Requerimento preenchido e assinado &#8211; Atestado; Documentos que comprovem a situa\u00e7\u00e3o a atestar; Declara\u00e7\u00e3o de Consentimento para Recolha e Tratamento de Dados Se n\u00e3o o pr\u00f3prio a apresentar o requerimento &#8211; Autoriza\u00e7\u00e3o a terceiros \u00a0Condi\u00e7\u00f5es: Quando o requerente n\u00e3o possui documento de identifica\u00e7\u00e3o c\/ &hellip; <a href=\"https:\/\/jf-sbrasalportel.pt\/jfsba\/servicos\/administrativos\/requisicao-de-atestados\/\" class=\"more-link\">Continuar a ler<span class=\"screen-reader-text\">Requisi\u00e7\u00e3o de Atestados \/ Certid\u00f5es<\/span> <span class=\"meta-nav\">&rarr;<\/span><\/a><\/p>\n","protected":false},"author":1,"featured_media":0,"parent":728,"menu_order":2,"comment_status":"closed","ping_status":"closed","template":"","meta":{"_monsterinsights_skip_tracking":false,"_monsterinsights_sitenote_active":false,"_monsterinsights_sitenote_note":"","_monsterinsights_sitenote_category":0,"ngg_post_thumbnail":0,"footnotes":""},"class_list":["post-89","page","type-page","status-publish","hentry"],"yoast_head":"<!-- This site is optimized with the Yoast SEO plugin v27.4 - https:\/\/yoast.com\/product\/yoast-seo-wordpress\/ -->\n<title>Requisi\u00e7\u00e3o de Atestados \/ Certid\u00f5es - Junta de Freguesia de S\u00e3o Br\u00e1s de Alportel<\/title>\n<meta name=\"robots\" content=\"index, follow, max-snippet:-1, max-image-preview:large, max-video-preview:-1\" \/>\n<link rel=\"canonical\" href=\"https:\/\/jf-sbrasalportel.pt\/jfsba\/servicos\/administrativos\/requisicao-de-atestados\/\" \/>\n<meta property=\"og:locale\" content=\"pt_PT\" \/>\n<meta property=\"og:type\" content=\"article\" \/>\n<meta property=\"og:title\" content=\"Requisi\u00e7\u00e3o de Atestados \/ Certid\u00f5es - Junta de Freguesia de S\u00e3o Br\u00e1s de Alportel\" \/>\n<meta property=\"og:description\" content=\"Tipo de atestados: Resid\u00eancia Vida Situa\u00e7\u00e3o Econ\u00f3mica Outras situa\u00e7\u00f5es Documentos necess\u00e1rios: Requerimento preenchido e assinado &#8211; Atestado; Documentos que comprovem a situa\u00e7\u00e3o a atestar; Declara\u00e7\u00e3o de Consentimento para Recolha e Tratamento de Dados Se n\u00e3o o pr\u00f3prio a apresentar o requerimento &#8211; Autoriza\u00e7\u00e3o a terceiros \u00a0Condi\u00e7\u00f5es: Quando o requerente n\u00e3o possui documento de identifica\u00e7\u00e3o c\/ &hellip; Continuar a lerRequisi\u00e7\u00e3o de Atestados \/ Certid\u00f5es &rarr;\" \/>\n<meta property=\"og:url\" content=\"https:\/\/jf-sbrasalportel.pt\/jfsba\/servicos\/administrativos\/requisicao-de-atestados\/\" \/>\n<meta property=\"og:site_name\" content=\"Junta de Freguesia de S\u00e3o Br\u00e1s de Alportel\" \/>\n<meta property=\"article:modified_time\" content=\"2025-12-22T14:33:26+00:00\" \/>\n<meta name=\"twitter:card\" content=\"summary_large_image\" \/>\n<meta name=\"twitter:label1\" content=\"Tempo estimado de leitura\" \/>\n\t<meta name=\"twitter:data1\" content=\"1 minuto\" \/>\n<script type=\"application\/ld+json\" class=\"yoast-schema-graph\">{\"@context\":\"https:\\\/\\\/schema.org\",\"@graph\":[{\"@type\":\"WebPage\",\"@id\":\"https:\\\/\\\/jf-sbrasalportel.pt\\\/jfsba\\\/servicos\\\/administrativos\\\/requisicao-de-atestados\\\/\",\"url\":\"https:\\\/\\\/jf-sbrasalportel.pt\\\/jfsba\\\/servicos\\\/administrativos\\\/requisicao-de-atestados\\\/\",\"name\":\"Requisi\u00e7\u00e3o de Atestados \\\/ Certid\u00f5es - Junta de Freguesia de S\u00e3o Br\u00e1s de Alportel\",\"isPartOf\":{\"@id\":\"https:\\\/\\\/jf-sbrasalportel.pt\\\/jfsba\\\/#website\"},\"datePublished\":\"2014-05-20T16:31:19+00:00\",\"dateModified\":\"2025-12-22T14:33:26+00:00\",\"breadcrumb\":{\"@id\":\"https:\\\/\\\/jf-sbrasalportel.pt\\\/jfsba\\\/servicos\\\/administrativos\\\/requisicao-de-atestados\\\/#breadcrumb\"},\"inLanguage\":\"pt-PT\",\"potentialAction\":[{\"@type\":\"ReadAction\",\"target\":[\"https:\\\/\\\/jf-sbrasalportel.pt\\\/jfsba\\\/servicos\\\/administrativos\\\/requisicao-de-atestados\\\/\"]}]},{\"@type\":\"BreadcrumbList\",\"@id\":\"https:\\\/\\\/jf-sbrasalportel.pt\\\/jfsba\\\/servicos\\\/administrativos\\\/requisicao-de-atestados\\\/#breadcrumb\",\"itemListElement\":[{\"@type\":\"ListItem\",\"position\":1,\"name\":\"In\u00edcio\",\"item\":\"https:\\\/\\\/jf-sbrasalportel.pt\\\/jfsba\\\/\"},{\"@type\":\"ListItem\",\"position\":2,\"name\":\": : : : : : : : : : : : : : : : Servi\u00e7os : : : : : : : : : : : : : : : :\",\"item\":\"https:\\\/\\\/jf-sbrasalportel.pt\\\/jfsba\\\/servicos\\\/\"},{\"@type\":\"ListItem\",\"position\":3,\"name\":\"Administrativos\",\"item\":\"https:\\\/\\\/jf-sbrasalportel.pt\\\/jfsba\\\/servicos\\\/administrativos\\\/\"},{\"@type\":\"ListItem\",\"position\":4,\"name\":\"Requisi\u00e7\u00e3o de Atestados \\\/ Certid\u00f5es\"}]},{\"@type\":\"WebSite\",\"@id\":\"https:\\\/\\\/jf-sbrasalportel.pt\\\/jfsba\\\/#website\",\"url\":\"https:\\\/\\\/jf-sbrasalportel.pt\\\/jfsba\\\/\",\"name\":\"Junta de Freguesia de S\u00e3o Br\u00e1s de Alportel\",\"description\":\"Site institucional da Freguesia de S\u00e3o Br\u00e1s de Alportel\",\"potentialAction\":[{\"@type\":\"SearchAction\",\"target\":{\"@type\":\"EntryPoint\",\"urlTemplate\":\"https:\\\/\\\/jf-sbrasalportel.pt\\\/jfsba\\\/?s={search_term_string}\"},\"query-input\":{\"@type\":\"PropertyValueSpecification\",\"valueRequired\":true,\"valueName\":\"search_term_string\"}}],\"inLanguage\":\"pt-PT\"}]}<\/script>\n<!-- \/ Yoast SEO plugin. -->","yoast_head_json":{"title":"Requisi\u00e7\u00e3o de Atestados \/ Certid\u00f5es - Junta de Freguesia de S\u00e3o Br\u00e1s de Alportel","robots":{"index":"index","follow":"follow","max-snippet":"max-snippet:-1","max-image-preview":"max-image-preview:large","max-video-preview":"max-video-preview:-1"},"canonical":"https:\/\/jf-sbrasalportel.pt\/jfsba\/servicos\/administrativos\/requisicao-de-atestados\/","og_locale":"pt_PT","og_type":"article","og_title":"Requisi\u00e7\u00e3o de Atestados \/ Certid\u00f5es - Junta de Freguesia de S\u00e3o Br\u00e1s de Alportel","og_description":"Tipo de atestados: Resid\u00eancia Vida Situa\u00e7\u00e3o Econ\u00f3mica Outras situa\u00e7\u00f5es Documentos necess\u00e1rios: Requerimento preenchido e assinado &#8211; Atestado; Documentos que comprovem a situa\u00e7\u00e3o a atestar; Declara\u00e7\u00e3o de Consentimento para Recolha e Tratamento de Dados Se n\u00e3o o pr\u00f3prio a apresentar o requerimento &#8211; Autoriza\u00e7\u00e3o a terceiros \u00a0Condi\u00e7\u00f5es: Quando o requerente n\u00e3o possui documento de identifica\u00e7\u00e3o c\/ &hellip; Continuar a lerRequisi\u00e7\u00e3o de Atestados \/ Certid\u00f5es &rarr;","og_url":"https:\/\/jf-sbrasalportel.pt\/jfsba\/servicos\/administrativos\/requisicao-de-atestados\/","og_site_name":"Junta de Freguesia de S\u00e3o Br\u00e1s de Alportel","article_modified_time":"2025-12-22T14:33:26+00:00","twitter_card":"summary_large_image","twitter_misc":{"Tempo estimado de leitura":"1 minuto"},"schema":{"@context":"https:\/\/schema.org","@graph":[{"@type":"WebPage","@id":"https:\/\/jf-sbrasalportel.pt\/jfsba\/servicos\/administrativos\/requisicao-de-atestados\/","url":"https:\/\/jf-sbrasalportel.pt\/jfsba\/servicos\/administrativos\/requisicao-de-atestados\/","name":"Requisi\u00e7\u00e3o de Atestados \/ Certid\u00f5es - Junta de Freguesia de S\u00e3o Br\u00e1s de Alportel","isPartOf":{"@id":"https:\/\/jf-sbrasalportel.pt\/jfsba\/#website"},"datePublished":"2014-05-20T16:31:19+00:00","dateModified":"2025-12-22T14:33:26+00:00","breadcrumb":{"@id":"https:\/\/jf-sbrasalportel.pt\/jfsba\/servicos\/administrativos\/requisicao-de-atestados\/#breadcrumb"},"inLanguage":"pt-PT","potentialAction":[{"@type":"ReadAction","target":["https:\/\/jf-sbrasalportel.pt\/jfsba\/servicos\/administrativos\/requisicao-de-atestados\/"]}]},{"@type":"BreadcrumbList","@id":"https:\/\/jf-sbrasalportel.pt\/jfsba\/servicos\/administrativos\/requisicao-de-atestados\/#breadcrumb","itemListElement":[{"@type":"ListItem","position":1,"name":"In\u00edcio","item":"https:\/\/jf-sbrasalportel.pt\/jfsba\/"},{"@type":"ListItem","position":2,"name":": : : : : : : : : : : : : : : : Servi\u00e7os : : : : : : : : : : : : : : : :","item":"https:\/\/jf-sbrasalportel.pt\/jfsba\/servicos\/"},{"@type":"ListItem","position":3,"name":"Administrativos","item":"https:\/\/jf-sbrasalportel.pt\/jfsba\/servicos\/administrativos\/"},{"@type":"ListItem","position":4,"name":"Requisi\u00e7\u00e3o de Atestados \/ Certid\u00f5es"}]},{"@type":"WebSite","@id":"https:\/\/jf-sbrasalportel.pt\/jfsba\/#website","url":"https:\/\/jf-sbrasalportel.pt\/jfsba\/","name":"Junta de Freguesia de S\u00e3o Br\u00e1s de Alportel","description":"Site institucional da Freguesia de S\u00e3o Br\u00e1s de Alportel","potentialAction":[{"@type":"SearchAction","target":{"@type":"EntryPoint","urlTemplate":"https:\/\/jf-sbrasalportel.pt\/jfsba\/?s={search_term_string}"},"query-input":{"@type":"PropertyValueSpecification","valueRequired":true,"valueName":"search_term_string"}}],"inLanguage":"pt-PT"}]}},"_links":{"self":[{"href":"https:\/\/jf-sbrasalportel.pt\/jfsba\/wp-json\/wp\/v2\/pages\/89","targetHints":{"allow":["GET"]}}],"collection":[{"href":"https:\/\/jf-sbrasalportel.pt\/jfsba\/wp-json\/wp\/v2\/pages"}],"about":[{"href":"https:\/\/jf-sbrasalportel.pt\/jfsba\/wp-json\/wp\/v2\/types\/page"}],"author":[{"embeddable":true,"href":"https:\/\/jf-sbrasalportel.pt\/jfsba\/wp-json\/wp\/v2\/users\/1"}],"replies":[{"embeddable":true,"href":"https:\/\/jf-sbrasalportel.pt\/jfsba\/wp-json\/wp\/v2\/comments?post=89"}],"version-history":[{"count":53,"href":"https:\/\/jf-sbrasalportel.pt\/jfsba\/wp-json\/wp\/v2\/pages\/89\/revisions"}],"predecessor-version":[{"id":5127,"href":"https:\/\/jf-sbrasalportel.pt\/jfsba\/wp-json\/wp\/v2\/pages\/89\/revisions\/5127"}],"up":[{"embeddable":true,"href":"https:\/\/jf-sbrasalportel.pt\/jfsba\/wp-json\/wp\/v2\/pages\/728"}],"wp:attachment":[{"href":"https:\/\/jf-sbrasalportel.pt\/jfsba\/wp-json\/wp\/v2\/media?parent=89"}],"curies":[{"name":"wp","href":"https:\/\/api.w.org\/{rel}","templated":true}]}}