{"id":79,"date":"2014-05-20T16:30:43","date_gmt":"2014-05-20T16:30:43","guid":{"rendered":"http:\/\/jf-sbrasalportel.pt\/jf\/?page_id=79"},"modified":"2025-12-22T14:50:41","modified_gmt":"2025-12-22T14:50:41","slug":"autenticacao-de-documentos","status":"publish","type":"page","link":"https:\/\/jf-sbrasalportel.pt\/jfsba\/servicos\/administrativos\/autenticacao-de-documentos\/","title":{"rendered":"Certifica\u00e7\u00e3o de Fotoc\u00f3pias"},"content":{"rendered":"<p><strong><span style=\"text-decoration: underline;\">Documentos necess\u00e1rios:<\/span><\/strong><\/p>\n<ul>\n<li>Apresenta\u00e7\u00e3o dos originais dos documentos a certificar.<\/li>\n<li><a href=\"https:\/\/jf-sbrasalportel.pt\/jfsba\/wp-content\/uploads\/2020\/01\/Declara\u00e7\u00e3o-de-Consentimento-para-Recolha-e-Tratamento-de-Dados.pdf\">Declara\u00e7\u00e3o de Consentimento para Recolha e Tratamento de Dados<\/a><\/li>\n<li>Se n\u00e3o o pr\u00f3prio o tratar &#8211;\u00a0<a href=\"https:\/\/jf-sbrasalportel.pt\/jfsba\/wp-content\/uploads\/2020\/01\/Autoriza\u00e7\u00e3o-a-terceiros.pdf\">Autoriza\u00e7\u00e3o a terceiros<\/a><\/li>\n<\/ul>\n<p><strong><span style=\"text-decoration: underline;\">Custo:<\/span><\/strong><\/p>\n<ul>\n<li><a href=\"https:\/\/jf-sbrasalportel.pt\/jfsba\/wp-content\/uploads\/2025\/12\/2026-1.pdf\">Tabela Taxas e Licen\u00e7as 2026<\/a><\/li>\n<\/ul>\n","protected":false},"excerpt":{"rendered":"<p>Documentos necess\u00e1rios: Apresenta\u00e7\u00e3o dos originais dos documentos a certificar. Declara\u00e7\u00e3o de Consentimento para Recolha e Tratamento de Dados Se n\u00e3o o pr\u00f3prio o tratar &#8211;\u00a0Autoriza\u00e7\u00e3o a terceiros Custo: Tabela Taxas e Licen\u00e7as 2026<\/p>\n","protected":false},"author":1,"featured_media":0,"parent":728,"menu_order":1,"comment_status":"closed","ping_status":"closed","template":"","meta":{"_monsterinsights_skip_tracking":false,"_monsterinsights_sitenote_active":false,"_monsterinsights_sitenote_note":"","_monsterinsights_sitenote_category":0,"ngg_post_thumbnail":0,"footnotes":""},"class_list":["post-79","page","type-page","status-publish","hentry"],"yoast_head":"<!-- This site is optimized with the Yoast SEO plugin v27.4 - https:\/\/yoast.com\/product\/yoast-seo-wordpress\/ -->\n<title>Certifica\u00e7\u00e3o de Fotoc\u00f3pias - Junta de Freguesia de S\u00e3o Br\u00e1s de Alportel<\/title>\n<meta name=\"robots\" content=\"index, follow, max-snippet:-1, max-image-preview:large, max-video-preview:-1\" \/>\n<link rel=\"canonical\" href=\"https:\/\/jf-sbrasalportel.pt\/jfsba\/servicos\/administrativos\/autenticacao-de-documentos\/\" \/>\n<meta property=\"og:locale\" content=\"pt_PT\" \/>\n<meta property=\"og:type\" content=\"article\" \/>\n<meta property=\"og:title\" content=\"Certifica\u00e7\u00e3o de Fotoc\u00f3pias - Junta de Freguesia de S\u00e3o Br\u00e1s de Alportel\" \/>\n<meta property=\"og:description\" content=\"Documentos necess\u00e1rios: Apresenta\u00e7\u00e3o dos originais dos documentos a certificar. Declara\u00e7\u00e3o de Consentimento para Recolha e Tratamento de Dados Se n\u00e3o o pr\u00f3prio o tratar &#8211;\u00a0Autoriza\u00e7\u00e3o a terceiros Custo: Tabela Taxas e Licen\u00e7as 2026\" \/>\n<meta property=\"og:url\" content=\"https:\/\/jf-sbrasalportel.pt\/jfsba\/servicos\/administrativos\/autenticacao-de-documentos\/\" \/>\n<meta property=\"og:site_name\" content=\"Junta de Freguesia de S\u00e3o Br\u00e1s de Alportel\" \/>\n<meta property=\"article:modified_time\" content=\"2025-12-22T14:50:41+00:00\" \/>\n<meta name=\"twitter:card\" content=\"summary_large_image\" \/>\n<script type=\"application\/ld+json\" class=\"yoast-schema-graph\">{\"@context\":\"https:\\\/\\\/schema.org\",\"@graph\":[{\"@type\":\"WebPage\",\"@id\":\"https:\\\/\\\/jf-sbrasalportel.pt\\\/jfsba\\\/servicos\\\/administrativos\\\/autenticacao-de-documentos\\\/\",\"url\":\"https:\\\/\\\/jf-sbrasalportel.pt\\\/jfsba\\\/servicos\\\/administrativos\\\/autenticacao-de-documentos\\\/\",\"name\":\"Certifica\u00e7\u00e3o de Fotoc\u00f3pias - Junta de Freguesia de S\u00e3o Br\u00e1s de Alportel\",\"isPartOf\":{\"@id\":\"https:\\\/\\\/jf-sbrasalportel.pt\\\/jfsba\\\/#website\"},\"datePublished\":\"2014-05-20T16:30:43+00:00\",\"dateModified\":\"2025-12-22T14:50:41+00:00\",\"breadcrumb\":{\"@id\":\"https:\\\/\\\/jf-sbrasalportel.pt\\\/jfsba\\\/servicos\\\/administrativos\\\/autenticacao-de-documentos\\\/#breadcrumb\"},\"inLanguage\":\"pt-PT\",\"potentialAction\":[{\"@type\":\"ReadAction\",\"target\":[\"https:\\\/\\\/jf-sbrasalportel.pt\\\/jfsba\\\/servicos\\\/administrativos\\\/autenticacao-de-documentos\\\/\"]}]},{\"@type\":\"BreadcrumbList\",\"@id\":\"https:\\\/\\\/jf-sbrasalportel.pt\\\/jfsba\\\/servicos\\\/administrativos\\\/autenticacao-de-documentos\\\/#breadcrumb\",\"itemListElement\":[{\"@type\":\"ListItem\",\"position\":1,\"name\":\"In\u00edcio\",\"item\":\"https:\\\/\\\/jf-sbrasalportel.pt\\\/jfsba\\\/\"},{\"@type\":\"ListItem\",\"position\":2,\"name\":\": : : : : : : : : : : : : : : : Servi\u00e7os : : : : : : : : : : : : : : : :\",\"item\":\"https:\\\/\\\/jf-sbrasalportel.pt\\\/jfsba\\\/servicos\\\/\"},{\"@type\":\"ListItem\",\"position\":3,\"name\":\"Administrativos\",\"item\":\"https:\\\/\\\/jf-sbrasalportel.pt\\\/jfsba\\\/servicos\\\/administrativos\\\/\"},{\"@type\":\"ListItem\",\"position\":4,\"name\":\"Certifica\u00e7\u00e3o de Fotoc\u00f3pias\"}]},{\"@type\":\"WebSite\",\"@id\":\"https:\\\/\\\/jf-sbrasalportel.pt\\\/jfsba\\\/#website\",\"url\":\"https:\\\/\\\/jf-sbrasalportel.pt\\\/jfsba\\\/\",\"name\":\"Junta de Freguesia de S\u00e3o Br\u00e1s de Alportel\",\"description\":\"Site institucional da Freguesia de S\u00e3o Br\u00e1s de Alportel\",\"potentialAction\":[{\"@type\":\"SearchAction\",\"target\":{\"@type\":\"EntryPoint\",\"urlTemplate\":\"https:\\\/\\\/jf-sbrasalportel.pt\\\/jfsba\\\/?s={search_term_string}\"},\"query-input\":{\"@type\":\"PropertyValueSpecification\",\"valueRequired\":true,\"valueName\":\"search_term_string\"}}],\"inLanguage\":\"pt-PT\"}]}<\/script>\n<!-- \/ Yoast SEO plugin. -->","yoast_head_json":{"title":"Certifica\u00e7\u00e3o de Fotoc\u00f3pias - Junta de Freguesia de S\u00e3o Br\u00e1s de Alportel","robots":{"index":"index","follow":"follow","max-snippet":"max-snippet:-1","max-image-preview":"max-image-preview:large","max-video-preview":"max-video-preview:-1"},"canonical":"https:\/\/jf-sbrasalportel.pt\/jfsba\/servicos\/administrativos\/autenticacao-de-documentos\/","og_locale":"pt_PT","og_type":"article","og_title":"Certifica\u00e7\u00e3o de Fotoc\u00f3pias - Junta de Freguesia de S\u00e3o Br\u00e1s de Alportel","og_description":"Documentos necess\u00e1rios: Apresenta\u00e7\u00e3o dos originais dos documentos a certificar. Declara\u00e7\u00e3o de Consentimento para Recolha e Tratamento de Dados Se n\u00e3o o pr\u00f3prio o tratar &#8211;\u00a0Autoriza\u00e7\u00e3o a terceiros Custo: Tabela Taxas e Licen\u00e7as 2026","og_url":"https:\/\/jf-sbrasalportel.pt\/jfsba\/servicos\/administrativos\/autenticacao-de-documentos\/","og_site_name":"Junta de Freguesia de S\u00e3o Br\u00e1s de Alportel","article_modified_time":"2025-12-22T14:50:41+00:00","twitter_card":"summary_large_image","schema":{"@context":"https:\/\/schema.org","@graph":[{"@type":"WebPage","@id":"https:\/\/jf-sbrasalportel.pt\/jfsba\/servicos\/administrativos\/autenticacao-de-documentos\/","url":"https:\/\/jf-sbrasalportel.pt\/jfsba\/servicos\/administrativos\/autenticacao-de-documentos\/","name":"Certifica\u00e7\u00e3o de Fotoc\u00f3pias - Junta de Freguesia de S\u00e3o Br\u00e1s de Alportel","isPartOf":{"@id":"https:\/\/jf-sbrasalportel.pt\/jfsba\/#website"},"datePublished":"2014-05-20T16:30:43+00:00","dateModified":"2025-12-22T14:50:41+00:00","breadcrumb":{"@id":"https:\/\/jf-sbrasalportel.pt\/jfsba\/servicos\/administrativos\/autenticacao-de-documentos\/#breadcrumb"},"inLanguage":"pt-PT","potentialAction":[{"@type":"ReadAction","target":["https:\/\/jf-sbrasalportel.pt\/jfsba\/servicos\/administrativos\/autenticacao-de-documentos\/"]}]},{"@type":"BreadcrumbList","@id":"https:\/\/jf-sbrasalportel.pt\/jfsba\/servicos\/administrativos\/autenticacao-de-documentos\/#breadcrumb","itemListElement":[{"@type":"ListItem","position":1,"name":"In\u00edcio","item":"https:\/\/jf-sbrasalportel.pt\/jfsba\/"},{"@type":"ListItem","position":2,"name":": : : : : : : : : : : : : : : : Servi\u00e7os : : : : : : : : : : : : : : : :","item":"https:\/\/jf-sbrasalportel.pt\/jfsba\/servicos\/"},{"@type":"ListItem","position":3,"name":"Administrativos","item":"https:\/\/jf-sbrasalportel.pt\/jfsba\/servicos\/administrativos\/"},{"@type":"ListItem","position":4,"name":"Certifica\u00e7\u00e3o de Fotoc\u00f3pias"}]},{"@type":"WebSite","@id":"https:\/\/jf-sbrasalportel.pt\/jfsba\/#website","url":"https:\/\/jf-sbrasalportel.pt\/jfsba\/","name":"Junta de Freguesia de S\u00e3o Br\u00e1s de Alportel","description":"Site institucional da Freguesia de S\u00e3o Br\u00e1s de Alportel","potentialAction":[{"@type":"SearchAction","target":{"@type":"EntryPoint","urlTemplate":"https:\/\/jf-sbrasalportel.pt\/jfsba\/?s={search_term_string}"},"query-input":{"@type":"PropertyValueSpecification","valueRequired":true,"valueName":"search_term_string"}}],"inLanguage":"pt-PT"}]}},"_links":{"self":[{"href":"https:\/\/jf-sbrasalportel.pt\/jfsba\/wp-json\/wp\/v2\/pages\/79","targetHints":{"allow":["GET"]}}],"collection":[{"href":"https:\/\/jf-sbrasalportel.pt\/jfsba\/wp-json\/wp\/v2\/pages"}],"about":[{"href":"https:\/\/jf-sbrasalportel.pt\/jfsba\/wp-json\/wp\/v2\/types\/page"}],"author":[{"embeddable":true,"href":"https:\/\/jf-sbrasalportel.pt\/jfsba\/wp-json\/wp\/v2\/users\/1"}],"replies":[{"embeddable":true,"href":"https:\/\/jf-sbrasalportel.pt\/jfsba\/wp-json\/wp\/v2\/comments?post=79"}],"version-history":[{"count":38,"href":"https:\/\/jf-sbrasalportel.pt\/jfsba\/wp-json\/wp\/v2\/pages\/79\/revisions"}],"predecessor-version":[{"id":5125,"href":"https:\/\/jf-sbrasalportel.pt\/jfsba\/wp-json\/wp\/v2\/pages\/79\/revisions\/5125"}],"up":[{"embeddable":true,"href":"https:\/\/jf-sbrasalportel.pt\/jfsba\/wp-json\/wp\/v2\/pages\/728"}],"wp:attachment":[{"href":"https:\/\/jf-sbrasalportel.pt\/jfsba\/wp-json\/wp\/v2\/media?parent=79"}],"curies":[{"name":"wp","href":"https:\/\/api.w.org\/{rel}","templated":true}]}}