{"id":612,"date":"2014-07-04T09:47:31","date_gmt":"2014-07-04T09:47:31","guid":{"rendered":"http:\/\/jf-sbrasalportel.pt\/jf\/?page_id=612"},"modified":"2025-12-22T14:35:10","modified_gmt":"2025-12-22T14:35:10","slug":"fotocopias-autenticas-de-documentos-arquivados","status":"publish","type":"page","link":"https:\/\/jf-sbrasalportel.pt\/jfsba\/servicos\/administrativos\/fotocopias-autenticas-de-documentos-arquivados\/","title":{"rendered":"Fotoc\u00f3pias aut\u00eanticas de documentos arquivados"},"content":{"rendered":"<p>Documentos necess\u00e1rios:<\/p>\n<ul>\n<li data-tadv-p=\"keep\"><a href=\"https:\/\/jf-sbrasalportel.pt\/jfsba\/wp-content\/uploads\/2020\/01\/Declara\u00e7\u00e3o-de-Consentimento-para-Recolha-e-Tratamento-de-Dados.pdf\">Declara\u00e7\u00e3o de Consentimento para Recolha e Tratamento de Dados<\/a><\/li>\n<li data-tadv-p=\"keep\">Se n\u00e3o o pr\u00f3prio a tratar &#8211; <a href=\"https:\/\/jf-sbrasalportel.pt\/jfsba\/wp-content\/uploads\/2020\/01\/Autoriza\u00e7\u00e3o-a-terceiros.pdf\">Autoriza\u00e7\u00e3o a terceiros<\/a><\/li>\n<\/ul>\n<p><strong><span style=\"text-decoration: underline;\">Custo:<\/span><\/strong><\/p>\n<ul>\n<li><a href=\"https:\/\/jf-sbrasalportel.pt\/jfsba\/wp-content\/uploads\/2025\/12\/2026-1.pdf\">Tabela Taxas e Licen\u00e7as 2026<\/a><\/li>\n<\/ul>\n","protected":false},"excerpt":{"rendered":"<p>Documentos necess\u00e1rios: Declara\u00e7\u00e3o de Consentimento para Recolha e Tratamento de Dados Se n\u00e3o o pr\u00f3prio a tratar &#8211; Autoriza\u00e7\u00e3o a terceiros Custo: Tabela Taxas e Licen\u00e7as 2026<\/p>\n","protected":false},"author":1,"featured_media":0,"parent":728,"menu_order":5,"comment_status":"closed","ping_status":"closed","template":"","meta":{"_monsterinsights_skip_tracking":false,"_monsterinsights_sitenote_active":false,"_monsterinsights_sitenote_note":"","_monsterinsights_sitenote_category":0,"ngg_post_thumbnail":0,"footnotes":""},"class_list":["post-612","page","type-page","status-publish","hentry"],"yoast_head":"<!-- This site is optimized with the Yoast SEO plugin v27.4 - https:\/\/yoast.com\/product\/yoast-seo-wordpress\/ -->\n<title>Fotoc\u00f3pias aut\u00eanticas de documentos arquivados - Junta de Freguesia de S\u00e3o Br\u00e1s de Alportel<\/title>\n<meta name=\"robots\" content=\"index, follow, max-snippet:-1, max-image-preview:large, max-video-preview:-1\" \/>\n<link rel=\"canonical\" href=\"https:\/\/jf-sbrasalportel.pt\/jfsba\/servicos\/administrativos\/fotocopias-autenticas-de-documentos-arquivados\/\" \/>\n<meta property=\"og:locale\" content=\"pt_PT\" \/>\n<meta property=\"og:type\" content=\"article\" \/>\n<meta property=\"og:title\" content=\"Fotoc\u00f3pias aut\u00eanticas de documentos arquivados - Junta de Freguesia de S\u00e3o Br\u00e1s de Alportel\" \/>\n<meta property=\"og:description\" content=\"Documentos necess\u00e1rios: Declara\u00e7\u00e3o de Consentimento para Recolha e Tratamento de Dados Se n\u00e3o o pr\u00f3prio a tratar &#8211; Autoriza\u00e7\u00e3o a terceiros Custo: Tabela Taxas e Licen\u00e7as 2026\" \/>\n<meta property=\"og:url\" content=\"https:\/\/jf-sbrasalportel.pt\/jfsba\/servicos\/administrativos\/fotocopias-autenticas-de-documentos-arquivados\/\" \/>\n<meta property=\"og:site_name\" content=\"Junta de Freguesia de S\u00e3o Br\u00e1s de Alportel\" \/>\n<meta property=\"article:modified_time\" content=\"2025-12-22T14:35:10+00:00\" \/>\n<meta name=\"twitter:card\" content=\"summary_large_image\" \/>\n<meta name=\"twitter:label1\" content=\"Tempo estimado de leitura\" \/>\n\t<meta name=\"twitter:data1\" content=\"1 minuto\" \/>\n<script type=\"application\/ld+json\" class=\"yoast-schema-graph\">{\"@context\":\"https:\\\/\\\/schema.org\",\"@graph\":[{\"@type\":\"WebPage\",\"@id\":\"https:\\\/\\\/jf-sbrasalportel.pt\\\/jfsba\\\/servicos\\\/administrativos\\\/fotocopias-autenticas-de-documentos-arquivados\\\/\",\"url\":\"https:\\\/\\\/jf-sbrasalportel.pt\\\/jfsba\\\/servicos\\\/administrativos\\\/fotocopias-autenticas-de-documentos-arquivados\\\/\",\"name\":\"Fotoc\u00f3pias aut\u00eanticas de documentos arquivados - Junta de Freguesia de S\u00e3o Br\u00e1s de Alportel\",\"isPartOf\":{\"@id\":\"https:\\\/\\\/jf-sbrasalportel.pt\\\/jfsba\\\/#website\"},\"datePublished\":\"2014-07-04T09:47:31+00:00\",\"dateModified\":\"2025-12-22T14:35:10+00:00\",\"breadcrumb\":{\"@id\":\"https:\\\/\\\/jf-sbrasalportel.pt\\\/jfsba\\\/servicos\\\/administrativos\\\/fotocopias-autenticas-de-documentos-arquivados\\\/#breadcrumb\"},\"inLanguage\":\"pt-PT\",\"potentialAction\":[{\"@type\":\"ReadAction\",\"target\":[\"https:\\\/\\\/jf-sbrasalportel.pt\\\/jfsba\\\/servicos\\\/administrativos\\\/fotocopias-autenticas-de-documentos-arquivados\\\/\"]}]},{\"@type\":\"BreadcrumbList\",\"@id\":\"https:\\\/\\\/jf-sbrasalportel.pt\\\/jfsba\\\/servicos\\\/administrativos\\\/fotocopias-autenticas-de-documentos-arquivados\\\/#breadcrumb\",\"itemListElement\":[{\"@type\":\"ListItem\",\"position\":1,\"name\":\"In\u00edcio\",\"item\":\"https:\\\/\\\/jf-sbrasalportel.pt\\\/jfsba\\\/\"},{\"@type\":\"ListItem\",\"position\":2,\"name\":\": : : : : : : : : : : : : : : : Servi\u00e7os : : : : : : : : : : : : : : : :\",\"item\":\"https:\\\/\\\/jf-sbrasalportel.pt\\\/jfsba\\\/servicos\\\/\"},{\"@type\":\"ListItem\",\"position\":3,\"name\":\"Administrativos\",\"item\":\"https:\\\/\\\/jf-sbrasalportel.pt\\\/jfsba\\\/servicos\\\/administrativos\\\/\"},{\"@type\":\"ListItem\",\"position\":4,\"name\":\"Fotoc\u00f3pias aut\u00eanticas de documentos arquivados\"}]},{\"@type\":\"WebSite\",\"@id\":\"https:\\\/\\\/jf-sbrasalportel.pt\\\/jfsba\\\/#website\",\"url\":\"https:\\\/\\\/jf-sbrasalportel.pt\\\/jfsba\\\/\",\"name\":\"Junta de Freguesia de S\u00e3o Br\u00e1s de Alportel\",\"description\":\"Site institucional da Freguesia de S\u00e3o Br\u00e1s de Alportel\",\"potentialAction\":[{\"@type\":\"SearchAction\",\"target\":{\"@type\":\"EntryPoint\",\"urlTemplate\":\"https:\\\/\\\/jf-sbrasalportel.pt\\\/jfsba\\\/?s={search_term_string}\"},\"query-input\":{\"@type\":\"PropertyValueSpecification\",\"valueRequired\":true,\"valueName\":\"search_term_string\"}}],\"inLanguage\":\"pt-PT\"}]}<\/script>\n<!-- \/ Yoast SEO plugin. -->","yoast_head_json":{"title":"Fotoc\u00f3pias aut\u00eanticas de documentos arquivados - Junta de Freguesia de S\u00e3o Br\u00e1s de Alportel","robots":{"index":"index","follow":"follow","max-snippet":"max-snippet:-1","max-image-preview":"max-image-preview:large","max-video-preview":"max-video-preview:-1"},"canonical":"https:\/\/jf-sbrasalportel.pt\/jfsba\/servicos\/administrativos\/fotocopias-autenticas-de-documentos-arquivados\/","og_locale":"pt_PT","og_type":"article","og_title":"Fotoc\u00f3pias aut\u00eanticas de documentos arquivados - Junta de Freguesia de S\u00e3o Br\u00e1s de Alportel","og_description":"Documentos necess\u00e1rios: Declara\u00e7\u00e3o de Consentimento para Recolha e Tratamento de Dados Se n\u00e3o o pr\u00f3prio a tratar &#8211; Autoriza\u00e7\u00e3o a terceiros Custo: Tabela Taxas e Licen\u00e7as 2026","og_url":"https:\/\/jf-sbrasalportel.pt\/jfsba\/servicos\/administrativos\/fotocopias-autenticas-de-documentos-arquivados\/","og_site_name":"Junta de Freguesia de S\u00e3o Br\u00e1s de Alportel","article_modified_time":"2025-12-22T14:35:10+00:00","twitter_card":"summary_large_image","twitter_misc":{"Tempo estimado de leitura":"1 minuto"},"schema":{"@context":"https:\/\/schema.org","@graph":[{"@type":"WebPage","@id":"https:\/\/jf-sbrasalportel.pt\/jfsba\/servicos\/administrativos\/fotocopias-autenticas-de-documentos-arquivados\/","url":"https:\/\/jf-sbrasalportel.pt\/jfsba\/servicos\/administrativos\/fotocopias-autenticas-de-documentos-arquivados\/","name":"Fotoc\u00f3pias aut\u00eanticas de documentos arquivados - Junta de Freguesia de S\u00e3o Br\u00e1s de Alportel","isPartOf":{"@id":"https:\/\/jf-sbrasalportel.pt\/jfsba\/#website"},"datePublished":"2014-07-04T09:47:31+00:00","dateModified":"2025-12-22T14:35:10+00:00","breadcrumb":{"@id":"https:\/\/jf-sbrasalportel.pt\/jfsba\/servicos\/administrativos\/fotocopias-autenticas-de-documentos-arquivados\/#breadcrumb"},"inLanguage":"pt-PT","potentialAction":[{"@type":"ReadAction","target":["https:\/\/jf-sbrasalportel.pt\/jfsba\/servicos\/administrativos\/fotocopias-autenticas-de-documentos-arquivados\/"]}]},{"@type":"BreadcrumbList","@id":"https:\/\/jf-sbrasalportel.pt\/jfsba\/servicos\/administrativos\/fotocopias-autenticas-de-documentos-arquivados\/#breadcrumb","itemListElement":[{"@type":"ListItem","position":1,"name":"In\u00edcio","item":"https:\/\/jf-sbrasalportel.pt\/jfsba\/"},{"@type":"ListItem","position":2,"name":": : : : : : : : : : : : : : : : Servi\u00e7os : : : : : : : : : : : : : : : :","item":"https:\/\/jf-sbrasalportel.pt\/jfsba\/servicos\/"},{"@type":"ListItem","position":3,"name":"Administrativos","item":"https:\/\/jf-sbrasalportel.pt\/jfsba\/servicos\/administrativos\/"},{"@type":"ListItem","position":4,"name":"Fotoc\u00f3pias aut\u00eanticas de documentos arquivados"}]},{"@type":"WebSite","@id":"https:\/\/jf-sbrasalportel.pt\/jfsba\/#website","url":"https:\/\/jf-sbrasalportel.pt\/jfsba\/","name":"Junta de Freguesia de S\u00e3o Br\u00e1s de Alportel","description":"Site institucional da Freguesia de S\u00e3o Br\u00e1s de Alportel","potentialAction":[{"@type":"SearchAction","target":{"@type":"EntryPoint","urlTemplate":"https:\/\/jf-sbrasalportel.pt\/jfsba\/?s={search_term_string}"},"query-input":{"@type":"PropertyValueSpecification","valueRequired":true,"valueName":"search_term_string"}}],"inLanguage":"pt-PT"}]}},"_links":{"self":[{"href":"https:\/\/jf-sbrasalportel.pt\/jfsba\/wp-json\/wp\/v2\/pages\/612","targetHints":{"allow":["GET"]}}],"collection":[{"href":"https:\/\/jf-sbrasalportel.pt\/jfsba\/wp-json\/wp\/v2\/pages"}],"about":[{"href":"https:\/\/jf-sbrasalportel.pt\/jfsba\/wp-json\/wp\/v2\/types\/page"}],"author":[{"embeddable":true,"href":"https:\/\/jf-sbrasalportel.pt\/jfsba\/wp-json\/wp\/v2\/users\/1"}],"replies":[{"embeddable":true,"href":"https:\/\/jf-sbrasalportel.pt\/jfsba\/wp-json\/wp\/v2\/comments?post=612"}],"version-history":[{"count":23,"href":"https:\/\/jf-sbrasalportel.pt\/jfsba\/wp-json\/wp\/v2\/pages\/612\/revisions"}],"predecessor-version":[{"id":5130,"href":"https:\/\/jf-sbrasalportel.pt\/jfsba\/wp-json\/wp\/v2\/pages\/612\/revisions\/5130"}],"up":[{"embeddable":true,"href":"https:\/\/jf-sbrasalportel.pt\/jfsba\/wp-json\/wp\/v2\/pages\/728"}],"wp:attachment":[{"href":"https:\/\/jf-sbrasalportel.pt\/jfsba\/wp-json\/wp\/v2\/media?parent=612"}],"curies":[{"name":"wp","href":"https:\/\/api.w.org\/{rel}","templated":true}]}}