{"id":34,"date":"2014-05-20T14:50:09","date_gmt":"2014-05-20T14:50:09","guid":{"rendered":"http:\/\/jf-sbrasalportel.pt\/jf\/?page_id=34"},"modified":"2025-12-22T11:14:06","modified_gmt":"2025-12-22T11:14:06","slug":"atas","status":"publish","type":"page","link":"https:\/\/jf-sbrasalportel.pt\/jfsba\/a-_autarquia\/0_autarq_af\/atas\/","title":{"rendered":"Atas"},"content":{"rendered":"<p><strong>2025<br \/>\n<\/strong><a href=\"https:\/\/jf-sbrasalportel.pt\/jfsba\/wp-content\/uploads\/2025\/12\/ata-3.25.pdf\">Ata n\u00ba3 de 25.09.2025<\/a><strong><br \/>\n<\/strong><a href=\"https:\/\/jf-sbrasalportel.pt\/jfsba\/wp-content\/uploads\/2025\/11\/Ata-primeira-rasurada.pdf\">Ata da Primeira reuni\u00e3o de Funcionamento<\/a><strong><br \/>\n<\/strong><a href=\"https:\/\/jf-sbrasalportel.pt\/jfsba\/wp-content\/uploads\/2025\/11\/Ata-Instalacao-RGPD.pdf\">Ata Instala\u00e7\u00e3o 2025\/2029<\/a><br \/>\n<a href=\"https:\/\/jf-sbrasalportel.pt\/jfsba\/wp-content\/uploads\/2025\/12\/Ata-2-de-26.06.2025.pdf\">Ata n\u00ba2 de 26.06.2025<\/a><strong><br \/>\n<\/strong><a href=\"https:\/\/jf-sbrasalportel.pt\/jfsba\/wp-content\/uploads\/2025\/07\/Ata-1-de-23.04.2025.pdf\">At<\/a><a href=\"https:\/\/jf-sbrasalportel.pt\/jfsba\/wp-content\/uploads\/2025\/07\/Ata-1-de-23.04.2025.pdf\">a n\u00ba1 de 23.04.2025<\/a><strong><br \/>\n<\/strong><\/p>\n<p><strong>2024<br \/>\n<\/strong><a href=\"https:\/\/jf-sbrasalportel.pt\/jfsba\/wp-content\/uploads\/2025\/04\/ata.pdf\">Ata n\u00ba4 de 18.12.2024<\/a><strong><br \/>\n<\/strong><a href=\"https:\/\/jf-sbrasalportel.pt\/jfsba\/wp-content\/uploads\/2024\/12\/Ata-no3-de-26.09.2024.pdf\">Ata n\u00ba3 de 26.09.2024<\/a><br \/>\n<a style=\"font-size: revert;\" href=\"https:\/\/jf-sbrasalportel.pt\/jfsba\/wp-content\/uploads\/2024\/10\/2.pdf\">Ata n\u00ba2 de 27.06.2024<\/a><br \/>\n<a href=\"https:\/\/jf-sbrasalportel.pt\/jfsba\/wp-content\/uploads\/2024\/07\/Ata-no1-de-24.04.2024.pdf\">Ata n\u00ba1 de 24.04.2024<\/a><br \/>\n<a href=\"https:\/\/jf-sbrasalportel.pt\/jfsba\/wp-content\/uploads\/2024\/07\/extra.pdf\">Assembleia Extraordin\u00e1ria &#8211; 30.01.2024<\/a><\/p>\n<p><strong>2023<br \/>\n<\/strong><a href=\"https:\/\/jf-sbrasalportel.pt\/jfsba\/wp-content\/uploads\/2024\/04\/Ata-no04-de-27.12.2023.pdf\">Ata n\u00ba04 de 27.12.2023<\/a><br \/>\n<a href=\"https:\/\/jf-sbrasalportel.pt\/jfsba\/wp-content\/uploads\/2024\/04\/Ata-no03-de-28.09.2023.pdf\">Ata n\u00ba03 de 28.09.2023<\/a><br \/>\n<a href=\"https:\/\/jf-sbrasalportel.pt\/jfsba\/wp-content\/uploads\/2024\/04\/Ata-no02-de-26.06.2023.pdf\">Ata n\u00ba02 de 26.06.2023<\/a><br \/>\n<a href=\"https:\/\/jf-sbrasalportel.pt\/jfsba\/wp-content\/uploads\/2024\/04\/Ata-no01-de-27.04.2023.pdf\">Ata n\u00ba01 de 27.04.2023<\/a><\/p>\n<p><strong>2022<br \/>\n<\/strong><a href=\"https:\/\/jf-sbrasalportel.pt\/jfsba\/wp-content\/uploads\/2023\/05\/Ata-no4-de-19.12.2022.pdf\">Ata n\u00ba4 de 19.12.2022<\/a><br \/>\n<a href=\"https:\/\/jf-sbrasalportel.pt\/jfsba\/wp-content\/uploads\/2023\/05\/Ata-no3-de-29.09.2022.pdf\">Ata n\u00ba3 de 29.09.2022<\/a><br \/>\n<a href=\"https:\/\/jf-sbrasalportel.pt\/jfsba\/wp-content\/uploads\/2023\/05\/Ata-no2-de-30.06.2022-1.pdf\">Ata n\u00ba2 de 30.06.2022<\/a><br \/>\n<a href=\"https:\/\/jf-sbrasalportel.pt\/jfsba\/wp-content\/uploads\/2022\/08\/Ata-no1-de-08.04.2022.pdf\">Ata n\u00ba1 de 08.04.2022<\/a><strong><br \/>\n<\/strong><\/p>\n<p><strong>2021<br \/>\n<\/strong><a href=\"https:\/\/jf-sbrasalportel.pt\/jfsba\/wp-content\/uploads\/2022\/08\/Ata-no4-de-28.12.2021.pdf\">Ata n\u00ba4 de 28.12.2021<\/a><strong><br \/>\n<\/strong><a href=\"https:\/\/jf-sbrasalportel.pt\/jfsba\/wp-content\/uploads\/2022\/01\/Ata-no3-de-30.09.2021.pdf\">Ata n\u00ba3 de 30.09.2021<\/a><br \/>\n<a href=\"https:\/\/jf-sbrasalportel.pt\/jfsba\/wp-content\/uploads\/2021\/11\/Ata-no2-de-25.06.2021.pdf\">Ata n\u00ba2 de 25.06.2021<\/a><br \/>\n<a href=\"https:\/\/jf-sbrasalportel.pt\/jfsba\/wp-content\/uploads\/2021\/11\/Ata-no1-de-29.04.2021.pdf\">Ata n\u00ba1 de 29.04.2021<\/a><\/p>\n<p><strong>2020<br \/>\n<\/strong><a href=\"https:\/\/jf-sbrasalportel.pt\/jfsba\/wp-content\/uploads\/2021\/11\/Ata-no4-de-17.12.2020.pdf\">Ata n\u00ba4 de 17.12.2020<\/a><strong><br \/>\n<\/strong><a href=\"https:\/\/jf-sbrasalportel.pt\/jfsba\/wp-content\/uploads\/2021\/11\/Ata-no3-de-04.09.2020.pdf\">Ata n\u00ba3 de 04.09.2020<\/a><strong><br \/>\n<\/strong><a href=\"https:\/\/jf-sbrasalportel.pt\/jfsba\/wp-content\/uploads\/2021\/11\/Ata-no2-de-26.06.2020.pdf\">Ata n\u00ba2 de 26.06.2020<\/a><strong><br \/>\n<\/strong><a href=\"https:\/\/jf-sbrasalportel.pt\/jfsba\/wp-content\/uploads\/2021\/04\/Ata-n\u00ba1-de-29.04.2020.pdf\">Ata n\u00ba1 de 29.04.2020<\/a><strong><br \/>\n<\/strong><\/p>\n<p><strong>2019<br \/>\n<\/strong><a href=\"https:\/\/jf-sbrasalportel.pt\/jfsba\/wp-content\/uploads\/2021\/04\/Ata-n\u00ba5-de-05.12.2019.pdf\">Ata n\u00ba5 de 05.12.2019<\/a><br \/>\n<a href=\"https:\/\/jf-sbrasalportel.pt\/jfsba\/wp-content\/uploads\/2020\/08\/Ata-n\u00ba4-de-26.09.2019.pdf\">Ata n\u00ba4 de 26.09.2019<\/a><br \/>\n<a href=\"https:\/\/jf-sbrasalportel.pt\/jfsba\/wp-content\/uploads\/2020\/08\/Ata-n\u00ba3-de-27.06.2019.pdf\">Ata n\u00ba3 de 27.06.2019<\/a><strong><br \/>\n<\/strong><a href=\"https:\/\/jf-sbrasalportel.pt\/jfsba\/wp-content\/uploads\/2019\/09\/Ata-n\u00ba2-de-29.04.2019.pdf\">Ata n\u00ba2 de 29.04.2019<\/a><strong><br \/>\n<\/strong><a href=\"https:\/\/jf-sbrasalportel.pt\/jfsba\/wp-content\/uploads\/2019\/09\/Ata-n\u00ba1-de-29.01.2019.pdf\">Ata n\u00ba1 de 29.01.2019<\/a><\/p>\n<p><strong>2018<br \/>\n<\/strong><a href=\"https:\/\/jf-sbrasalportel.pt\/jfsba\/wp-content\/uploads\/2019\/09\/Ata-n\u00ba4-de-05.12.2018.pdf\">Ata n\u00ba4 de 05.12.2018<\/a><br \/>\n<a href=\"https:\/\/jf-sbrasalportel.pt\/jfsba\/wp-content\/uploads\/2019\/09\/Ata-n\u00ba3-de-13.09.2018.pdf\">Ata n\u00ba3 de 13.09.2018<\/a><br \/>\n<a href=\"https:\/\/jf-sbrasalportel.pt\/jfsba\/wp-content\/uploads\/2019\/09\/Ata-n\u00ba2-de-26.06.2018.pdf\">Ata n\u00ba2 de 26.06.2018<\/a><br \/>\n<a href=\"https:\/\/jf-sbrasalportel.pt\/jfsba\/wp-content\/uploads\/2019\/09\/Ata-n\u00ba1-de-26.04.2018.pdf\">Ata n\u00ba1 de 26.04.2018<\/a><strong><br \/>\n<\/strong><\/p>\n<p><strong>2017<br \/>\n<\/strong><a href=\"https:\/\/jf-sbrasalportel.pt\/jfsba\/wp-content\/uploads\/2019\/10\/Ata-n\u00ba4-de-28.12.2017.pdf\">Ata n\u00ba4 de 28.12.2017<\/a><strong><br \/>\n<\/strong><a href=\"https:\/\/jf-sbrasalportel.pt\/jfsba\/wp-content\/uploads\/2018\/04\/Ata-n\u00ba3-de-14.09.2017.pdf\">Ata n\u00ba3 de 14.09.2017<\/a><strong><br \/>\n<\/strong><a href=\"https:\/\/jf-sbrasalportel.pt\/jfsba\/wp-content\/uploads\/2017\/12\/Ata-n\u00ba2-de-27.06.2017.pdf\">Ata n\u00ba2 de 27.06.2017<\/a><br \/>\n<a href=\"https:\/\/jf-sbrasalportel.pt\/jfsba\/wp-content\/uploads\/2017\/12\/Ata-n\u00ba1-de-26.04.2017.pdf\">Ata n\u00ba1 de 26.04.2017<\/a><\/p>\n<p><strong>2016<br \/>\n<\/strong>\u00a0<a href=\"https:\/\/jf-sbrasalportel.pt\/jfsba\/wp-content\/uploads\/2014\/05\/Ata-n\u00ba4-de-19.12.2016.pdf\" target=\"_blank\" rel=\"noopener noreferrer\">Ata n\u00ba4 de 19.12.2016<\/a><br \/>\n<a href=\"https:\/\/jf-sbrasalportel.pt\/jfsba\/wp-content\/uploads\/2014\/05\/Ata-n\u00ba3-de-29.09.2016.pdf\" target=\"_blank\" rel=\"noopener noreferrer\">Ata n\u00ba3 de 29.09.2016<\/a><br \/>\n<a href=\"https:\/\/jf-sbrasalportel.pt\/jfsba\/wp-content\/uploads\/2014\/05\/Ata-n\u00ba2-de-28.06.2016.pdf\" target=\"_blank\" rel=\"noopener noreferrer\">Ata n\u00ba2 de 28.06.2016<\/a><br \/>\n<a href=\"https:\/\/jf-sbrasalportel.pt\/jfsba\/wp-content\/uploads\/2014\/05\/Ata-n\u00ba1-de-27.04.2016.pdf\" target=\"_blank\" rel=\"noopener noreferrer\">Ata n\u00ba1 de 27.04.2016<\/a><\/p>\n<p><strong>2015<\/strong><br \/>\n<a href=\"https:\/\/jf-sbrasalportel.pt\/jfsba\/wp-content\/uploads\/2014\/05\/Ata-n\u00ba4-de-09.12.2015.pdf\" target=\"_blank\" rel=\"noopener noreferrer\">Ata n\u00ba4 de 09.12.2015<\/a><br \/>\n<a href=\"https:\/\/jf-sbrasalportel.pt\/jfsba\/wp-content\/uploads\/2014\/05\/Ata-n\u00ba3-de-28.09.2015.pdf\" target=\"_blank\" rel=\"noopener noreferrer\">Ata n\u00ba3 de 28.09.2015<\/a><br \/>\n<a href=\"https:\/\/jf-sbrasalportel.pt\/jfsba\/wp-content\/uploads\/2014\/05\/Ata-n\u00ba2-de-25.06.2015.pdf\" target=\"_blank\" rel=\"noopener noreferrer\">Ata n\u00ba2 de 25.06.2015<\/a><br \/>\n<a href=\"https:\/\/jf-sbrasalportel.pt\/jfsba\/wp-content\/uploads\/2014\/05\/Ata-n\u00ba1-de-22.04.2015.pdf\" target=\"_blank\" rel=\"noopener noreferrer\">Ata n\u00ba1 de 22.04.2015<\/a><\/p>\n<p><strong>2014<\/strong><br \/>\n<a href=\"https:\/\/jf-sbrasalportel.pt\/jfsba\/wp-content\/uploads\/2014\/05\/Ata-n.\u00ba4-de-18-de-dezembro-de-2014.pdf\" target=\"_blank\" rel=\"noopener noreferrer\">Ata n.\u00ba4 de 18 de dezembro de 2014<\/a><br \/>\n<a href=\"https:\/\/jf-sbrasalportel.pt\/jfsba\/wp-content\/uploads\/2014\/05\/Ata-n.\u00ba3-de-30-de-setembro-de-2014.pdf\" target=\"_blank\" rel=\"noopener noreferrer\">Ata n.\u00ba3 de 30 de setembro de 2014<\/a><br \/>\n<a href=\"https:\/\/jf-sbrasalportel.pt\/jfsba\/wp-content\/uploads\/2014\/05\/Ata-n.\u00ba2-de-25-de-junho-de-2014.pdf\" target=\"_blank\" rel=\"noopener noreferrer\">Ata n.\u00ba2 de 25 de junho de 2014<\/a><br \/>\n<a href=\"https:\/\/jf-sbrasalportel.pt\/jfsba\/wp-content\/uploads\/2014\/05\/Ata-n.\u00ba1-de-23-de-abril-de-2014.pdf\" target=\"_blank\" rel=\"noopener noreferrer\">Ata n.\u00ba1 de 23 de abril de 2014<\/a><\/p>\n<p><strong>2013<\/strong><br \/>\n<a href=\"https:\/\/jf-sbrasalportel.pt\/jfsba\/wp-content\/uploads\/2015\/01\/AF20131218_ata_n4.pdf\" target=\"_blank\" rel=\"noopener noreferrer\">Ata n\u00ba4 de 18 de dezembro de 2013<\/a><br \/>\n<a href=\"https:\/\/jf-sbrasalportel.pt\/jfsba\/wp-content\/uploads\/2015\/01\/AF20131017_ata_instalacao.pdf\" target=\"_blank\" rel=\"noopener noreferrer\">Ata de Instala\u00e7\u00e3o (2013\/2017) de 17 de outubro de 2013<\/a><\/p>\n","protected":false},"excerpt":{"rendered":"<p>2025 Ata n\u00ba3 de 25.09.2025 Ata da Primeira reuni\u00e3o de Funcionamento Ata Instala\u00e7\u00e3o 2025\/2029 Ata n\u00ba2 de 26.06.2025 Ata n\u00ba1 de 23.04.2025 2024 Ata n\u00ba4 de 18.12.2024 Ata n\u00ba3 de 26.09.2024 Ata n\u00ba2 de 27.06.2024 Ata n\u00ba1 de 24.04.2024 Assembleia Extraordin\u00e1ria &#8211; 30.01.2024 2023 Ata n\u00ba04 de 27.12.2023 Ata n\u00ba03 de 28.09.2023 Ata n\u00ba02 de &hellip; <a href=\"https:\/\/jf-sbrasalportel.pt\/jfsba\/a-_autarquia\/0_autarq_af\/atas\/\" class=\"more-link\">Continuar a ler<span class=\"screen-reader-text\">Atas<\/span> <span class=\"meta-nav\">&rarr;<\/span><\/a><\/p>\n","protected":false},"author":1,"featured_media":0,"parent":142,"menu_order":2,"comment_status":"closed","ping_status":"closed","template":"","meta":{"_monsterinsights_skip_tracking":false,"_monsterinsights_sitenote_active":false,"_monsterinsights_sitenote_note":"","_monsterinsights_sitenote_category":0,"ngg_post_thumbnail":0,"footnotes":""},"class_list":["post-34","page","type-page","status-publish","hentry"],"yoast_head":"<!-- This site is optimized with the Yoast SEO plugin v27.4 - https:\/\/yoast.com\/product\/yoast-seo-wordpress\/ -->\n<title>Atas - Junta de Freguesia de S\u00e3o Br\u00e1s de Alportel<\/title>\n<meta name=\"robots\" content=\"index, follow, max-snippet:-1, max-image-preview:large, max-video-preview:-1\" \/>\n<link rel=\"canonical\" href=\"https:\/\/jf-sbrasalportel.pt\/jfsba\/a-_autarquia\/0_autarq_af\/atas\/\" \/>\n<meta property=\"og:locale\" content=\"pt_PT\" \/>\n<meta property=\"og:type\" content=\"article\" \/>\n<meta property=\"og:title\" content=\"Atas - Junta de Freguesia de S\u00e3o Br\u00e1s de Alportel\" \/>\n<meta property=\"og:description\" content=\"2025 Ata n\u00ba3 de 25.09.2025 Ata da Primeira reuni\u00e3o de Funcionamento Ata Instala\u00e7\u00e3o 2025\/2029 Ata n\u00ba2 de 26.06.2025 Ata n\u00ba1 de 23.04.2025 2024 Ata n\u00ba4 de 18.12.2024 Ata n\u00ba3 de 26.09.2024 Ata n\u00ba2 de 27.06.2024 Ata n\u00ba1 de 24.04.2024 Assembleia Extraordin\u00e1ria &#8211; 30.01.2024 2023 Ata n\u00ba04 de 27.12.2023 Ata n\u00ba03 de 28.09.2023 Ata n\u00ba02 de &hellip; Continuar a lerAtas &rarr;\" \/>\n<meta property=\"og:url\" content=\"https:\/\/jf-sbrasalportel.pt\/jfsba\/a-_autarquia\/0_autarq_af\/atas\/\" \/>\n<meta property=\"og:site_name\" content=\"Junta de Freguesia de S\u00e3o Br\u00e1s de Alportel\" \/>\n<meta property=\"article:modified_time\" content=\"2025-12-22T11:14:06+00:00\" \/>\n<meta name=\"twitter:card\" content=\"summary_large_image\" \/>\n<meta name=\"twitter:label1\" content=\"Tempo estimado de leitura\" \/>\n\t<meta name=\"twitter:data1\" content=\"2 minutos\" \/>\n<script type=\"application\/ld+json\" class=\"yoast-schema-graph\">{\"@context\":\"https:\\\/\\\/schema.org\",\"@graph\":[{\"@type\":\"WebPage\",\"@id\":\"https:\\\/\\\/jf-sbrasalportel.pt\\\/jfsba\\\/a-_autarquia\\\/0_autarq_af\\\/atas\\\/\",\"url\":\"https:\\\/\\\/jf-sbrasalportel.pt\\\/jfsba\\\/a-_autarquia\\\/0_autarq_af\\\/atas\\\/\",\"name\":\"Atas - Junta de Freguesia de S\u00e3o Br\u00e1s de Alportel\",\"isPartOf\":{\"@id\":\"https:\\\/\\\/jf-sbrasalportel.pt\\\/jfsba\\\/#website\"},\"datePublished\":\"2014-05-20T14:50:09+00:00\",\"dateModified\":\"2025-12-22T11:14:06+00:00\",\"breadcrumb\":{\"@id\":\"https:\\\/\\\/jf-sbrasalportel.pt\\\/jfsba\\\/a-_autarquia\\\/0_autarq_af\\\/atas\\\/#breadcrumb\"},\"inLanguage\":\"pt-PT\",\"potentialAction\":[{\"@type\":\"ReadAction\",\"target\":[\"https:\\\/\\\/jf-sbrasalportel.pt\\\/jfsba\\\/a-_autarquia\\\/0_autarq_af\\\/atas\\\/\"]}]},{\"@type\":\"BreadcrumbList\",\"@id\":\"https:\\\/\\\/jf-sbrasalportel.pt\\\/jfsba\\\/a-_autarquia\\\/0_autarq_af\\\/atas\\\/#breadcrumb\",\"itemListElement\":[{\"@type\":\"ListItem\",\"position\":1,\"name\":\"In\u00edcio\",\"item\":\"https:\\\/\\\/jf-sbrasalportel.pt\\\/jfsba\\\/\"},{\"@type\":\"ListItem\",\"position\":2,\"name\":\": : : : : : : : : : : : : : : : A _AUTARQUIA : : : : : : : : : : : : : : : :\",\"item\":\"https:\\\/\\\/jf-sbrasalportel.pt\\\/jfsba\\\/a-_autarquia\\\/\"},{\"@type\":\"ListItem\",\"position\":3,\"name\":\"&#8211; &#8211; &#8211; &#8211; &#8211; &#8211; &#8211; &#8211; &#8211; &#8211; &#8211; &#8211; &#8211; &#8211; &#8211; &#8211; &#8211; &#8211; ASSEMBLEIA_FREGUESIA &#8211; &#8211; &#8211; &#8211; &#8211; &#8211; &#8211; &#8211; &#8211; &#8211; &#8211; &#8211; &#8211; &#8211; &#8211; &#8211; &#8211; &#8211;\",\"item\":\"https:\\\/\\\/jf-sbrasalportel.pt\\\/jfsba\\\/a-_autarquia\\\/0_autarq_af\\\/\"},{\"@type\":\"ListItem\",\"position\":4,\"name\":\"Atas\"}]},{\"@type\":\"WebSite\",\"@id\":\"https:\\\/\\\/jf-sbrasalportel.pt\\\/jfsba\\\/#website\",\"url\":\"https:\\\/\\\/jf-sbrasalportel.pt\\\/jfsba\\\/\",\"name\":\"Junta de Freguesia de S\u00e3o Br\u00e1s de Alportel\",\"description\":\"Site institucional da Freguesia de S\u00e3o Br\u00e1s de Alportel\",\"potentialAction\":[{\"@type\":\"SearchAction\",\"target\":{\"@type\":\"EntryPoint\",\"urlTemplate\":\"https:\\\/\\\/jf-sbrasalportel.pt\\\/jfsba\\\/?s={search_term_string}\"},\"query-input\":{\"@type\":\"PropertyValueSpecification\",\"valueRequired\":true,\"valueName\":\"search_term_string\"}}],\"inLanguage\":\"pt-PT\"}]}<\/script>\n<!-- \/ Yoast SEO plugin. -->","yoast_head_json":{"title":"Atas - Junta de Freguesia de S\u00e3o Br\u00e1s de Alportel","robots":{"index":"index","follow":"follow","max-snippet":"max-snippet:-1","max-image-preview":"max-image-preview:large","max-video-preview":"max-video-preview:-1"},"canonical":"https:\/\/jf-sbrasalportel.pt\/jfsba\/a-_autarquia\/0_autarq_af\/atas\/","og_locale":"pt_PT","og_type":"article","og_title":"Atas - Junta de Freguesia de S\u00e3o Br\u00e1s de Alportel","og_description":"2025 Ata n\u00ba3 de 25.09.2025 Ata da Primeira reuni\u00e3o de Funcionamento Ata Instala\u00e7\u00e3o 2025\/2029 Ata n\u00ba2 de 26.06.2025 Ata n\u00ba1 de 23.04.2025 2024 Ata n\u00ba4 de 18.12.2024 Ata n\u00ba3 de 26.09.2024 Ata n\u00ba2 de 27.06.2024 Ata n\u00ba1 de 24.04.2024 Assembleia Extraordin\u00e1ria &#8211; 30.01.2024 2023 Ata n\u00ba04 de 27.12.2023 Ata n\u00ba03 de 28.09.2023 Ata n\u00ba02 de &hellip; Continuar a lerAtas &rarr;","og_url":"https:\/\/jf-sbrasalportel.pt\/jfsba\/a-_autarquia\/0_autarq_af\/atas\/","og_site_name":"Junta de Freguesia de S\u00e3o Br\u00e1s de Alportel","article_modified_time":"2025-12-22T11:14:06+00:00","twitter_card":"summary_large_image","twitter_misc":{"Tempo estimado de leitura":"2 minutos"},"schema":{"@context":"https:\/\/schema.org","@graph":[{"@type":"WebPage","@id":"https:\/\/jf-sbrasalportel.pt\/jfsba\/a-_autarquia\/0_autarq_af\/atas\/","url":"https:\/\/jf-sbrasalportel.pt\/jfsba\/a-_autarquia\/0_autarq_af\/atas\/","name":"Atas - Junta de Freguesia de S\u00e3o Br\u00e1s de Alportel","isPartOf":{"@id":"https:\/\/jf-sbrasalportel.pt\/jfsba\/#website"},"datePublished":"2014-05-20T14:50:09+00:00","dateModified":"2025-12-22T11:14:06+00:00","breadcrumb":{"@id":"https:\/\/jf-sbrasalportel.pt\/jfsba\/a-_autarquia\/0_autarq_af\/atas\/#breadcrumb"},"inLanguage":"pt-PT","potentialAction":[{"@type":"ReadAction","target":["https:\/\/jf-sbrasalportel.pt\/jfsba\/a-_autarquia\/0_autarq_af\/atas\/"]}]},{"@type":"BreadcrumbList","@id":"https:\/\/jf-sbrasalportel.pt\/jfsba\/a-_autarquia\/0_autarq_af\/atas\/#breadcrumb","itemListElement":[{"@type":"ListItem","position":1,"name":"In\u00edcio","item":"https:\/\/jf-sbrasalportel.pt\/jfsba\/"},{"@type":"ListItem","position":2,"name":": : : : : : : : : : : : : : : : A _AUTARQUIA : : : : : : : : : : : : : : : :","item":"https:\/\/jf-sbrasalportel.pt\/jfsba\/a-_autarquia\/"},{"@type":"ListItem","position":3,"name":"&#8211; &#8211; &#8211; &#8211; &#8211; &#8211; &#8211; &#8211; &#8211; &#8211; &#8211; &#8211; &#8211; &#8211; &#8211; &#8211; &#8211; &#8211; ASSEMBLEIA_FREGUESIA &#8211; &#8211; &#8211; &#8211; &#8211; &#8211; &#8211; &#8211; &#8211; &#8211; &#8211; &#8211; &#8211; &#8211; &#8211; &#8211; &#8211; &#8211;","item":"https:\/\/jf-sbrasalportel.pt\/jfsba\/a-_autarquia\/0_autarq_af\/"},{"@type":"ListItem","position":4,"name":"Atas"}]},{"@type":"WebSite","@id":"https:\/\/jf-sbrasalportel.pt\/jfsba\/#website","url":"https:\/\/jf-sbrasalportel.pt\/jfsba\/","name":"Junta de Freguesia de S\u00e3o Br\u00e1s de Alportel","description":"Site institucional da Freguesia de S\u00e3o Br\u00e1s de Alportel","potentialAction":[{"@type":"SearchAction","target":{"@type":"EntryPoint","urlTemplate":"https:\/\/jf-sbrasalportel.pt\/jfsba\/?s={search_term_string}"},"query-input":{"@type":"PropertyValueSpecification","valueRequired":true,"valueName":"search_term_string"}}],"inLanguage":"pt-PT"}]}},"_links":{"self":[{"href":"https:\/\/jf-sbrasalportel.pt\/jfsba\/wp-json\/wp\/v2\/pages\/34","targetHints":{"allow":["GET"]}}],"collection":[{"href":"https:\/\/jf-sbrasalportel.pt\/jfsba\/wp-json\/wp\/v2\/pages"}],"about":[{"href":"https:\/\/jf-sbrasalportel.pt\/jfsba\/wp-json\/wp\/v2\/types\/page"}],"author":[{"embeddable":true,"href":"https:\/\/jf-sbrasalportel.pt\/jfsba\/wp-json\/wp\/v2\/users\/1"}],"replies":[{"embeddable":true,"href":"https:\/\/jf-sbrasalportel.pt\/jfsba\/wp-json\/wp\/v2\/comments?post=34"}],"version-history":[{"count":58,"href":"https:\/\/jf-sbrasalportel.pt\/jfsba\/wp-json\/wp\/v2\/pages\/34\/revisions"}],"predecessor-version":[{"id":5113,"href":"https:\/\/jf-sbrasalportel.pt\/jfsba\/wp-json\/wp\/v2\/pages\/34\/revisions\/5113"}],"up":[{"embeddable":true,"href":"https:\/\/jf-sbrasalportel.pt\/jfsba\/wp-json\/wp\/v2\/pages\/142"}],"wp:attachment":[{"href":"https:\/\/jf-sbrasalportel.pt\/jfsba\/wp-json\/wp\/v2\/media?parent=34"}],"curies":[{"name":"wp","href":"https:\/\/api.w.org\/{rel}","templated":true}]}}