{"id":32,"date":"2014-05-20T14:49:58","date_gmt":"2014-05-20T14:49:58","guid":{"rendered":"http:\/\/jf-sbrasalportel.pt\/jf\/?page_id=32"},"modified":"2026-04-13T13:16:08","modified_gmt":"2026-04-13T13:16:08","slug":"convocatorias","status":"publish","type":"page","link":"https:\/\/jf-sbrasalportel.pt\/jfsba\/a-_autarquia\/0_autarq_af\/convocatorias\/","title":{"rendered":"Convocat\u00f3rias"},"content":{"rendered":"\n<p style=\"text-align: center;\"><strong>Sess\u00e3o da Assembleia de Freguesia de S. Br\u00e1s de Alportel<\/strong><\/p>\n<p style=\"text-align: center;\"><strong>27 de abril de 2026<\/strong><\/p>\n<p style=\"text-align: center;\">\u00a0\u00e0s 21:30<\/p>\n<p style=\"text-align: center;\">Sede da Junta de Freguesia<\/p>\n<p style=\"text-align: center;\"><a href=\"https:\/\/jf-sbrasalportel.pt\/jfsba\/wp-content\/uploads\/2026\/04\/edital-3.pdf\">EDITAL<\/a><\/p>\n\n\n","protected":false},"excerpt":{"rendered":"<p>Sess\u00e3o da Assembleia de Freguesia de S. Br\u00e1s de Alportel 27 de abril de 2026 \u00a0\u00e0s 21:30 Sede da Junta de Freguesia EDITAL<\/p>\n","protected":false},"author":1,"featured_media":0,"parent":142,"menu_order":3,"comment_status":"closed","ping_status":"closed","template":"","meta":{"_monsterinsights_skip_tracking":false,"_monsterinsights_sitenote_active":false,"_monsterinsights_sitenote_note":"","_monsterinsights_sitenote_category":0,"ngg_post_thumbnail":0,"footnotes":""},"class_list":["post-32","page","type-page","status-publish","hentry"],"yoast_head":"<!-- This site is optimized with the Yoast SEO plugin v27.4 - https:\/\/yoast.com\/product\/yoast-seo-wordpress\/ -->\n<title>Convocat\u00f3rias - Junta de Freguesia de S\u00e3o Br\u00e1s de Alportel<\/title>\n<meta name=\"robots\" content=\"index, follow, max-snippet:-1, max-image-preview:large, max-video-preview:-1\" \/>\n<link rel=\"canonical\" href=\"https:\/\/jf-sbrasalportel.pt\/jfsba\/a-_autarquia\/0_autarq_af\/convocatorias\/\" \/>\n<meta property=\"og:locale\" content=\"pt_PT\" \/>\n<meta property=\"og:type\" content=\"article\" \/>\n<meta property=\"og:title\" content=\"Convocat\u00f3rias - Junta de Freguesia de S\u00e3o Br\u00e1s de Alportel\" \/>\n<meta property=\"og:description\" content=\"Sess\u00e3o da Assembleia de Freguesia de S. Br\u00e1s de Alportel 27 de abril de 2026 \u00a0\u00e0s 21:30 Sede da Junta de Freguesia EDITAL\" \/>\n<meta property=\"og:url\" content=\"https:\/\/jf-sbrasalportel.pt\/jfsba\/a-_autarquia\/0_autarq_af\/convocatorias\/\" \/>\n<meta property=\"og:site_name\" content=\"Junta de Freguesia de S\u00e3o Br\u00e1s de Alportel\" \/>\n<meta property=\"article:modified_time\" content=\"2026-04-13T13:16:08+00:00\" \/>\n<meta name=\"twitter:card\" content=\"summary_large_image\" \/>\n<meta name=\"twitter:label1\" content=\"Tempo estimado de leitura\" \/>\n\t<meta name=\"twitter:data1\" content=\"1 minuto\" \/>\n<script type=\"application\/ld+json\" class=\"yoast-schema-graph\">{\"@context\":\"https:\\\/\\\/schema.org\",\"@graph\":[{\"@type\":\"WebPage\",\"@id\":\"https:\\\/\\\/jf-sbrasalportel.pt\\\/jfsba\\\/a-_autarquia\\\/0_autarq_af\\\/convocatorias\\\/\",\"url\":\"https:\\\/\\\/jf-sbrasalportel.pt\\\/jfsba\\\/a-_autarquia\\\/0_autarq_af\\\/convocatorias\\\/\",\"name\":\"Convocat\u00f3rias - Junta de Freguesia de S\u00e3o Br\u00e1s de Alportel\",\"isPartOf\":{\"@id\":\"https:\\\/\\\/jf-sbrasalportel.pt\\\/jfsba\\\/#website\"},\"datePublished\":\"2014-05-20T14:49:58+00:00\",\"dateModified\":\"2026-04-13T13:16:08+00:00\",\"breadcrumb\":{\"@id\":\"https:\\\/\\\/jf-sbrasalportel.pt\\\/jfsba\\\/a-_autarquia\\\/0_autarq_af\\\/convocatorias\\\/#breadcrumb\"},\"inLanguage\":\"pt-PT\",\"potentialAction\":[{\"@type\":\"ReadAction\",\"target\":[\"https:\\\/\\\/jf-sbrasalportel.pt\\\/jfsba\\\/a-_autarquia\\\/0_autarq_af\\\/convocatorias\\\/\"]}]},{\"@type\":\"BreadcrumbList\",\"@id\":\"https:\\\/\\\/jf-sbrasalportel.pt\\\/jfsba\\\/a-_autarquia\\\/0_autarq_af\\\/convocatorias\\\/#breadcrumb\",\"itemListElement\":[{\"@type\":\"ListItem\",\"position\":1,\"name\":\"In\u00edcio\",\"item\":\"https:\\\/\\\/jf-sbrasalportel.pt\\\/jfsba\\\/\"},{\"@type\":\"ListItem\",\"position\":2,\"name\":\": : : : : : : : : : : : : : : : A _AUTARQUIA : : : : : : : : : : : : : : : :\",\"item\":\"https:\\\/\\\/jf-sbrasalportel.pt\\\/jfsba\\\/a-_autarquia\\\/\"},{\"@type\":\"ListItem\",\"position\":3,\"name\":\"&#8211; &#8211; &#8211; &#8211; &#8211; &#8211; &#8211; &#8211; &#8211; &#8211; &#8211; &#8211; &#8211; &#8211; &#8211; &#8211; &#8211; &#8211; ASSEMBLEIA_FREGUESIA &#8211; &#8211; &#8211; &#8211; &#8211; &#8211; &#8211; &#8211; &#8211; &#8211; &#8211; &#8211; &#8211; &#8211; &#8211; &#8211; &#8211; &#8211;\",\"item\":\"https:\\\/\\\/jf-sbrasalportel.pt\\\/jfsba\\\/a-_autarquia\\\/0_autarq_af\\\/\"},{\"@type\":\"ListItem\",\"position\":4,\"name\":\"Convocat\u00f3rias\"}]},{\"@type\":\"WebSite\",\"@id\":\"https:\\\/\\\/jf-sbrasalportel.pt\\\/jfsba\\\/#website\",\"url\":\"https:\\\/\\\/jf-sbrasalportel.pt\\\/jfsba\\\/\",\"name\":\"Junta de Freguesia de S\u00e3o Br\u00e1s de Alportel\",\"description\":\"Site institucional da Freguesia de S\u00e3o Br\u00e1s de Alportel\",\"potentialAction\":[{\"@type\":\"SearchAction\",\"target\":{\"@type\":\"EntryPoint\",\"urlTemplate\":\"https:\\\/\\\/jf-sbrasalportel.pt\\\/jfsba\\\/?s={search_term_string}\"},\"query-input\":{\"@type\":\"PropertyValueSpecification\",\"valueRequired\":true,\"valueName\":\"search_term_string\"}}],\"inLanguage\":\"pt-PT\"}]}<\/script>\n<!-- \/ Yoast SEO plugin. -->","yoast_head_json":{"title":"Convocat\u00f3rias - Junta de Freguesia de S\u00e3o Br\u00e1s de Alportel","robots":{"index":"index","follow":"follow","max-snippet":"max-snippet:-1","max-image-preview":"max-image-preview:large","max-video-preview":"max-video-preview:-1"},"canonical":"https:\/\/jf-sbrasalportel.pt\/jfsba\/a-_autarquia\/0_autarq_af\/convocatorias\/","og_locale":"pt_PT","og_type":"article","og_title":"Convocat\u00f3rias - Junta de Freguesia de S\u00e3o Br\u00e1s de Alportel","og_description":"Sess\u00e3o da Assembleia de Freguesia de S. Br\u00e1s de Alportel 27 de abril de 2026 \u00a0\u00e0s 21:30 Sede da Junta de Freguesia EDITAL","og_url":"https:\/\/jf-sbrasalportel.pt\/jfsba\/a-_autarquia\/0_autarq_af\/convocatorias\/","og_site_name":"Junta de Freguesia de S\u00e3o Br\u00e1s de Alportel","article_modified_time":"2026-04-13T13:16:08+00:00","twitter_card":"summary_large_image","twitter_misc":{"Tempo estimado de leitura":"1 minuto"},"schema":{"@context":"https:\/\/schema.org","@graph":[{"@type":"WebPage","@id":"https:\/\/jf-sbrasalportel.pt\/jfsba\/a-_autarquia\/0_autarq_af\/convocatorias\/","url":"https:\/\/jf-sbrasalportel.pt\/jfsba\/a-_autarquia\/0_autarq_af\/convocatorias\/","name":"Convocat\u00f3rias - Junta de Freguesia de S\u00e3o Br\u00e1s de Alportel","isPartOf":{"@id":"https:\/\/jf-sbrasalportel.pt\/jfsba\/#website"},"datePublished":"2014-05-20T14:49:58+00:00","dateModified":"2026-04-13T13:16:08+00:00","breadcrumb":{"@id":"https:\/\/jf-sbrasalportel.pt\/jfsba\/a-_autarquia\/0_autarq_af\/convocatorias\/#breadcrumb"},"inLanguage":"pt-PT","potentialAction":[{"@type":"ReadAction","target":["https:\/\/jf-sbrasalportel.pt\/jfsba\/a-_autarquia\/0_autarq_af\/convocatorias\/"]}]},{"@type":"BreadcrumbList","@id":"https:\/\/jf-sbrasalportel.pt\/jfsba\/a-_autarquia\/0_autarq_af\/convocatorias\/#breadcrumb","itemListElement":[{"@type":"ListItem","position":1,"name":"In\u00edcio","item":"https:\/\/jf-sbrasalportel.pt\/jfsba\/"},{"@type":"ListItem","position":2,"name":": : : : : : : : : : : : : : : : A _AUTARQUIA : : : : : : : : : : : : : : : :","item":"https:\/\/jf-sbrasalportel.pt\/jfsba\/a-_autarquia\/"},{"@type":"ListItem","position":3,"name":"&#8211; &#8211; &#8211; &#8211; &#8211; &#8211; &#8211; &#8211; &#8211; &#8211; &#8211; &#8211; &#8211; &#8211; &#8211; &#8211; &#8211; &#8211; ASSEMBLEIA_FREGUESIA &#8211; &#8211; &#8211; &#8211; &#8211; &#8211; &#8211; &#8211; &#8211; &#8211; &#8211; &#8211; &#8211; &#8211; &#8211; &#8211; &#8211; &#8211;","item":"https:\/\/jf-sbrasalportel.pt\/jfsba\/a-_autarquia\/0_autarq_af\/"},{"@type":"ListItem","position":4,"name":"Convocat\u00f3rias"}]},{"@type":"WebSite","@id":"https:\/\/jf-sbrasalportel.pt\/jfsba\/#website","url":"https:\/\/jf-sbrasalportel.pt\/jfsba\/","name":"Junta de Freguesia de S\u00e3o Br\u00e1s de Alportel","description":"Site institucional da Freguesia de S\u00e3o Br\u00e1s de Alportel","potentialAction":[{"@type":"SearchAction","target":{"@type":"EntryPoint","urlTemplate":"https:\/\/jf-sbrasalportel.pt\/jfsba\/?s={search_term_string}"},"query-input":{"@type":"PropertyValueSpecification","valueRequired":true,"valueName":"search_term_string"}}],"inLanguage":"pt-PT"}]}},"_links":{"self":[{"href":"https:\/\/jf-sbrasalportel.pt\/jfsba\/wp-json\/wp\/v2\/pages\/32","targetHints":{"allow":["GET"]}}],"collection":[{"href":"https:\/\/jf-sbrasalportel.pt\/jfsba\/wp-json\/wp\/v2\/pages"}],"about":[{"href":"https:\/\/jf-sbrasalportel.pt\/jfsba\/wp-json\/wp\/v2\/types\/page"}],"author":[{"embeddable":true,"href":"https:\/\/jf-sbrasalportel.pt\/jfsba\/wp-json\/wp\/v2\/users\/1"}],"replies":[{"embeddable":true,"href":"https:\/\/jf-sbrasalportel.pt\/jfsba\/wp-json\/wp\/v2\/comments?post=32"}],"version-history":[{"count":93,"href":"https:\/\/jf-sbrasalportel.pt\/jfsba\/wp-json\/wp\/v2\/pages\/32\/revisions"}],"predecessor-version":[{"id":5227,"href":"https:\/\/jf-sbrasalportel.pt\/jfsba\/wp-json\/wp\/v2\/pages\/32\/revisions\/5227"}],"up":[{"embeddable":true,"href":"https:\/\/jf-sbrasalportel.pt\/jfsba\/wp-json\/wp\/v2\/pages\/142"}],"wp:attachment":[{"href":"https:\/\/jf-sbrasalportel.pt\/jfsba\/wp-json\/wp\/v2\/media?parent=32"}],"curies":[{"name":"wp","href":"https:\/\/api.w.org\/{rel}","templated":true}]}}