{"id":3086,"date":"2020-05-20T02:30:49","date_gmt":"2020-05-20T02:30:49","guid":{"rendered":"http:\/\/jf-sbrasalportel.pt\/jfsba\/?page_id=3086"},"modified":"2020-05-20T02:30:52","modified_gmt":"2020-05-20T02:30:52","slug":"politica-de-privacidade","status":"publish","type":"page","link":"https:\/\/jf-sbrasalportel.pt\/jfsba\/politica-de-privacidade\/","title":{"rendered":"Pol\u00edtica de privacidade"},"content":{"rendered":"\n<p>A sua Privacidade e a Prote\u00e7\u00e3o dos seus Dados Pessoais sempre foram muito importantes para a  Freguesia de S\u00e3o Br\u00e1s de Alportel. Assim manifestamos a nossa garantia de, com a nova legisla\u00e7\u00e3o, refor\u00e7ar a sua prote\u00e7\u00e3o e os seus direitos.<\/p>\n\n\n\n<p>Este documento resume o nosso compromisso no cumprimento da Lei da Prote\u00e7\u00e3o de Dados  Pessoais (Lei n.\u00ba 67\/98 de 26 de outubro de 1998, em diante \u201dLPDP\u201d) e do Regulamento Geral de Prote\u00e7\u00e3o de Dados (Regulamento (UE) 2016\/679 do Parlamento Europeu e do Conselho de 27 de abril de 2016, em diante \u201cRGPD\u201d) que asseguram a prote\u00e7\u00e3o das pessoas singulares, no que diz respeito ao tratamento dos seus dados pessoais, \u00e0 livre circula\u00e7\u00e3o desses dados, e, ainda, define as condi\u00e7\u00f5es, a forma, os direitos e a privacidade como tratamos os seus dados pessoais.  Assim \u00e9 importante que leia frequentemente este documento e conhe\u00e7a a nossa pol\u00edtica de<br> Privacidade e Prote\u00e7\u00e3o de Dados Pessoais.<\/p>\n\n\n\n<p>Ler na integra, clicar aqui: <a title=\"Pol\u00edtica de privacidade e Prote\u00e7\u00e3o de Dados\" href=\"https:\/\/jf-sbrasalportel.pt\/jfsba\/wp-content\/uploads\/2019\/01\/Politica_Privacidade_Protecao_Dados.pdf\" target=\"_blank\" rel=\"noopener noreferrer\"><strong>Pol\u00edtica de Privacidade e Prote\u00e7\u00e3o de Dados<\/strong><\/a><\/p>\n","protected":false},"excerpt":{"rendered":"<p>A sua Privacidade e a Prote\u00e7\u00e3o dos seus Dados Pessoais sempre foram muito importantes para a Freguesia de S\u00e3o Br\u00e1s de Alportel. Assim manifestamos a nossa garantia de, com a nova legisla\u00e7\u00e3o, refor\u00e7ar a sua prote\u00e7\u00e3o e os seus direitos. Este documento resume o nosso compromisso no cumprimento da Lei da Prote\u00e7\u00e3o de Dados Pessoais &hellip; <a href=\"https:\/\/jf-sbrasalportel.pt\/jfsba\/politica-de-privacidade\/\" class=\"more-link\">Continuar a ler<span class=\"screen-reader-text\">Pol\u00edtica de privacidade<\/span> <span class=\"meta-nav\">&rarr;<\/span><\/a><\/p>\n","protected":false},"author":1,"featured_media":0,"parent":0,"menu_order":0,"comment_status":"closed","ping_status":"closed","template":"","meta":{"_monsterinsights_skip_tracking":false,"_monsterinsights_sitenote_active":false,"_monsterinsights_sitenote_note":"","_monsterinsights_sitenote_category":0,"ngg_post_thumbnail":0,"footnotes":""},"class_list":["post-3086","page","type-page","status-publish","hentry"],"yoast_head":"<!-- This site is optimized with the Yoast SEO plugin v27.4 - https:\/\/yoast.com\/product\/yoast-seo-wordpress\/ -->\n<title>Pol\u00edtica de privacidade - Junta de Freguesia de S\u00e3o Br\u00e1s de Alportel<\/title>\n<meta name=\"robots\" content=\"index, follow, max-snippet:-1, max-image-preview:large, max-video-preview:-1\" \/>\n<link rel=\"canonical\" href=\"https:\/\/jf-sbrasalportel.pt\/jfsba\/politica-de-privacidade\/\" \/>\n<meta property=\"og:locale\" content=\"pt_PT\" \/>\n<meta property=\"og:type\" content=\"article\" \/>\n<meta property=\"og:title\" content=\"Pol\u00edtica de privacidade - Junta de Freguesia de S\u00e3o Br\u00e1s de Alportel\" \/>\n<meta property=\"og:description\" content=\"A sua Privacidade e a Prote\u00e7\u00e3o dos seus Dados Pessoais sempre foram muito importantes para a Freguesia de S\u00e3o Br\u00e1s de Alportel. Assim manifestamos a nossa garantia de, com a nova legisla\u00e7\u00e3o, refor\u00e7ar a sua prote\u00e7\u00e3o e os seus direitos. Este documento resume o nosso compromisso no cumprimento da Lei da Prote\u00e7\u00e3o de Dados Pessoais &hellip; Continuar a lerPol\u00edtica de privacidade &rarr;\" \/>\n<meta property=\"og:url\" content=\"https:\/\/jf-sbrasalportel.pt\/jfsba\/politica-de-privacidade\/\" \/>\n<meta property=\"og:site_name\" content=\"Junta de Freguesia de S\u00e3o Br\u00e1s de Alportel\" \/>\n<meta property=\"article:modified_time\" content=\"2020-05-20T02:30:52+00:00\" \/>\n<meta name=\"twitter:card\" content=\"summary_large_image\" \/>\n<meta name=\"twitter:label1\" content=\"Tempo estimado de leitura\" \/>\n\t<meta name=\"twitter:data1\" content=\"1 minuto\" \/>\n<script type=\"application\/ld+json\" class=\"yoast-schema-graph\">{\"@context\":\"https:\\\/\\\/schema.org\",\"@graph\":[{\"@type\":\"WebPage\",\"@id\":\"https:\\\/\\\/jf-sbrasalportel.pt\\\/jfsba\\\/politica-de-privacidade\\\/\",\"url\":\"https:\\\/\\\/jf-sbrasalportel.pt\\\/jfsba\\\/politica-de-privacidade\\\/\",\"name\":\"Pol\u00edtica de privacidade - Junta de Freguesia de S\u00e3o Br\u00e1s de Alportel\",\"isPartOf\":{\"@id\":\"https:\\\/\\\/jf-sbrasalportel.pt\\\/jfsba\\\/#website\"},\"datePublished\":\"2020-05-20T02:30:49+00:00\",\"dateModified\":\"2020-05-20T02:30:52+00:00\",\"breadcrumb\":{\"@id\":\"https:\\\/\\\/jf-sbrasalportel.pt\\\/jfsba\\\/politica-de-privacidade\\\/#breadcrumb\"},\"inLanguage\":\"pt-PT\",\"potentialAction\":[{\"@type\":\"ReadAction\",\"target\":[\"https:\\\/\\\/jf-sbrasalportel.pt\\\/jfsba\\\/politica-de-privacidade\\\/\"]}]},{\"@type\":\"BreadcrumbList\",\"@id\":\"https:\\\/\\\/jf-sbrasalportel.pt\\\/jfsba\\\/politica-de-privacidade\\\/#breadcrumb\",\"itemListElement\":[{\"@type\":\"ListItem\",\"position\":1,\"name\":\"In\u00edcio\",\"item\":\"https:\\\/\\\/jf-sbrasalportel.pt\\\/jfsba\\\/\"},{\"@type\":\"ListItem\",\"position\":2,\"name\":\"Pol\u00edtica de privacidade\"}]},{\"@type\":\"WebSite\",\"@id\":\"https:\\\/\\\/jf-sbrasalportel.pt\\\/jfsba\\\/#website\",\"url\":\"https:\\\/\\\/jf-sbrasalportel.pt\\\/jfsba\\\/\",\"name\":\"Junta de Freguesia de S\u00e3o Br\u00e1s de Alportel\",\"description\":\"Site institucional da Freguesia de S\u00e3o Br\u00e1s de Alportel\",\"potentialAction\":[{\"@type\":\"SearchAction\",\"target\":{\"@type\":\"EntryPoint\",\"urlTemplate\":\"https:\\\/\\\/jf-sbrasalportel.pt\\\/jfsba\\\/?s={search_term_string}\"},\"query-input\":{\"@type\":\"PropertyValueSpecification\",\"valueRequired\":true,\"valueName\":\"search_term_string\"}}],\"inLanguage\":\"pt-PT\"}]}<\/script>\n<!-- \/ Yoast SEO plugin. -->","yoast_head_json":{"title":"Pol\u00edtica de privacidade - Junta de Freguesia de S\u00e3o Br\u00e1s de Alportel","robots":{"index":"index","follow":"follow","max-snippet":"max-snippet:-1","max-image-preview":"max-image-preview:large","max-video-preview":"max-video-preview:-1"},"canonical":"https:\/\/jf-sbrasalportel.pt\/jfsba\/politica-de-privacidade\/","og_locale":"pt_PT","og_type":"article","og_title":"Pol\u00edtica de privacidade - Junta de Freguesia de S\u00e3o Br\u00e1s de Alportel","og_description":"A sua Privacidade e a Prote\u00e7\u00e3o dos seus Dados Pessoais sempre foram muito importantes para a Freguesia de S\u00e3o Br\u00e1s de Alportel. Assim manifestamos a nossa garantia de, com a nova legisla\u00e7\u00e3o, refor\u00e7ar a sua prote\u00e7\u00e3o e os seus direitos. Este documento resume o nosso compromisso no cumprimento da Lei da Prote\u00e7\u00e3o de Dados Pessoais &hellip; Continuar a lerPol\u00edtica de privacidade &rarr;","og_url":"https:\/\/jf-sbrasalportel.pt\/jfsba\/politica-de-privacidade\/","og_site_name":"Junta de Freguesia de S\u00e3o Br\u00e1s de Alportel","article_modified_time":"2020-05-20T02:30:52+00:00","twitter_card":"summary_large_image","twitter_misc":{"Tempo estimado de leitura":"1 minuto"},"schema":{"@context":"https:\/\/schema.org","@graph":[{"@type":"WebPage","@id":"https:\/\/jf-sbrasalportel.pt\/jfsba\/politica-de-privacidade\/","url":"https:\/\/jf-sbrasalportel.pt\/jfsba\/politica-de-privacidade\/","name":"Pol\u00edtica de privacidade - Junta de Freguesia de S\u00e3o Br\u00e1s de Alportel","isPartOf":{"@id":"https:\/\/jf-sbrasalportel.pt\/jfsba\/#website"},"datePublished":"2020-05-20T02:30:49+00:00","dateModified":"2020-05-20T02:30:52+00:00","breadcrumb":{"@id":"https:\/\/jf-sbrasalportel.pt\/jfsba\/politica-de-privacidade\/#breadcrumb"},"inLanguage":"pt-PT","potentialAction":[{"@type":"ReadAction","target":["https:\/\/jf-sbrasalportel.pt\/jfsba\/politica-de-privacidade\/"]}]},{"@type":"BreadcrumbList","@id":"https:\/\/jf-sbrasalportel.pt\/jfsba\/politica-de-privacidade\/#breadcrumb","itemListElement":[{"@type":"ListItem","position":1,"name":"In\u00edcio","item":"https:\/\/jf-sbrasalportel.pt\/jfsba\/"},{"@type":"ListItem","position":2,"name":"Pol\u00edtica de privacidade"}]},{"@type":"WebSite","@id":"https:\/\/jf-sbrasalportel.pt\/jfsba\/#website","url":"https:\/\/jf-sbrasalportel.pt\/jfsba\/","name":"Junta de Freguesia de S\u00e3o Br\u00e1s de Alportel","description":"Site institucional da Freguesia de S\u00e3o Br\u00e1s de Alportel","potentialAction":[{"@type":"SearchAction","target":{"@type":"EntryPoint","urlTemplate":"https:\/\/jf-sbrasalportel.pt\/jfsba\/?s={search_term_string}"},"query-input":{"@type":"PropertyValueSpecification","valueRequired":true,"valueName":"search_term_string"}}],"inLanguage":"pt-PT"}]}},"_links":{"self":[{"href":"https:\/\/jf-sbrasalportel.pt\/jfsba\/wp-json\/wp\/v2\/pages\/3086","targetHints":{"allow":["GET"]}}],"collection":[{"href":"https:\/\/jf-sbrasalportel.pt\/jfsba\/wp-json\/wp\/v2\/pages"}],"about":[{"href":"https:\/\/jf-sbrasalportel.pt\/jfsba\/wp-json\/wp\/v2\/types\/page"}],"author":[{"embeddable":true,"href":"https:\/\/jf-sbrasalportel.pt\/jfsba\/wp-json\/wp\/v2\/users\/1"}],"replies":[{"embeddable":true,"href":"https:\/\/jf-sbrasalportel.pt\/jfsba\/wp-json\/wp\/v2\/comments?post=3086"}],"version-history":[{"count":2,"href":"https:\/\/jf-sbrasalportel.pt\/jfsba\/wp-json\/wp\/v2\/pages\/3086\/revisions"}],"predecessor-version":[{"id":3088,"href":"https:\/\/jf-sbrasalportel.pt\/jfsba\/wp-json\/wp\/v2\/pages\/3086\/revisions\/3088"}],"wp:attachment":[{"href":"https:\/\/jf-sbrasalportel.pt\/jfsba\/wp-json\/wp\/v2\/media?parent=3086"}],"curies":[{"name":"wp","href":"https:\/\/api.w.org\/{rel}","templated":true}]}}