{"id":264,"date":"2014-05-21T10:06:59","date_gmt":"2014-05-21T10:06:59","guid":{"rendered":"http:\/\/jf-sbrasalportel.pt\/jf\/?page_id=264"},"modified":"2025-12-22T14:42:23","modified_gmt":"2025-12-22T14:42:23","slug":"normas-e-regulamentos","status":"publish","type":"page","link":"https:\/\/jf-sbrasalportel.pt\/jfsba\/consultas_online\/normas-e-regulamentos\/","title":{"rendered":"Normas e Regulamentos"},"content":{"rendered":"<p><span style=\"text-decoration: underline;\"><strong>Plano de Preven\u00e7\u00e3o de Riscos de Corrup\u00e7\u00e3o e Infra\u00e7\u00f5es Conexas<\/strong><\/span><\/p>\n<ul>\n<li data-tadv-p=\"keep\"><a href=\"https:\/\/jf-sbrasalportel.pt\/jfsba\/wp-content\/uploads\/2021\/10\/Plano-Prevencao-de-Risco-de-Corrupcao.pdf\">Plano Preven\u00e7\u00e3o de Risco de Corrup\u00e7\u00e3o<\/a><\/li>\n<\/ul>\n<p><strong><span style=\"text-decoration: underline;\">C\u00f3digo de Conduta da Freguesia de S. Br\u00e1s de Alportel<\/span>:<\/strong><\/p>\n<ul>\n<li data-tadv-p=\"keep\"><a href=\"https:\/\/jf-sbrasalportel.pt\/jfsba\/wp-content\/uploads\/2020\/11\/C\u00f3digo-de-Conduta-1.pdf\">C\u00f3digo de Conduta da Freguesia de S. Br\u00e1s de Alportel<\/a><\/li>\n<\/ul>\n<p><span style=\"text-decoration: underline;\"><strong>Atualiza\u00e7\u00f5es \u00e0 Tabela Geral de Taxas e Licen\u00e7as:<\/strong><\/span><\/p>\n<ul>\n<li><a href=\"https:\/\/jf-sbrasalportel.pt\/jfsba\/wp-content\/uploads\/2014\/05\/TABELA-DE-TAXAS-actualizao-serv_admin_cemitrio2011.pdf\" target=\"_blank\" rel=\"noopener noreferrer\">Atualiza\u00e7\u00e3o da Tabela de Taxas e Licen\u00e7as &#8211; 2011<\/a><\/li>\n<li><a href=\"https:\/\/jf-sbrasalportel.pt\/jfsba\/wp-content\/uploads\/2014\/05\/TABELA-DE-TAXAS_-2012-atualizada.doc\" target=\"_blank\" rel=\"noopener noreferrer\">Atualiza\u00e7\u00e3o da Tabela de Taxas e Licen\u00e7as &#8211; 2012<\/a><\/li>\n<li><a href=\"https:\/\/jf-sbrasalportel.pt\/jfsba\/wp-content\/uploads\/2014\/05\/Edital-Tabela-de-taxas-actualizao-2013.pdf\" target=\"_blank\" rel=\"noopener noreferrer\">Atualiza\u00e7\u00e3o da Tabela de Taxas e Licen\u00e7as &#8211;\u00a02013<\/a><\/li>\n<li><a href=\"https:\/\/jf-sbrasalportel.pt\/jfsba\/wp-content\/uploads\/2014\/05\/alteracao-tabela-2014.pdf\" target=\"_blank\" rel=\"noopener noreferrer\">Atualiza\u00e7\u00e3o da Tabela de Taxas e Licen\u00e7as &#8211; 2014<\/a><\/li>\n<li><a href=\"https:\/\/jf-sbrasalportel.pt\/jfsba\/wp-content\/uploads\/2014\/05\/Atualiza\u00e7\u00e3o-da-Tabela-Taxas-e-Licen\u00e7as-2015.pdf\" target=\"_blank\" rel=\"noopener noreferrer\">Atualiza\u00e7\u00e3o da Tabela de Taxas e Licen\u00e7as &#8211; 2015<\/a><\/li>\n<li><a href=\"https:\/\/jf-sbrasalportel.pt\/jfsba\/wp-content\/uploads\/2016\/03\/Atualiza\u00e7\u00e3o-da-tabela-de-taxas-e-Licen\u00e7as-2016.pdf\" target=\"_blank\" rel=\"noopener noreferrer\">Atualiza\u00e7\u00e3o da Tabela de taxas e Licen\u00e7as &#8211; 2016<\/a><\/li>\n<li><a href=\"https:\/\/jf-sbrasalportel.pt\/jfsba\/wp-content\/uploads\/2014\/05\/Tabela.pdf\">Atualiza\u00e7\u00e3o da Tabela de Taxas e Licen\u00e7as &#8211; 2017<\/a><\/li>\n<li><a href=\"https:\/\/jf-sbrasalportel.pt\/jfsba\/wp-content\/uploads\/2018\/01\/Edital-Tabela-de-Taxas-e-Licen\u00e7as-2018.pdf\">Atualiza\u00e7\u00e3o da Tabela de Taxas e Licen\u00e7as &#8211; 2018<\/a><\/li>\n<li><a href=\"https:\/\/jf-sbrasalportel.pt\/jfsba\/wp-content\/uploads\/2018\/12\/Tabela-de-taxas-2019.pdf\">Atualiza\u00e7\u00e3o da Tabela de Taxas e Licen\u00e7as &#8211; 2019<\/a><\/li>\n<li><a href=\"https:\/\/jf-sbrasalportel.pt\/jfsba\/wp-content\/uploads\/2020\/01\/Tabela-de-Taxas-e-Licen\u00e7as-2020.pdf\">Atualiza\u00e7\u00e3o da Tabela-de-Taxas-e-Licen\u00e7as-2020<\/a><\/li>\n<li>Atualiza\u00e7\u00e3o da <a href=\"https:\/\/jf-sbrasalportel.pt\/jfsba\/wp-content\/uploads\/2021\/01\/tabela-de-taxas-2021.pdf\">Tabela de Taxas e Licen\u00e7as &#8211; 2021<\/a><\/li>\n<li><a href=\"https:\/\/jf-sbrasalportel.pt\/jfsba\/wp-content\/uploads\/2022\/01\/Edital-atualizacao-tabela.pdf\">Atualiza\u00e7\u00e3o da\u00a0 Tabela de Taxas e Licen\u00e7as &#8211;\u00a0 2022<\/a><\/li>\n<li><a href=\"https:\/\/jf-sbrasalportel.pt\/jfsba\/wp-content\/uploads\/2022\/12\/Edital-Alteracao-da-Tabela-de-Taxas-2023-1.pdf\">Atualiza\u00e7\u00e3o da Tabela de Taxas\u00a0 e licen\u00e7as &#8211; 2023<\/a><\/li>\n<li><a href=\"https:\/\/jf-sbrasalportel.pt\/jfsba\/wp-content\/uploads\/2024\/02\/2024-atualizacao-TTLicencas-1.pdf\">Atualiza\u00e7\u00e3o da Tabela de Taxas e Licen\u00e7as &#8211; 2024<\/a><\/li>\n<li><a href=\"https:\/\/jf-sbrasalportel.pt\/jfsba\/wp-content\/uploads\/2024\/02\/2024-Tabela-Geral-de-Taxas-e-Licencas-ultima-versao.pdf\">Tabela Geral de Taxas e Licen\u00e7as &#8211; 2024 &#8211; ultima vers\u00e3o<\/a><\/li>\n<li><a href=\"https:\/\/jf-sbrasalportel.pt\/jfsba\/wp-content\/uploads\/2024\/12\/TTL-2025.pdf\">Atualiza\u00e7\u00e3o da Tabela Taxas e Licen\u00e7as &#8211; 2025<\/a><\/li>\n<li><a href=\"https:\/\/jf-sbrasalportel.pt\/jfsba\/wp-content\/uploads\/2025\/12\/2026-1.pdf\">Atualiza\u00e7\u00e3o da Tabela Taxas e Licen\u00e7as 2026<\/a><\/li>\n<\/ul>\n<p><strong><span style=\"text-decoration: underline;\">Regulamento e Tabela de Taxas e Licen\u00e7as<\/span>:<\/strong><\/p>\n<ul>\n<li><a href=\"https:\/\/jf-sbrasalportel.pt\/jfsba\/wp-content\/uploads\/2014\/05\/2010_Regulamento_Tabela_Taxas.pdf\" target=\"_blank\" rel=\"noopener noreferrer\">Regulamento_Tabela_Taxas 2010<\/a><\/li>\n<li><a href=\"https:\/\/jf-sbrasalportel.pt\/jfsba\/wp-content\/uploads\/2014\/05\/alterao-tabela-2011-10-11.pdf\" target=\"_blank\" rel=\"noopener noreferrer\">Primeira altera\u00e7\u00e3o ao regulamento de tabela e taxas &#8211; 2011<\/a><\/li>\n<li><a href=\"https:\/\/jf-sbrasalportel.pt\/jfsba\/wp-content\/uploads\/2014\/05\/segundalt_tabela-20141.pdf\" target=\"_blank\" rel=\"noopener noreferrer\">Segunda altera\u00e7\u00e3o ao regulamento\u00a0de tabela e taxas &#8211; 2014<\/a><\/li>\n<li><a href=\"https:\/\/jf-sbrasalportel.pt\/jfsba\/wp-content\/uploads\/2015\/01\/Terceira-altera\u00e7\u00e3o-ao-regulamento-de-tabela-e-taxas-2015.pdf\" target=\"_blank\" rel=\"noopener noreferrer\">Terceira altera\u00e7\u00e3o ao regulamento de tabela e taxas &#8211; 2015<\/a><\/li>\n<li><a href=\"https:\/\/jf-sbrasalportel.pt\/jfsba\/wp-content\/uploads\/2022\/01\/Edital-alteracao-tabela-taxas.pdf\">Quarta altera\u00e7\u00e3o ao regulamento de tabela e\u00a0 taxas &#8211; 2022<\/a><\/li>\n<li><a href=\"https:\/\/jf-sbrasalportel.pt\/jfsba\/wp-content\/uploads\/2024\/02\/Regulamento-da-Freguesia-de-Sao-Bras-de-Alportel.pdf\">Regulamento da Freguesia de S\u00e3o Br\u00e1s de Alportel &#8211; 2024 &#8211; ultima vers\u00e3o<\/a><\/li>\n<\/ul>\n<p><span style=\"text-decoration: underline;\"><strong>Regulamento do Cemit\u00e9rio:<\/strong><\/span><\/p>\n<ul>\n<li><a href=\"https:\/\/jf-sbrasalportel.pt\/jfsba\/wp-content\/uploads\/2014\/05\/2009_Regulamento_cemiterio.pdf\" target=\"_blank\" rel=\"noopener noreferrer\">Regulamento do Cemit\u00e9rio (Aprovado dia 09\/12\/2009 pela Assembleia de Freguesia)<\/a><\/li>\n<li><a href=\"https:\/\/jf-sbrasalportel.pt\/jfsba\/wp-content\/uploads\/2014\/05\/Primeira-Altera\u00e7\u00e3o-Regulamento-Cemit\u00e9rio.pdf\" target=\"_blank\" rel=\"noopener noreferrer\">Primeira Altera\u00e7\u00e3o Regulamento Cemit\u00e9rio<\/a><\/li>\n<li><a href=\"https:\/\/jf-sbrasalportel.pt\/jfsba\/wp-content\/uploads\/2024\/02\/Regulamento-do-Cemiterio-segunda-alteracao.pdf\">Segunda Altera\u00e7\u00e3o Regulamento Cemit\u00e9rio<\/a><\/li>\n<\/ul>\n<p><span style=\"text-decoration: underline;\"><strong>Regulamento de Licenciamento de atividades diversas:<\/strong><\/span><\/p>\n<ul>\n<li><a href=\"https:\/\/jf-sbrasalportel.pt\/jfsba\/wp-content\/uploads\/2014\/05\/Regulamento-Licenciamento-Atividades-Diversas.pdf\" target=\"_blank\" rel=\"noopener noreferrer\">Regulamento Licenciamento Atividades Diversas<\/a><\/li>\n<\/ul>\n","protected":false},"excerpt":{"rendered":"<p>Plano de Preven\u00e7\u00e3o de Riscos de Corrup\u00e7\u00e3o e Infra\u00e7\u00f5es Conexas Plano Preven\u00e7\u00e3o de Risco de Corrup\u00e7\u00e3o C\u00f3digo de Conduta da Freguesia de S. Br\u00e1s de Alportel: C\u00f3digo de Conduta da Freguesia de S. Br\u00e1s de Alportel Atualiza\u00e7\u00f5es \u00e0 Tabela Geral de Taxas e Licen\u00e7as: Atualiza\u00e7\u00e3o da Tabela de Taxas e Licen\u00e7as &#8211; 2011 Atualiza\u00e7\u00e3o da &hellip; <a href=\"https:\/\/jf-sbrasalportel.pt\/jfsba\/consultas_online\/normas-e-regulamentos\/\" class=\"more-link\">Continuar a ler<span class=\"screen-reader-text\">Normas e Regulamentos<\/span> <span class=\"meta-nav\">&rarr;<\/span><\/a><\/p>\n","protected":false},"author":1,"featured_media":0,"parent":372,"menu_order":5,"comment_status":"closed","ping_status":"closed","template":"","meta":{"_monsterinsights_skip_tracking":false,"_monsterinsights_sitenote_active":false,"_monsterinsights_sitenote_note":"","_monsterinsights_sitenote_category":0,"ngg_post_thumbnail":0,"footnotes":""},"class_list":["post-264","page","type-page","status-publish","hentry"],"yoast_head":"<!-- This site is optimized with the Yoast SEO plugin v27.5 - https:\/\/yoast.com\/product\/yoast-seo-wordpress\/ -->\n<title>Normas e Regulamentos - Junta de Freguesia de S\u00e3o Br\u00e1s de Alportel<\/title>\n<meta name=\"robots\" content=\"index, follow, max-snippet:-1, max-image-preview:large, max-video-preview:-1\" \/>\n<link rel=\"canonical\" href=\"https:\/\/jf-sbrasalportel.pt\/jfsba\/consultas_online\/normas-e-regulamentos\/\" \/>\n<meta property=\"og:locale\" content=\"pt_PT\" \/>\n<meta property=\"og:type\" content=\"article\" \/>\n<meta property=\"og:title\" content=\"Normas e Regulamentos - Junta de Freguesia de S\u00e3o Br\u00e1s de Alportel\" \/>\n<meta property=\"og:description\" content=\"Plano de Preven\u00e7\u00e3o de Riscos de Corrup\u00e7\u00e3o e Infra\u00e7\u00f5es Conexas Plano Preven\u00e7\u00e3o de Risco de Corrup\u00e7\u00e3o C\u00f3digo de Conduta da Freguesia de S. Br\u00e1s de Alportel: C\u00f3digo de Conduta da Freguesia de S. Br\u00e1s de Alportel Atualiza\u00e7\u00f5es \u00e0 Tabela Geral de Taxas e Licen\u00e7as: Atualiza\u00e7\u00e3o da Tabela de Taxas e Licen\u00e7as &#8211; 2011 Atualiza\u00e7\u00e3o da &hellip; Continuar a lerNormas e Regulamentos &rarr;\" \/>\n<meta property=\"og:url\" content=\"https:\/\/jf-sbrasalportel.pt\/jfsba\/consultas_online\/normas-e-regulamentos\/\" \/>\n<meta property=\"og:site_name\" content=\"Junta de Freguesia de S\u00e3o Br\u00e1s de Alportel\" \/>\n<meta property=\"article:modified_time\" content=\"2025-12-22T14:42:23+00:00\" \/>\n<meta name=\"twitter:card\" content=\"summary_large_image\" \/>\n<meta name=\"twitter:label1\" content=\"Tempo estimado de leitura\" \/>\n\t<meta name=\"twitter:data1\" content=\"2 minutos\" \/>\n<script type=\"application\/ld+json\" class=\"yoast-schema-graph\">{\"@context\":\"https:\\\/\\\/schema.org\",\"@graph\":[{\"@type\":\"WebPage\",\"@id\":\"https:\\\/\\\/jf-sbrasalportel.pt\\\/jfsba\\\/consultas_online\\\/normas-e-regulamentos\\\/\",\"url\":\"https:\\\/\\\/jf-sbrasalportel.pt\\\/jfsba\\\/consultas_online\\\/normas-e-regulamentos\\\/\",\"name\":\"Normas e Regulamentos - Junta de Freguesia de S\u00e3o Br\u00e1s de Alportel\",\"isPartOf\":{\"@id\":\"https:\\\/\\\/jf-sbrasalportel.pt\\\/jfsba\\\/#website\"},\"datePublished\":\"2014-05-21T10:06:59+00:00\",\"dateModified\":\"2025-12-22T14:42:23+00:00\",\"breadcrumb\":{\"@id\":\"https:\\\/\\\/jf-sbrasalportel.pt\\\/jfsba\\\/consultas_online\\\/normas-e-regulamentos\\\/#breadcrumb\"},\"inLanguage\":\"pt-PT\",\"potentialAction\":[{\"@type\":\"ReadAction\",\"target\":[\"https:\\\/\\\/jf-sbrasalportel.pt\\\/jfsba\\\/consultas_online\\\/normas-e-regulamentos\\\/\"]}]},{\"@type\":\"BreadcrumbList\",\"@id\":\"https:\\\/\\\/jf-sbrasalportel.pt\\\/jfsba\\\/consultas_online\\\/normas-e-regulamentos\\\/#breadcrumb\",\"itemListElement\":[{\"@type\":\"ListItem\",\"position\":1,\"name\":\"In\u00edcio\",\"item\":\"https:\\\/\\\/jf-sbrasalportel.pt\\\/jfsba\\\/\"},{\"@type\":\"ListItem\",\"position\":2,\"name\":\": : : : : : : : : : : : : : : : Consultas_Online : : : : : : : : : : : : : : : :\",\"item\":\"https:\\\/\\\/jf-sbrasalportel.pt\\\/jfsba\\\/consultas_online\\\/\"},{\"@type\":\"ListItem\",\"position\":3,\"name\":\"Normas e Regulamentos\"}]},{\"@type\":\"WebSite\",\"@id\":\"https:\\\/\\\/jf-sbrasalportel.pt\\\/jfsba\\\/#website\",\"url\":\"https:\\\/\\\/jf-sbrasalportel.pt\\\/jfsba\\\/\",\"name\":\"Junta de Freguesia de S\u00e3o Br\u00e1s de Alportel\",\"description\":\"Site institucional da Freguesia de S\u00e3o Br\u00e1s de Alportel\",\"potentialAction\":[{\"@type\":\"SearchAction\",\"target\":{\"@type\":\"EntryPoint\",\"urlTemplate\":\"https:\\\/\\\/jf-sbrasalportel.pt\\\/jfsba\\\/?s={search_term_string}\"},\"query-input\":{\"@type\":\"PropertyValueSpecification\",\"valueRequired\":true,\"valueName\":\"search_term_string\"}}],\"inLanguage\":\"pt-PT\"}]}<\/script>\n<!-- \/ Yoast SEO plugin. -->","yoast_head_json":{"title":"Normas e Regulamentos - Junta de Freguesia de S\u00e3o Br\u00e1s de Alportel","robots":{"index":"index","follow":"follow","max-snippet":"max-snippet:-1","max-image-preview":"max-image-preview:large","max-video-preview":"max-video-preview:-1"},"canonical":"https:\/\/jf-sbrasalportel.pt\/jfsba\/consultas_online\/normas-e-regulamentos\/","og_locale":"pt_PT","og_type":"article","og_title":"Normas e Regulamentos - Junta de Freguesia de S\u00e3o Br\u00e1s de Alportel","og_description":"Plano de Preven\u00e7\u00e3o de Riscos de Corrup\u00e7\u00e3o e Infra\u00e7\u00f5es Conexas Plano Preven\u00e7\u00e3o de Risco de Corrup\u00e7\u00e3o C\u00f3digo de Conduta da Freguesia de S. Br\u00e1s de Alportel: C\u00f3digo de Conduta da Freguesia de S. Br\u00e1s de Alportel Atualiza\u00e7\u00f5es \u00e0 Tabela Geral de Taxas e Licen\u00e7as: Atualiza\u00e7\u00e3o da Tabela de Taxas e Licen\u00e7as &#8211; 2011 Atualiza\u00e7\u00e3o da &hellip; Continuar a lerNormas e Regulamentos &rarr;","og_url":"https:\/\/jf-sbrasalportel.pt\/jfsba\/consultas_online\/normas-e-regulamentos\/","og_site_name":"Junta de Freguesia de S\u00e3o Br\u00e1s de Alportel","article_modified_time":"2025-12-22T14:42:23+00:00","twitter_card":"summary_large_image","twitter_misc":{"Tempo estimado de leitura":"2 minutos"},"schema":{"@context":"https:\/\/schema.org","@graph":[{"@type":"WebPage","@id":"https:\/\/jf-sbrasalportel.pt\/jfsba\/consultas_online\/normas-e-regulamentos\/","url":"https:\/\/jf-sbrasalportel.pt\/jfsba\/consultas_online\/normas-e-regulamentos\/","name":"Normas e Regulamentos - Junta de Freguesia de S\u00e3o Br\u00e1s de Alportel","isPartOf":{"@id":"https:\/\/jf-sbrasalportel.pt\/jfsba\/#website"},"datePublished":"2014-05-21T10:06:59+00:00","dateModified":"2025-12-22T14:42:23+00:00","breadcrumb":{"@id":"https:\/\/jf-sbrasalportel.pt\/jfsba\/consultas_online\/normas-e-regulamentos\/#breadcrumb"},"inLanguage":"pt-PT","potentialAction":[{"@type":"ReadAction","target":["https:\/\/jf-sbrasalportel.pt\/jfsba\/consultas_online\/normas-e-regulamentos\/"]}]},{"@type":"BreadcrumbList","@id":"https:\/\/jf-sbrasalportel.pt\/jfsba\/consultas_online\/normas-e-regulamentos\/#breadcrumb","itemListElement":[{"@type":"ListItem","position":1,"name":"In\u00edcio","item":"https:\/\/jf-sbrasalportel.pt\/jfsba\/"},{"@type":"ListItem","position":2,"name":": : : : : : : : : : : : : : : : Consultas_Online : : : : : : : : : : : : : : : :","item":"https:\/\/jf-sbrasalportel.pt\/jfsba\/consultas_online\/"},{"@type":"ListItem","position":3,"name":"Normas e Regulamentos"}]},{"@type":"WebSite","@id":"https:\/\/jf-sbrasalportel.pt\/jfsba\/#website","url":"https:\/\/jf-sbrasalportel.pt\/jfsba\/","name":"Junta de Freguesia de S\u00e3o Br\u00e1s de Alportel","description":"Site institucional da Freguesia de S\u00e3o Br\u00e1s de Alportel","potentialAction":[{"@type":"SearchAction","target":{"@type":"EntryPoint","urlTemplate":"https:\/\/jf-sbrasalportel.pt\/jfsba\/?s={search_term_string}"},"query-input":{"@type":"PropertyValueSpecification","valueRequired":true,"valueName":"search_term_string"}}],"inLanguage":"pt-PT"}]}},"_links":{"self":[{"href":"https:\/\/jf-sbrasalportel.pt\/jfsba\/wp-json\/wp\/v2\/pages\/264","targetHints":{"allow":["GET"]}}],"collection":[{"href":"https:\/\/jf-sbrasalportel.pt\/jfsba\/wp-json\/wp\/v2\/pages"}],"about":[{"href":"https:\/\/jf-sbrasalportel.pt\/jfsba\/wp-json\/wp\/v2\/types\/page"}],"author":[{"embeddable":true,"href":"https:\/\/jf-sbrasalportel.pt\/jfsba\/wp-json\/wp\/v2\/users\/1"}],"replies":[{"embeddable":true,"href":"https:\/\/jf-sbrasalportel.pt\/jfsba\/wp-json\/wp\/v2\/comments?post=264"}],"version-history":[{"count":57,"href":"https:\/\/jf-sbrasalportel.pt\/jfsba\/wp-json\/wp\/v2\/pages\/264\/revisions"}],"predecessor-version":[{"id":5137,"href":"https:\/\/jf-sbrasalportel.pt\/jfsba\/wp-json\/wp\/v2\/pages\/264\/revisions\/5137"}],"up":[{"embeddable":true,"href":"https:\/\/jf-sbrasalportel.pt\/jfsba\/wp-json\/wp\/v2\/pages\/372"}],"wp:attachment":[{"href":"https:\/\/jf-sbrasalportel.pt\/jfsba\/wp-json\/wp\/v2\/media?parent=264"}],"curies":[{"name":"wp","href":"https:\/\/api.w.org\/{rel}","templated":true}]}}