{"id":24,"date":"2014-05-20T14:42:18","date_gmt":"2014-05-20T14:42:18","guid":{"rendered":"http:\/\/jf-sbrasalportel.pt\/jf\/?page_id=24"},"modified":"2025-11-11T14:18:56","modified_gmt":"2025-11-11T14:18:56","slug":"constituicao-2","status":"publish","type":"page","link":"https:\/\/jf-sbrasalportel.pt\/jfsba\/a-_autarquia\/0_autarq_af\/constituicao-2\/","title":{"rendered":"Constitui\u00e7\u00e3o"},"content":{"rendered":"<p style=\"text-align: left;\"><strong>Presidente<br \/><\/strong>Am\u00e1vel Dionel Rodrigues de Sousa (PS)<\/p>\n<p style=\"text-align: left;\"><strong>1\u00aa Secret\u00e1ria<br \/><\/strong>Patricia Maria Palma Gon\u00e7alves Pereira Santos (PS)<\/p>\n<p><strong>2\u00aa Secret\u00e1ria<br \/><\/strong>M\u00e1rcio Manuel Carmo Sancho Rev\u00e9s (PS)<\/p>\n<p style=\"text-align: left;\"><strong>Membros:<br \/><\/strong>S\u00f3nia Costa do Ros\u00e1rio (PS)<br \/>Paulo Jorge de Sousa Gaud\u00eancio (PS)<br \/>C\u00e1tia Andresa Cascalho Cardoso (PS)<br \/>Jos\u00e9 Eug\u00e9nio Gomes Martins (PS)<br \/>Gon\u00e7alo Alexandre Vieira Caboz D\u00e1 Mesquita (AD)<br \/>S\u00f3nia Alexandra Pereira Andr\u00e9 (AD)<br \/>Pedro Filipe Pires Pereira (AD)<br \/>Anabela de F\u00e1tima Quit\u00e9rio Ribeiro (AD)<br \/>Raul Ant\u00f3nio Pinto da Concei\u00e7\u00e3o (AD)<br \/>Jo\u00e3o Carlos Caetano Cabral (CHEGA)<\/p>\n\n","protected":false},"excerpt":{"rendered":"<p>PresidenteAm\u00e1vel Dionel Rodrigues de Sousa (PS) 1\u00aa Secret\u00e1riaPatricia Maria Palma Gon\u00e7alves Pereira Santos (PS) 2\u00aa Secret\u00e1riaM\u00e1rcio Manuel Carmo Sancho Rev\u00e9s (PS) Membros:S\u00f3nia Costa do Ros\u00e1rio (PS)Paulo Jorge de Sousa Gaud\u00eancio (PS)C\u00e1tia Andresa Cascalho Cardoso (PS)Jos\u00e9 Eug\u00e9nio Gomes Martins (PS)Gon\u00e7alo Alexandre Vieira Caboz D\u00e1 Mesquita (AD)S\u00f3nia Alexandra Pereira Andr\u00e9 (AD)Pedro Filipe Pires Pereira (AD)Anabela de F\u00e1tima &hellip; <a href=\"https:\/\/jf-sbrasalportel.pt\/jfsba\/a-_autarquia\/0_autarq_af\/constituicao-2\/\" class=\"more-link\">Continuar a ler<span class=\"screen-reader-text\">Constitui\u00e7\u00e3o<\/span> <span class=\"meta-nav\">&rarr;<\/span><\/a><\/p>\n","protected":false},"author":1,"featured_media":0,"parent":142,"menu_order":1,"comment_status":"closed","ping_status":"closed","template":"","meta":{"_monsterinsights_skip_tracking":false,"_monsterinsights_sitenote_active":false,"_monsterinsights_sitenote_note":"","_monsterinsights_sitenote_category":0,"ngg_post_thumbnail":0,"footnotes":""},"class_list":["post-24","page","type-page","status-publish","hentry"],"yoast_head":"<!-- This site is optimized with the Yoast SEO plugin v27.4 - https:\/\/yoast.com\/product\/yoast-seo-wordpress\/ -->\n<title>Constitui\u00e7\u00e3o - Junta de Freguesia de S\u00e3o Br\u00e1s de Alportel<\/title>\n<meta name=\"robots\" content=\"index, follow, max-snippet:-1, max-image-preview:large, max-video-preview:-1\" \/>\n<link rel=\"canonical\" href=\"https:\/\/jf-sbrasalportel.pt\/jfsba\/a-_autarquia\/0_autarq_af\/constituicao-2\/\" \/>\n<meta property=\"og:locale\" content=\"pt_PT\" \/>\n<meta property=\"og:type\" content=\"article\" \/>\n<meta property=\"og:title\" content=\"Constitui\u00e7\u00e3o - Junta de Freguesia de S\u00e3o Br\u00e1s de Alportel\" \/>\n<meta property=\"og:description\" content=\"PresidenteAm\u00e1vel Dionel Rodrigues de Sousa (PS) 1\u00aa Secret\u00e1riaPatricia Maria Palma Gon\u00e7alves Pereira Santos (PS) 2\u00aa Secret\u00e1riaM\u00e1rcio Manuel Carmo Sancho Rev\u00e9s (PS) Membros:S\u00f3nia Costa do Ros\u00e1rio (PS)Paulo Jorge de Sousa Gaud\u00eancio (PS)C\u00e1tia Andresa Cascalho Cardoso (PS)Jos\u00e9 Eug\u00e9nio Gomes Martins (PS)Gon\u00e7alo Alexandre Vieira Caboz D\u00e1 Mesquita (AD)S\u00f3nia Alexandra Pereira Andr\u00e9 (AD)Pedro Filipe Pires Pereira (AD)Anabela de F\u00e1tima &hellip; Continuar a lerConstitui\u00e7\u00e3o &rarr;\" \/>\n<meta property=\"og:url\" content=\"https:\/\/jf-sbrasalportel.pt\/jfsba\/a-_autarquia\/0_autarq_af\/constituicao-2\/\" \/>\n<meta property=\"og:site_name\" content=\"Junta de Freguesia de S\u00e3o Br\u00e1s de Alportel\" \/>\n<meta property=\"article:modified_time\" content=\"2025-11-11T14:18:56+00:00\" \/>\n<meta name=\"twitter:card\" content=\"summary_large_image\" \/>\n<meta name=\"twitter:label1\" content=\"Tempo estimado de leitura\" \/>\n\t<meta name=\"twitter:data1\" content=\"1 minuto\" \/>\n<script type=\"application\/ld+json\" class=\"yoast-schema-graph\">{\"@context\":\"https:\\\/\\\/schema.org\",\"@graph\":[{\"@type\":\"WebPage\",\"@id\":\"https:\\\/\\\/jf-sbrasalportel.pt\\\/jfsba\\\/a-_autarquia\\\/0_autarq_af\\\/constituicao-2\\\/\",\"url\":\"https:\\\/\\\/jf-sbrasalportel.pt\\\/jfsba\\\/a-_autarquia\\\/0_autarq_af\\\/constituicao-2\\\/\",\"name\":\"Constitui\u00e7\u00e3o - Junta de Freguesia de S\u00e3o Br\u00e1s de Alportel\",\"isPartOf\":{\"@id\":\"https:\\\/\\\/jf-sbrasalportel.pt\\\/jfsba\\\/#website\"},\"datePublished\":\"2014-05-20T14:42:18+00:00\",\"dateModified\":\"2025-11-11T14:18:56+00:00\",\"breadcrumb\":{\"@id\":\"https:\\\/\\\/jf-sbrasalportel.pt\\\/jfsba\\\/a-_autarquia\\\/0_autarq_af\\\/constituicao-2\\\/#breadcrumb\"},\"inLanguage\":\"pt-PT\",\"potentialAction\":[{\"@type\":\"ReadAction\",\"target\":[\"https:\\\/\\\/jf-sbrasalportel.pt\\\/jfsba\\\/a-_autarquia\\\/0_autarq_af\\\/constituicao-2\\\/\"]}]},{\"@type\":\"BreadcrumbList\",\"@id\":\"https:\\\/\\\/jf-sbrasalportel.pt\\\/jfsba\\\/a-_autarquia\\\/0_autarq_af\\\/constituicao-2\\\/#breadcrumb\",\"itemListElement\":[{\"@type\":\"ListItem\",\"position\":1,\"name\":\"In\u00edcio\",\"item\":\"https:\\\/\\\/jf-sbrasalportel.pt\\\/jfsba\\\/\"},{\"@type\":\"ListItem\",\"position\":2,\"name\":\": : : : : : : : : : : : : : : : A _AUTARQUIA : : : : : : : : : : : : : : : :\",\"item\":\"https:\\\/\\\/jf-sbrasalportel.pt\\\/jfsba\\\/a-_autarquia\\\/\"},{\"@type\":\"ListItem\",\"position\":3,\"name\":\"&#8211; &#8211; &#8211; &#8211; &#8211; &#8211; &#8211; &#8211; &#8211; &#8211; &#8211; &#8211; &#8211; &#8211; &#8211; &#8211; &#8211; &#8211; ASSEMBLEIA_FREGUESIA &#8211; &#8211; &#8211; &#8211; &#8211; &#8211; &#8211; &#8211; &#8211; &#8211; &#8211; &#8211; &#8211; &#8211; &#8211; &#8211; &#8211; &#8211;\",\"item\":\"https:\\\/\\\/jf-sbrasalportel.pt\\\/jfsba\\\/a-_autarquia\\\/0_autarq_af\\\/\"},{\"@type\":\"ListItem\",\"position\":4,\"name\":\"Constitui\u00e7\u00e3o\"}]},{\"@type\":\"WebSite\",\"@id\":\"https:\\\/\\\/jf-sbrasalportel.pt\\\/jfsba\\\/#website\",\"url\":\"https:\\\/\\\/jf-sbrasalportel.pt\\\/jfsba\\\/\",\"name\":\"Junta de Freguesia de S\u00e3o Br\u00e1s de Alportel\",\"description\":\"Site institucional da Freguesia de S\u00e3o Br\u00e1s de Alportel\",\"potentialAction\":[{\"@type\":\"SearchAction\",\"target\":{\"@type\":\"EntryPoint\",\"urlTemplate\":\"https:\\\/\\\/jf-sbrasalportel.pt\\\/jfsba\\\/?s={search_term_string}\"},\"query-input\":{\"@type\":\"PropertyValueSpecification\",\"valueRequired\":true,\"valueName\":\"search_term_string\"}}],\"inLanguage\":\"pt-PT\"}]}<\/script>\n<!-- \/ Yoast SEO plugin. -->","yoast_head_json":{"title":"Constitui\u00e7\u00e3o - Junta de Freguesia de S\u00e3o Br\u00e1s de Alportel","robots":{"index":"index","follow":"follow","max-snippet":"max-snippet:-1","max-image-preview":"max-image-preview:large","max-video-preview":"max-video-preview:-1"},"canonical":"https:\/\/jf-sbrasalportel.pt\/jfsba\/a-_autarquia\/0_autarq_af\/constituicao-2\/","og_locale":"pt_PT","og_type":"article","og_title":"Constitui\u00e7\u00e3o - Junta de Freguesia de S\u00e3o Br\u00e1s de Alportel","og_description":"PresidenteAm\u00e1vel Dionel Rodrigues de Sousa (PS) 1\u00aa Secret\u00e1riaPatricia Maria Palma Gon\u00e7alves Pereira Santos (PS) 2\u00aa Secret\u00e1riaM\u00e1rcio Manuel Carmo Sancho Rev\u00e9s (PS) Membros:S\u00f3nia Costa do Ros\u00e1rio (PS)Paulo Jorge de Sousa Gaud\u00eancio (PS)C\u00e1tia Andresa Cascalho Cardoso (PS)Jos\u00e9 Eug\u00e9nio Gomes Martins (PS)Gon\u00e7alo Alexandre Vieira Caboz D\u00e1 Mesquita (AD)S\u00f3nia Alexandra Pereira Andr\u00e9 (AD)Pedro Filipe Pires Pereira (AD)Anabela de F\u00e1tima &hellip; Continuar a lerConstitui\u00e7\u00e3o &rarr;","og_url":"https:\/\/jf-sbrasalportel.pt\/jfsba\/a-_autarquia\/0_autarq_af\/constituicao-2\/","og_site_name":"Junta de Freguesia de S\u00e3o Br\u00e1s de Alportel","article_modified_time":"2025-11-11T14:18:56+00:00","twitter_card":"summary_large_image","twitter_misc":{"Tempo estimado de leitura":"1 minuto"},"schema":{"@context":"https:\/\/schema.org","@graph":[{"@type":"WebPage","@id":"https:\/\/jf-sbrasalportel.pt\/jfsba\/a-_autarquia\/0_autarq_af\/constituicao-2\/","url":"https:\/\/jf-sbrasalportel.pt\/jfsba\/a-_autarquia\/0_autarq_af\/constituicao-2\/","name":"Constitui\u00e7\u00e3o - Junta de Freguesia de S\u00e3o Br\u00e1s de Alportel","isPartOf":{"@id":"https:\/\/jf-sbrasalportel.pt\/jfsba\/#website"},"datePublished":"2014-05-20T14:42:18+00:00","dateModified":"2025-11-11T14:18:56+00:00","breadcrumb":{"@id":"https:\/\/jf-sbrasalportel.pt\/jfsba\/a-_autarquia\/0_autarq_af\/constituicao-2\/#breadcrumb"},"inLanguage":"pt-PT","potentialAction":[{"@type":"ReadAction","target":["https:\/\/jf-sbrasalportel.pt\/jfsba\/a-_autarquia\/0_autarq_af\/constituicao-2\/"]}]},{"@type":"BreadcrumbList","@id":"https:\/\/jf-sbrasalportel.pt\/jfsba\/a-_autarquia\/0_autarq_af\/constituicao-2\/#breadcrumb","itemListElement":[{"@type":"ListItem","position":1,"name":"In\u00edcio","item":"https:\/\/jf-sbrasalportel.pt\/jfsba\/"},{"@type":"ListItem","position":2,"name":": : : : : : : : : : : : : : : : A _AUTARQUIA : : : : : : : : : : : : : : : :","item":"https:\/\/jf-sbrasalportel.pt\/jfsba\/a-_autarquia\/"},{"@type":"ListItem","position":3,"name":"&#8211; &#8211; &#8211; &#8211; &#8211; &#8211; &#8211; &#8211; &#8211; &#8211; &#8211; &#8211; &#8211; &#8211; &#8211; &#8211; &#8211; &#8211; ASSEMBLEIA_FREGUESIA &#8211; &#8211; &#8211; &#8211; &#8211; &#8211; &#8211; &#8211; &#8211; &#8211; &#8211; &#8211; &#8211; &#8211; &#8211; &#8211; &#8211; &#8211;","item":"https:\/\/jf-sbrasalportel.pt\/jfsba\/a-_autarquia\/0_autarq_af\/"},{"@type":"ListItem","position":4,"name":"Constitui\u00e7\u00e3o"}]},{"@type":"WebSite","@id":"https:\/\/jf-sbrasalportel.pt\/jfsba\/#website","url":"https:\/\/jf-sbrasalportel.pt\/jfsba\/","name":"Junta de Freguesia de S\u00e3o Br\u00e1s de Alportel","description":"Site institucional da Freguesia de S\u00e3o Br\u00e1s de Alportel","potentialAction":[{"@type":"SearchAction","target":{"@type":"EntryPoint","urlTemplate":"https:\/\/jf-sbrasalportel.pt\/jfsba\/?s={search_term_string}"},"query-input":{"@type":"PropertyValueSpecification","valueRequired":true,"valueName":"search_term_string"}}],"inLanguage":"pt-PT"}]}},"_links":{"self":[{"href":"https:\/\/jf-sbrasalportel.pt\/jfsba\/wp-json\/wp\/v2\/pages\/24","targetHints":{"allow":["GET"]}}],"collection":[{"href":"https:\/\/jf-sbrasalportel.pt\/jfsba\/wp-json\/wp\/v2\/pages"}],"about":[{"href":"https:\/\/jf-sbrasalportel.pt\/jfsba\/wp-json\/wp\/v2\/types\/page"}],"author":[{"embeddable":true,"href":"https:\/\/jf-sbrasalportel.pt\/jfsba\/wp-json\/wp\/v2\/users\/1"}],"replies":[{"embeddable":true,"href":"https:\/\/jf-sbrasalportel.pt\/jfsba\/wp-json\/wp\/v2\/comments?post=24"}],"version-history":[{"count":15,"href":"https:\/\/jf-sbrasalportel.pt\/jfsba\/wp-json\/wp\/v2\/pages\/24\/revisions"}],"predecessor-version":[{"id":5025,"href":"https:\/\/jf-sbrasalportel.pt\/jfsba\/wp-json\/wp\/v2\/pages\/24\/revisions\/5025"}],"up":[{"embeddable":true,"href":"https:\/\/jf-sbrasalportel.pt\/jfsba\/wp-json\/wp\/v2\/pages\/142"}],"wp:attachment":[{"href":"https:\/\/jf-sbrasalportel.pt\/jfsba\/wp-json\/wp\/v2\/media?parent=24"}],"curies":[{"name":"wp","href":"https:\/\/api.w.org\/{rel}","templated":true}]}}