{"id":180,"date":"2014-05-21T08:44:00","date_gmt":"2014-05-21T08:44:00","guid":{"rendered":"http:\/\/jf-sbrasalportel.pt\/jf\/?page_id=180"},"modified":"2026-01-07T14:40:55","modified_gmt":"2026-01-07T14:40:55","slug":"siadap","status":"publish","type":"page","link":"https:\/\/jf-sbrasalportel.pt\/jfsba\/consultas_online\/siadap\/","title":{"rendered":"Mapa de Pessoal"},"content":{"rendered":"<p>Ao abrigo do artigo 29.\u00ba da LTFP, aprovada pela Lei 35\/2014, de 30 de junho:<\/p>\n<ul>\n<li><a href=\"https:\/\/jf-sbrasalportel.pt\/jfsba\/wp-content\/uploads\/2026\/01\/mapa-Pessoal.pdf\">Mapa de Pessoal 2026<\/a><\/li>\n<li><a href=\"https:\/\/jf-sbrasalportel.pt\/jfsba\/wp-content\/uploads\/2024\/12\/pessoal2025.pdf\">Mapa de Pessoal 2025<\/a><\/li>\n<li><a href=\"https:\/\/jf-sbrasalportel.pt\/jfsba\/wp-content\/uploads\/2024\/04\/Mapa-Pessoal-2024.pdf\">Mapa de Pessoal 2024<\/a><\/li>\n<li><a href=\"https:\/\/jf-sbrasalportel.pt\/jfsba\/wp-content\/uploads\/2024\/04\/Mapa-de-Pessoal-2023.pdf\">Mapa de Pessoal 2023<\/a><\/li>\n<li><a href=\"https:\/\/jf-sbrasalportel.pt\/jfsba\/wp-content\/uploads\/2022\/01\/mapa-de-pessoal-2022.pdf\">Mapa de pessoal 2022<\/a><\/li>\n<li><a href=\"https:\/\/jf-sbrasalportel.pt\/jfsba\/wp-content\/uploads\/2021\/01\/Mapa-de-Pessoal-2021.pdf\">Mapa de Pessoal 2021<\/a><\/li>\n<li><a href=\"https:\/\/jf-sbrasalportel.pt\/jfsba\/wp-content\/uploads\/2021\/01\/Mapa-de-Pessoal-2020.pdf\">Mapa de Pessoal 2020<\/a><\/li>\n<li><a href=\"https:\/\/jf-sbrasalportel.pt\/jfsba\/wp-content\/uploads\/2018\/12\/mapa-pessoal-2019.pdf\">Mapa de Pessoal 2019<\/a><\/li>\n<li><a href=\"https:\/\/jf-sbrasalportel.pt\/jfsba\/wp-content\/uploads\/2018\/01\/Mapa-de-Pessoal-2018.pdf\">Mapa de Pessoal 2018<\/a><\/li>\n<li><a href=\"https:\/\/jf-sbrasalportel.pt\/jfsba\/wp-content\/uploads\/2014\/05\/mapa-pessoal.pdf\">Mapa de Pessoal 2017<\/a><\/li>\n<li><a href=\"https:\/\/jf-sbrasalportel.pt\/jfsba\/wp-content\/uploads\/2014\/05\/Mapa-pessoal-2016.pdf\">Mapa de Pessoal\u00a0 2016<\/a><\/li>\n<li><a href=\"https:\/\/jf-sbrasalportel.pt\/jfsba\/wp-content\/uploads\/2015\/01\/Mapa-de-pessoal-2015.pdf\" target=\"_blank\" rel=\"noopener noreferrer\">Mapa de Pessoal 2015<\/a><\/li>\n<li><a href=\"https:\/\/jf-sbrasalportel.pt\/jfsba\/wp-content\/uploads\/2014\/05\/2013_mapa_pessoal.pdf\">Mapa de Pessoal 2013<\/a><\/li>\n<\/ul>\n<p><span style=\"color: #ff6600;\">Altera\u00e7\u00f5es:<br \/><a href=\"https:\/\/jf-sbrasalportel.pt\/jfsba\/wp-content\/uploads\/2024\/12\/alteracao-24.pdf\">&#8211; 1.\u00aa altera\u00e7\u00e3o mapa de pessoal 2024<\/a><br \/><\/span><\/p>\n<p><a href=\"https:\/\/jf-sbrasalportel.pt\/jfsba\/wp-content\/uploads\/2021\/06\/1.\u00aa-altera\u00e7\u00e3o-mapa-pessoal-2021.pdf\">&#8211; 1.\u00aa altera\u00e7\u00e3o mapa pessoal 2021<\/a><\/p>\n<p>&#8211; <a href=\"https:\/\/jf-sbrasalportel.pt\/jfsba\/wp-content\/uploads\/2014\/05\/1.\u00aa-altera\u00e7\u00e3o-ao-mapa-de-pessoal-2016.pdf\" target=\"_blank\" rel=\"noopener noreferrer\">1\u00aa altera\u00e7\u00e3o ao mapa de pessoal 2016<\/a><\/p>\n\n","protected":false},"excerpt":{"rendered":"<p>Ao abrigo do artigo 29.\u00ba da LTFP, aprovada pela Lei 35\/2014, de 30 de junho: Mapa de Pessoal 2026 Mapa de Pessoal 2025 Mapa de Pessoal 2024 Mapa de Pessoal 2023 Mapa de pessoal 2022 Mapa de Pessoal 2021 Mapa de Pessoal 2020 Mapa de Pessoal 2019 Mapa de Pessoal 2018 Mapa de Pessoal 2017 &hellip; <a href=\"https:\/\/jf-sbrasalportel.pt\/jfsba\/consultas_online\/siadap\/\" class=\"more-link\">Continuar a ler<span class=\"screen-reader-text\">Mapa de Pessoal<\/span> <span class=\"meta-nav\">&rarr;<\/span><\/a><\/p>\n","protected":false},"author":1,"featured_media":0,"parent":372,"menu_order":7,"comment_status":"closed","ping_status":"closed","template":"","meta":{"_monsterinsights_skip_tracking":false,"_monsterinsights_sitenote_active":false,"_monsterinsights_sitenote_note":"","_monsterinsights_sitenote_category":0,"ngg_post_thumbnail":0,"footnotes":""},"class_list":["post-180","page","type-page","status-publish","hentry"],"yoast_head":"<!-- This site is optimized with the Yoast SEO plugin v27.4 - https:\/\/yoast.com\/product\/yoast-seo-wordpress\/ -->\n<title>Mapa de Pessoal - Junta de Freguesia de S\u00e3o Br\u00e1s de Alportel<\/title>\n<meta name=\"robots\" content=\"index, follow, max-snippet:-1, max-image-preview:large, max-video-preview:-1\" \/>\n<link rel=\"canonical\" href=\"https:\/\/jf-sbrasalportel.pt\/jfsba\/consultas_online\/siadap\/\" \/>\n<meta property=\"og:locale\" content=\"pt_PT\" \/>\n<meta property=\"og:type\" content=\"article\" \/>\n<meta property=\"og:title\" content=\"Mapa de Pessoal - Junta de Freguesia de S\u00e3o Br\u00e1s de Alportel\" \/>\n<meta property=\"og:description\" content=\"Ao abrigo do artigo 29.\u00ba da LTFP, aprovada pela Lei 35\/2014, de 30 de junho: Mapa de Pessoal 2026 Mapa de Pessoal 2025 Mapa de Pessoal 2024 Mapa de Pessoal 2023 Mapa de pessoal 2022 Mapa de Pessoal 2021 Mapa de Pessoal 2020 Mapa de Pessoal 2019 Mapa de Pessoal 2018 Mapa de Pessoal 2017 &hellip; Continuar a lerMapa de Pessoal &rarr;\" \/>\n<meta property=\"og:url\" content=\"https:\/\/jf-sbrasalportel.pt\/jfsba\/consultas_online\/siadap\/\" \/>\n<meta property=\"og:site_name\" content=\"Junta de Freguesia de S\u00e3o Br\u00e1s de Alportel\" \/>\n<meta property=\"article:modified_time\" content=\"2026-01-07T14:40:55+00:00\" \/>\n<meta name=\"twitter:card\" content=\"summary_large_image\" \/>\n<meta name=\"twitter:label1\" content=\"Tempo estimado de leitura\" \/>\n\t<meta name=\"twitter:data1\" content=\"1 minuto\" \/>\n<script type=\"application\/ld+json\" class=\"yoast-schema-graph\">{\"@context\":\"https:\\\/\\\/schema.org\",\"@graph\":[{\"@type\":\"WebPage\",\"@id\":\"https:\\\/\\\/jf-sbrasalportel.pt\\\/jfsba\\\/consultas_online\\\/siadap\\\/\",\"url\":\"https:\\\/\\\/jf-sbrasalportel.pt\\\/jfsba\\\/consultas_online\\\/siadap\\\/\",\"name\":\"Mapa de Pessoal - Junta de Freguesia de S\u00e3o Br\u00e1s de Alportel\",\"isPartOf\":{\"@id\":\"https:\\\/\\\/jf-sbrasalportel.pt\\\/jfsba\\\/#website\"},\"datePublished\":\"2014-05-21T08:44:00+00:00\",\"dateModified\":\"2026-01-07T14:40:55+00:00\",\"breadcrumb\":{\"@id\":\"https:\\\/\\\/jf-sbrasalportel.pt\\\/jfsba\\\/consultas_online\\\/siadap\\\/#breadcrumb\"},\"inLanguage\":\"pt-PT\",\"potentialAction\":[{\"@type\":\"ReadAction\",\"target\":[\"https:\\\/\\\/jf-sbrasalportel.pt\\\/jfsba\\\/consultas_online\\\/siadap\\\/\"]}]},{\"@type\":\"BreadcrumbList\",\"@id\":\"https:\\\/\\\/jf-sbrasalportel.pt\\\/jfsba\\\/consultas_online\\\/siadap\\\/#breadcrumb\",\"itemListElement\":[{\"@type\":\"ListItem\",\"position\":1,\"name\":\"In\u00edcio\",\"item\":\"https:\\\/\\\/jf-sbrasalportel.pt\\\/jfsba\\\/\"},{\"@type\":\"ListItem\",\"position\":2,\"name\":\": : : : : : : : : : : : : : : : Consultas_Online : : : : : : : : : : : : : : : :\",\"item\":\"https:\\\/\\\/jf-sbrasalportel.pt\\\/jfsba\\\/consultas_online\\\/\"},{\"@type\":\"ListItem\",\"position\":3,\"name\":\"Mapa de Pessoal\"}]},{\"@type\":\"WebSite\",\"@id\":\"https:\\\/\\\/jf-sbrasalportel.pt\\\/jfsba\\\/#website\",\"url\":\"https:\\\/\\\/jf-sbrasalportel.pt\\\/jfsba\\\/\",\"name\":\"Junta de Freguesia de S\u00e3o Br\u00e1s de Alportel\",\"description\":\"Site institucional da Freguesia de S\u00e3o Br\u00e1s de Alportel\",\"potentialAction\":[{\"@type\":\"SearchAction\",\"target\":{\"@type\":\"EntryPoint\",\"urlTemplate\":\"https:\\\/\\\/jf-sbrasalportel.pt\\\/jfsba\\\/?s={search_term_string}\"},\"query-input\":{\"@type\":\"PropertyValueSpecification\",\"valueRequired\":true,\"valueName\":\"search_term_string\"}}],\"inLanguage\":\"pt-PT\"}]}<\/script>\n<!-- \/ Yoast SEO plugin. -->","yoast_head_json":{"title":"Mapa de Pessoal - Junta de Freguesia de S\u00e3o Br\u00e1s de Alportel","robots":{"index":"index","follow":"follow","max-snippet":"max-snippet:-1","max-image-preview":"max-image-preview:large","max-video-preview":"max-video-preview:-1"},"canonical":"https:\/\/jf-sbrasalportel.pt\/jfsba\/consultas_online\/siadap\/","og_locale":"pt_PT","og_type":"article","og_title":"Mapa de Pessoal - Junta de Freguesia de S\u00e3o Br\u00e1s de Alportel","og_description":"Ao abrigo do artigo 29.\u00ba da LTFP, aprovada pela Lei 35\/2014, de 30 de junho: Mapa de Pessoal 2026 Mapa de Pessoal 2025 Mapa de Pessoal 2024 Mapa de Pessoal 2023 Mapa de pessoal 2022 Mapa de Pessoal 2021 Mapa de Pessoal 2020 Mapa de Pessoal 2019 Mapa de Pessoal 2018 Mapa de Pessoal 2017 &hellip; Continuar a lerMapa de Pessoal &rarr;","og_url":"https:\/\/jf-sbrasalportel.pt\/jfsba\/consultas_online\/siadap\/","og_site_name":"Junta de Freguesia de S\u00e3o Br\u00e1s de Alportel","article_modified_time":"2026-01-07T14:40:55+00:00","twitter_card":"summary_large_image","twitter_misc":{"Tempo estimado de leitura":"1 minuto"},"schema":{"@context":"https:\/\/schema.org","@graph":[{"@type":"WebPage","@id":"https:\/\/jf-sbrasalportel.pt\/jfsba\/consultas_online\/siadap\/","url":"https:\/\/jf-sbrasalportel.pt\/jfsba\/consultas_online\/siadap\/","name":"Mapa de Pessoal - Junta de Freguesia de S\u00e3o Br\u00e1s de Alportel","isPartOf":{"@id":"https:\/\/jf-sbrasalportel.pt\/jfsba\/#website"},"datePublished":"2014-05-21T08:44:00+00:00","dateModified":"2026-01-07T14:40:55+00:00","breadcrumb":{"@id":"https:\/\/jf-sbrasalportel.pt\/jfsba\/consultas_online\/siadap\/#breadcrumb"},"inLanguage":"pt-PT","potentialAction":[{"@type":"ReadAction","target":["https:\/\/jf-sbrasalportel.pt\/jfsba\/consultas_online\/siadap\/"]}]},{"@type":"BreadcrumbList","@id":"https:\/\/jf-sbrasalportel.pt\/jfsba\/consultas_online\/siadap\/#breadcrumb","itemListElement":[{"@type":"ListItem","position":1,"name":"In\u00edcio","item":"https:\/\/jf-sbrasalportel.pt\/jfsba\/"},{"@type":"ListItem","position":2,"name":": : : : : : : : : : : : : : : : Consultas_Online : : : : : : : : : : : : : : : :","item":"https:\/\/jf-sbrasalportel.pt\/jfsba\/consultas_online\/"},{"@type":"ListItem","position":3,"name":"Mapa de Pessoal"}]},{"@type":"WebSite","@id":"https:\/\/jf-sbrasalportel.pt\/jfsba\/#website","url":"https:\/\/jf-sbrasalportel.pt\/jfsba\/","name":"Junta de Freguesia de S\u00e3o Br\u00e1s de Alportel","description":"Site institucional da Freguesia de S\u00e3o Br\u00e1s de Alportel","potentialAction":[{"@type":"SearchAction","target":{"@type":"EntryPoint","urlTemplate":"https:\/\/jf-sbrasalportel.pt\/jfsba\/?s={search_term_string}"},"query-input":{"@type":"PropertyValueSpecification","valueRequired":true,"valueName":"search_term_string"}}],"inLanguage":"pt-PT"}]}},"_links":{"self":[{"href":"https:\/\/jf-sbrasalportel.pt\/jfsba\/wp-json\/wp\/v2\/pages\/180","targetHints":{"allow":["GET"]}}],"collection":[{"href":"https:\/\/jf-sbrasalportel.pt\/jfsba\/wp-json\/wp\/v2\/pages"}],"about":[{"href":"https:\/\/jf-sbrasalportel.pt\/jfsba\/wp-json\/wp\/v2\/types\/page"}],"author":[{"embeddable":true,"href":"https:\/\/jf-sbrasalportel.pt\/jfsba\/wp-json\/wp\/v2\/users\/1"}],"replies":[{"embeddable":true,"href":"https:\/\/jf-sbrasalportel.pt\/jfsba\/wp-json\/wp\/v2\/comments?post=180"}],"version-history":[{"count":28,"href":"https:\/\/jf-sbrasalportel.pt\/jfsba\/wp-json\/wp\/v2\/pages\/180\/revisions"}],"predecessor-version":[{"id":5157,"href":"https:\/\/jf-sbrasalportel.pt\/jfsba\/wp-json\/wp\/v2\/pages\/180\/revisions\/5157"}],"up":[{"embeddable":true,"href":"https:\/\/jf-sbrasalportel.pt\/jfsba\/wp-json\/wp\/v2\/pages\/372"}],"wp:attachment":[{"href":"https:\/\/jf-sbrasalportel.pt\/jfsba\/wp-json\/wp\/v2\/media?parent=180"}],"curies":[{"name":"wp","href":"https:\/\/api.w.org\/{rel}","templated":true}]}}