{"id":1778,"date":"2017-06-12T09:16:42","date_gmt":"2017-06-12T09:16:42","guid":{"rendered":"http:\/\/jf-sbrasalportel.pt\/jf\/?page_id=1778"},"modified":"2017-11-13T11:57:10","modified_gmt":"2017-11-13T11:57:10","slug":"candidatura","status":"publish","type":"page","link":"https:\/\/jf-sbrasalportel.pt\/jfsba\/portugal-2020\/candidatura\/","title":{"rendered":"Candidatura &#8211; Moderniza\u00e7\u00e3o e Capacita\u00e7\u00e3o Administrativa"},"content":{"rendered":"<p>A Junta de Freguesia de S\u00e3o Br\u00e1s de Alportel, apresentou, uma&nbsp;candidatura ao Programa Cresc Algarve 2020, no \u00e2mbito da Promo\u00e7\u00e3o das TIC na Administra\u00e7\u00e3o e Servi\u00e7os P\u00fablicos.<\/p>\n<p>Sob a designa\u00e7\u00e3o<strong> \u201cModerniza\u00e7\u00e3o e Capacita\u00e7\u00e3o Administrativa: Junta de Freguesia de S\u00e3o Br\u00e1s de Alportel mais pr\u00f3xima do cidad\u00e3o\u201d<\/strong>, \u00e9 objectivo desta autarquia, a cria\u00e7\u00e3o de um canal de comunica\u00e7\u00e3o entre a Junta de Freguesia e cidad\u00e3o, onde todos os formul\u00e1rios estar\u00e3o dispon\u00edveis online e atrav\u00e9s do qual o cidad\u00e3o pode submeter os seus pedidos, representar\u00e1 uma desmaterializa\u00e7\u00e3o direta dos processos associados \u00e0 entrada e processamento dos requerimentos efetuados pelos cidad\u00e3os.<\/p>\n<p>Os principais objetivos desta opera\u00e7\u00e3o s\u00e3o facilitar a comunica\u00e7\u00e3o entre o cidad\u00e3o e a Junta de Freguesia, principalmente no que respeita \u00e0 submiss\u00e3o de requerimentos, acompanhamento do seu processamento e respetiva resolu\u00e7\u00e3o e facilitar, aos cidad\u00e3os e turistas, o acesso a informa\u00e7\u00e3o \u00fatil e atualizada fornecida pela Junta de Freguesia. Com a concretiza\u00e7\u00e3o desta candidatura, ser\u00e3o implementadas solu\u00e7\u00f5es que visam n\u00e3o s\u00f3 a moderniza\u00e7\u00e3o administrativa da Junta de Freguesia mas, tamb\u00e9m, a simplifica\u00e7\u00e3o da execu\u00e7\u00e3o de tarefas como o tratamento de requerimentos entregues pelos cidad\u00e3os implicando, assim, a desmaterializa\u00e7\u00e3o de processos e respetiva reengenharia.<\/p>\n<p><strong>Documentos:<\/strong><\/p>\n<ul>\n<li><a href=\"https:\/\/jf-sbrasalportel.pt\/jfsba\/wp-content\/uploads\/2017\/06\/Modelo_SBA_Ficha_WEB_CRESCALGARVE_2020_vfinal.pdf\" target=\"_blank\" rel=\"noopener\">Ficha WEB CRESC ALGARVE 2020 &#8211; JFSBA<\/a><\/li>\n<\/ul>\n<p><img loading=\"lazy\" decoding=\"async\" class=\"alignleft wp-image-1780 size-large\" src=\"https:\/\/jf-sbrasalportel.pt\/jfsba\/wp-content\/uploads\/2017\/06\/POAlgarve_PT2020_FEEI_Bom-1024x187.jpg\" alt=\"\" width=\"474\" height=\"87\" srcset=\"https:\/\/jf-sbrasalportel.pt\/jfsba\/wp-content\/uploads\/2017\/06\/POAlgarve_PT2020_FEEI_Bom-1024x187.jpg 1024w, https:\/\/jf-sbrasalportel.pt\/jfsba\/wp-content\/uploads\/2017\/06\/POAlgarve_PT2020_FEEI_Bom-300x55.jpg 300w, https:\/\/jf-sbrasalportel.pt\/jfsba\/wp-content\/uploads\/2017\/06\/POAlgarve_PT2020_FEEI_Bom-768x140.jpg 768w\" sizes=\"auto, (max-width: 474px) 100vw, 474px\" \/><\/p>\n","protected":false},"excerpt":{"rendered":"<p>A Junta de Freguesia de S\u00e3o Br\u00e1s de Alportel, apresentou, uma&nbsp;candidatura ao Programa Cresc Algarve 2020, no \u00e2mbito da Promo\u00e7\u00e3o das TIC na Administra\u00e7\u00e3o e Servi\u00e7os P\u00fablicos. Sob a designa\u00e7\u00e3o \u201cModerniza\u00e7\u00e3o e Capacita\u00e7\u00e3o Administrativa: Junta de Freguesia de S\u00e3o Br\u00e1s de Alportel mais pr\u00f3xima do cidad\u00e3o\u201d, \u00e9 objectivo desta autarquia, a cria\u00e7\u00e3o de um canal &hellip; <a href=\"https:\/\/jf-sbrasalportel.pt\/jfsba\/portugal-2020\/candidatura\/\" class=\"more-link\">Continuar a ler<span class=\"screen-reader-text\">Candidatura &#8211; Moderniza\u00e7\u00e3o e Capacita\u00e7\u00e3o Administrativa<\/span> <span class=\"meta-nav\">&rarr;<\/span><\/a><\/p>\n","protected":false},"author":1,"featured_media":0,"parent":1771,"menu_order":0,"comment_status":"closed","ping_status":"closed","template":"","meta":{"_monsterinsights_skip_tracking":false,"_monsterinsights_sitenote_active":false,"_monsterinsights_sitenote_note":"","_monsterinsights_sitenote_category":0,"ngg_post_thumbnail":0,"footnotes":""},"class_list":["post-1778","page","type-page","status-publish","hentry"],"yoast_head":"<!-- This site is optimized with the Yoast SEO plugin v27.4 - https:\/\/yoast.com\/product\/yoast-seo-wordpress\/ -->\n<title>Candidatura - Moderniza\u00e7\u00e3o e Capacita\u00e7\u00e3o Administrativa - Junta de Freguesia de S\u00e3o Br\u00e1s de Alportel<\/title>\n<meta name=\"robots\" content=\"index, follow, max-snippet:-1, max-image-preview:large, max-video-preview:-1\" \/>\n<link rel=\"canonical\" href=\"https:\/\/jf-sbrasalportel.pt\/jfsba\/portugal-2020\/candidatura\/\" \/>\n<meta property=\"og:locale\" content=\"pt_PT\" \/>\n<meta property=\"og:type\" content=\"article\" \/>\n<meta property=\"og:title\" content=\"Candidatura - Moderniza\u00e7\u00e3o e Capacita\u00e7\u00e3o Administrativa - Junta de Freguesia de S\u00e3o Br\u00e1s de Alportel\" \/>\n<meta property=\"og:description\" content=\"A Junta de Freguesia de S\u00e3o Br\u00e1s de Alportel, apresentou, uma&nbsp;candidatura ao Programa Cresc Algarve 2020, no \u00e2mbito da Promo\u00e7\u00e3o das TIC na Administra\u00e7\u00e3o e Servi\u00e7os P\u00fablicos. Sob a designa\u00e7\u00e3o \u201cModerniza\u00e7\u00e3o e Capacita\u00e7\u00e3o Administrativa: Junta de Freguesia de S\u00e3o Br\u00e1s de Alportel mais pr\u00f3xima do cidad\u00e3o\u201d, \u00e9 objectivo desta autarquia, a cria\u00e7\u00e3o de um canal &hellip; Continuar a lerCandidatura &#8211; Moderniza\u00e7\u00e3o e Capacita\u00e7\u00e3o Administrativa &rarr;\" \/>\n<meta property=\"og:url\" content=\"https:\/\/jf-sbrasalportel.pt\/jfsba\/portugal-2020\/candidatura\/\" \/>\n<meta property=\"og:site_name\" content=\"Junta de Freguesia de S\u00e3o Br\u00e1s de Alportel\" \/>\n<meta property=\"article:modified_time\" content=\"2017-11-13T11:57:10+00:00\" \/>\n<meta property=\"og:image\" content=\"http:\/\/jf-sbrasalportel.pt\/jfsba\/wp-content\/uploads\/2017\/06\/POAlgarve_PT2020_FEEI_Bom-1024x187.jpg\" \/>\n<meta name=\"twitter:card\" content=\"summary_large_image\" \/>\n<meta name=\"twitter:label1\" content=\"Tempo estimado de leitura\" \/>\n\t<meta name=\"twitter:data1\" content=\"1 minuto\" \/>\n<script type=\"application\/ld+json\" class=\"yoast-schema-graph\">{\"@context\":\"https:\\\/\\\/schema.org\",\"@graph\":[{\"@type\":\"WebPage\",\"@id\":\"https:\\\/\\\/jf-sbrasalportel.pt\\\/jfsba\\\/portugal-2020\\\/candidatura\\\/\",\"url\":\"https:\\\/\\\/jf-sbrasalportel.pt\\\/jfsba\\\/portugal-2020\\\/candidatura\\\/\",\"name\":\"Candidatura - Moderniza\u00e7\u00e3o e Capacita\u00e7\u00e3o Administrativa - Junta de Freguesia de S\u00e3o Br\u00e1s de Alportel\",\"isPartOf\":{\"@id\":\"https:\\\/\\\/jf-sbrasalportel.pt\\\/jfsba\\\/#website\"},\"primaryImageOfPage\":{\"@id\":\"https:\\\/\\\/jf-sbrasalportel.pt\\\/jfsba\\\/portugal-2020\\\/candidatura\\\/#primaryimage\"},\"image\":{\"@id\":\"https:\\\/\\\/jf-sbrasalportel.pt\\\/jfsba\\\/portugal-2020\\\/candidatura\\\/#primaryimage\"},\"thumbnailUrl\":\"http:\\\/\\\/jf-sbrasalportel.pt\\\/jfsba\\\/wp-content\\\/uploads\\\/2017\\\/06\\\/POAlgarve_PT2020_FEEI_Bom-1024x187.jpg\",\"datePublished\":\"2017-06-12T09:16:42+00:00\",\"dateModified\":\"2017-11-13T11:57:10+00:00\",\"breadcrumb\":{\"@id\":\"https:\\\/\\\/jf-sbrasalportel.pt\\\/jfsba\\\/portugal-2020\\\/candidatura\\\/#breadcrumb\"},\"inLanguage\":\"pt-PT\",\"potentialAction\":[{\"@type\":\"ReadAction\",\"target\":[\"https:\\\/\\\/jf-sbrasalportel.pt\\\/jfsba\\\/portugal-2020\\\/candidatura\\\/\"]}]},{\"@type\":\"ImageObject\",\"inLanguage\":\"pt-PT\",\"@id\":\"https:\\\/\\\/jf-sbrasalportel.pt\\\/jfsba\\\/portugal-2020\\\/candidatura\\\/#primaryimage\",\"url\":\"http:\\\/\\\/jf-sbrasalportel.pt\\\/jfsba\\\/wp-content\\\/uploads\\\/2017\\\/06\\\/POAlgarve_PT2020_FEEI_Bom-1024x187.jpg\",\"contentUrl\":\"http:\\\/\\\/jf-sbrasalportel.pt\\\/jfsba\\\/wp-content\\\/uploads\\\/2017\\\/06\\\/POAlgarve_PT2020_FEEI_Bom-1024x187.jpg\"},{\"@type\":\"BreadcrumbList\",\"@id\":\"https:\\\/\\\/jf-sbrasalportel.pt\\\/jfsba\\\/portugal-2020\\\/candidatura\\\/#breadcrumb\",\"itemListElement\":[{\"@type\":\"ListItem\",\"position\":1,\"name\":\"In\u00edcio\",\"item\":\"https:\\\/\\\/jf-sbrasalportel.pt\\\/jfsba\\\/\"},{\"@type\":\"ListItem\",\"position\":2,\"name\":\": : : : : : : : : : : : : : : : PORTUGAL 2020 : : : : : : : : : : : : : : : :\",\"item\":\"https:\\\/\\\/jf-sbrasalportel.pt\\\/jfsba\\\/portugal-2020\\\/\"},{\"@type\":\"ListItem\",\"position\":3,\"name\":\"Candidatura &#8211; Moderniza\u00e7\u00e3o e Capacita\u00e7\u00e3o Administrativa\"}]},{\"@type\":\"WebSite\",\"@id\":\"https:\\\/\\\/jf-sbrasalportel.pt\\\/jfsba\\\/#website\",\"url\":\"https:\\\/\\\/jf-sbrasalportel.pt\\\/jfsba\\\/\",\"name\":\"Junta de Freguesia de S\u00e3o Br\u00e1s de Alportel\",\"description\":\"Site institucional da Freguesia de S\u00e3o Br\u00e1s de Alportel\",\"potentialAction\":[{\"@type\":\"SearchAction\",\"target\":{\"@type\":\"EntryPoint\",\"urlTemplate\":\"https:\\\/\\\/jf-sbrasalportel.pt\\\/jfsba\\\/?s={search_term_string}\"},\"query-input\":{\"@type\":\"PropertyValueSpecification\",\"valueRequired\":true,\"valueName\":\"search_term_string\"}}],\"inLanguage\":\"pt-PT\"}]}<\/script>\n<!-- \/ Yoast SEO plugin. -->","yoast_head_json":{"title":"Candidatura - Moderniza\u00e7\u00e3o e Capacita\u00e7\u00e3o Administrativa - Junta de Freguesia de S\u00e3o Br\u00e1s de Alportel","robots":{"index":"index","follow":"follow","max-snippet":"max-snippet:-1","max-image-preview":"max-image-preview:large","max-video-preview":"max-video-preview:-1"},"canonical":"https:\/\/jf-sbrasalportel.pt\/jfsba\/portugal-2020\/candidatura\/","og_locale":"pt_PT","og_type":"article","og_title":"Candidatura - Moderniza\u00e7\u00e3o e Capacita\u00e7\u00e3o Administrativa - Junta de Freguesia de S\u00e3o Br\u00e1s de Alportel","og_description":"A Junta de Freguesia de S\u00e3o Br\u00e1s de Alportel, apresentou, uma&nbsp;candidatura ao Programa Cresc Algarve 2020, no \u00e2mbito da Promo\u00e7\u00e3o das TIC na Administra\u00e7\u00e3o e Servi\u00e7os P\u00fablicos. Sob a designa\u00e7\u00e3o \u201cModerniza\u00e7\u00e3o e Capacita\u00e7\u00e3o Administrativa: Junta de Freguesia de S\u00e3o Br\u00e1s de Alportel mais pr\u00f3xima do cidad\u00e3o\u201d, \u00e9 objectivo desta autarquia, a cria\u00e7\u00e3o de um canal &hellip; Continuar a lerCandidatura &#8211; Moderniza\u00e7\u00e3o e Capacita\u00e7\u00e3o Administrativa &rarr;","og_url":"https:\/\/jf-sbrasalportel.pt\/jfsba\/portugal-2020\/candidatura\/","og_site_name":"Junta de Freguesia de S\u00e3o Br\u00e1s de Alportel","article_modified_time":"2017-11-13T11:57:10+00:00","og_image":[{"url":"http:\/\/jf-sbrasalportel.pt\/jfsba\/wp-content\/uploads\/2017\/06\/POAlgarve_PT2020_FEEI_Bom-1024x187.jpg","type":"","width":"","height":""}],"twitter_card":"summary_large_image","twitter_misc":{"Tempo estimado de leitura":"1 minuto"},"schema":{"@context":"https:\/\/schema.org","@graph":[{"@type":"WebPage","@id":"https:\/\/jf-sbrasalportel.pt\/jfsba\/portugal-2020\/candidatura\/","url":"https:\/\/jf-sbrasalportel.pt\/jfsba\/portugal-2020\/candidatura\/","name":"Candidatura - Moderniza\u00e7\u00e3o e Capacita\u00e7\u00e3o Administrativa - Junta de Freguesia de S\u00e3o Br\u00e1s de Alportel","isPartOf":{"@id":"https:\/\/jf-sbrasalportel.pt\/jfsba\/#website"},"primaryImageOfPage":{"@id":"https:\/\/jf-sbrasalportel.pt\/jfsba\/portugal-2020\/candidatura\/#primaryimage"},"image":{"@id":"https:\/\/jf-sbrasalportel.pt\/jfsba\/portugal-2020\/candidatura\/#primaryimage"},"thumbnailUrl":"http:\/\/jf-sbrasalportel.pt\/jfsba\/wp-content\/uploads\/2017\/06\/POAlgarve_PT2020_FEEI_Bom-1024x187.jpg","datePublished":"2017-06-12T09:16:42+00:00","dateModified":"2017-11-13T11:57:10+00:00","breadcrumb":{"@id":"https:\/\/jf-sbrasalportel.pt\/jfsba\/portugal-2020\/candidatura\/#breadcrumb"},"inLanguage":"pt-PT","potentialAction":[{"@type":"ReadAction","target":["https:\/\/jf-sbrasalportel.pt\/jfsba\/portugal-2020\/candidatura\/"]}]},{"@type":"ImageObject","inLanguage":"pt-PT","@id":"https:\/\/jf-sbrasalportel.pt\/jfsba\/portugal-2020\/candidatura\/#primaryimage","url":"http:\/\/jf-sbrasalportel.pt\/jfsba\/wp-content\/uploads\/2017\/06\/POAlgarve_PT2020_FEEI_Bom-1024x187.jpg","contentUrl":"http:\/\/jf-sbrasalportel.pt\/jfsba\/wp-content\/uploads\/2017\/06\/POAlgarve_PT2020_FEEI_Bom-1024x187.jpg"},{"@type":"BreadcrumbList","@id":"https:\/\/jf-sbrasalportel.pt\/jfsba\/portugal-2020\/candidatura\/#breadcrumb","itemListElement":[{"@type":"ListItem","position":1,"name":"In\u00edcio","item":"https:\/\/jf-sbrasalportel.pt\/jfsba\/"},{"@type":"ListItem","position":2,"name":": : : : : : : : : : : : : : : : PORTUGAL 2020 : : : : : : : : : : : : : : : :","item":"https:\/\/jf-sbrasalportel.pt\/jfsba\/portugal-2020\/"},{"@type":"ListItem","position":3,"name":"Candidatura &#8211; Moderniza\u00e7\u00e3o e Capacita\u00e7\u00e3o Administrativa"}]},{"@type":"WebSite","@id":"https:\/\/jf-sbrasalportel.pt\/jfsba\/#website","url":"https:\/\/jf-sbrasalportel.pt\/jfsba\/","name":"Junta de Freguesia de S\u00e3o Br\u00e1s de Alportel","description":"Site institucional da Freguesia de S\u00e3o Br\u00e1s de Alportel","potentialAction":[{"@type":"SearchAction","target":{"@type":"EntryPoint","urlTemplate":"https:\/\/jf-sbrasalportel.pt\/jfsba\/?s={search_term_string}"},"query-input":{"@type":"PropertyValueSpecification","valueRequired":true,"valueName":"search_term_string"}}],"inLanguage":"pt-PT"}]}},"_links":{"self":[{"href":"https:\/\/jf-sbrasalportel.pt\/jfsba\/wp-json\/wp\/v2\/pages\/1778","targetHints":{"allow":["GET"]}}],"collection":[{"href":"https:\/\/jf-sbrasalportel.pt\/jfsba\/wp-json\/wp\/v2\/pages"}],"about":[{"href":"https:\/\/jf-sbrasalportel.pt\/jfsba\/wp-json\/wp\/v2\/types\/page"}],"author":[{"embeddable":true,"href":"https:\/\/jf-sbrasalportel.pt\/jfsba\/wp-json\/wp\/v2\/users\/1"}],"replies":[{"embeddable":true,"href":"https:\/\/jf-sbrasalportel.pt\/jfsba\/wp-json\/wp\/v2\/comments?post=1778"}],"version-history":[{"count":6,"href":"https:\/\/jf-sbrasalportel.pt\/jfsba\/wp-json\/wp\/v2\/pages\/1778\/revisions"}],"predecessor-version":[{"id":1965,"href":"https:\/\/jf-sbrasalportel.pt\/jfsba\/wp-json\/wp\/v2\/pages\/1778\/revisions\/1965"}],"up":[{"embeddable":true,"href":"https:\/\/jf-sbrasalportel.pt\/jfsba\/wp-json\/wp\/v2\/pages\/1771"}],"wp:attachment":[{"href":"https:\/\/jf-sbrasalportel.pt\/jfsba\/wp-json\/wp\/v2\/media?parent=1778"}],"curies":[{"name":"wp","href":"https:\/\/api.w.org\/{rel}","templated":true}]}}