{"id":174,"date":"2014-05-21T08:43:31","date_gmt":"2014-05-21T08:43:31","guid":{"rendered":"http:\/\/jf-sbrasalportel.pt\/jf\/?page_id=174"},"modified":"2026-04-28T14:46:33","modified_gmt":"2026-04-28T14:46:33","slug":"prestacoes-de-contas","status":"publish","type":"page","link":"https:\/\/jf-sbrasalportel.pt\/jfsba\/consultas_online\/prestacoes-de-contas\/","title":{"rendered":"Presta\u00e7\u00f5es de Contas"},"content":{"rendered":"<p><strong>2025<\/strong><\/p>\n<p><a href=\"https:\/\/jf-sbrasalportel.pt\/jfsba\/wp-content\/uploads\/2026\/04\/Relatorio-de-Gestao-e-Conta-de-Gerencia-2025.pdf\">Presta\u00e7\u00e3o de Contas<\/a><a href=\"https:\/\/jf-sbrasalportel.pt\/jfsba\/wp-content\/uploads\/2026\/04\/Relatorio-de-Gestao-e-Conta-de-Gerencia-2025.pdf\"> 2025<\/a><\/p>\n<p><a href=\"https:\/\/jf-sbrasalportel.pt\/jfsba\/wp-content\/uploads\/2026\/02\/SubvencoesPublicasSubmetidas_20260223-121640.pdf\">Subvencoes Publicas<\/a><\/p>\n<p><strong>2024<br \/><\/strong><a href=\"https:\/\/jf-sbrasalportel.pt\/jfsba\/wp-content\/uploads\/2025\/12\/Relatorio-de-Gestao-e-Conta-de-Gerencia.pdf\">Pr<\/a><a href=\"https:\/\/jf-sbrasalportel.pt\/jfsba\/wp-content\/uploads\/2025\/12\/Relatorio-de-Gestao-e-Conta-de-Gerencia.pdf\">esta\u00e7\u00e3o<\/a><a href=\"https:\/\/jf-sbrasalportel.pt\/jfsba\/wp-content\/uploads\/2025\/12\/Relatorio-de-Gestao-e-Conta-de-Gerencia.pdf\"> de Contas 2024<\/a><strong><br \/><\/strong><\/p>\n<p><strong>2023<br \/><\/strong><a href=\"https:\/\/jf-sbrasalportel.pt\/jfsba\/wp-content\/uploads\/2024\/05\/Relatorio-Gestao-e-Contas-Gerencia.pdf\">Presta\u00e7\u00e3o Contas 2023<\/a><\/p>\n<p><strong>2022<br \/><\/strong><a style=\"font-size: revert;\" href=\"https:\/\/jf-sbrasalportel.pt\/jfsba\/wp-content\/uploads\/2023\/05\/Prestacao-de-Contas-2022.pdf\">Pr<\/a><a style=\"font-size: revert;\" href=\"https:\/\/jf-sbrasalportel.pt\/jfsba\/wp-content\/uploads\/2023\/05\/Prestacao-de-Contas-2022.pdf\">esta\u00e7\u00e3o Contas 2022<\/a><\/p>\n<p><strong>2021<\/strong><br \/><a style=\"font-size: revert;\" href=\"https:\/\/jf-sbrasalportel.pt\/jfsba\/wp-content\/uploads\/2022\/05\/Prestacao-Contas-2021-site.pdf\">Presta\u00e7\u00e3o Contas &#8211; 2021<\/a><\/p>\n<p><strong>2020<\/strong><br \/><a href=\"https:\/\/jf-sbrasalportel.pt\/jfsba\/wp-content\/uploads\/2022\/05\/PRESTACAO-CONTAS-2020.pdf\">Presta\u00e7\u00e3o de Contas 2020<\/a><\/p>\n<p><strong>2019<br \/><\/strong><a href=\"https:\/\/jf-sbrasalportel.pt\/jfsba\/wp-content\/uploads\/2020\/07\/Controlo-Or\u00e7amental-Despesa.pdf\">\u00a0Controlo Or\u00e7amental Despesa<\/a><br \/><a href=\"https:\/\/jf-sbrasalportel.pt\/jfsba\/wp-content\/uploads\/2020\/07\/Controlo-Or\u00e7amental-Receita.pdf\">Controlo Or\u00e7amental Receita<\/a><br \/><a href=\"https:\/\/jf-sbrasalportel.pt\/jfsba\/wp-content\/uploads\/2020\/07\/Execu\u00e7\u00e3o-anual-PPA.pdf\">Execu\u00e7\u00e3o anual PPA<\/a><br \/><a href=\"https:\/\/jf-sbrasalportel.pt\/jfsba\/wp-content\/uploads\/2020\/07\/Execu\u00e7\u00e3o-anual-PPI.pdf\">Execu\u00e7\u00e3o anual PPI<\/a><br \/><a href=\"https:\/\/jf-sbrasalportel.pt\/jfsba\/wp-content\/uploads\/2020\/07\/Fluxo-de-Caixa.pdf\">Fluxo de Caixa<\/a><br \/><a href=\"https:\/\/jf-sbrasalportel.pt\/jfsba\/wp-content\/uploads\/2020\/07\/Transfer\u00eancia-Capital-Receita.pdf\">Transfer\u00eancia Capital Receita<\/a><br \/><a href=\"https:\/\/jf-sbrasalportel.pt\/jfsba\/wp-content\/uploads\/2020\/07\/Transfer\u00eancia-Corrente-Despesa.pdf\">Transfer\u00eancia Corrente Despesa<\/a><br \/><a href=\"https:\/\/jf-sbrasalportel.pt\/jfsba\/wp-content\/uploads\/2020\/07\/Transfer\u00eancia-Corrente-Receita.pdf\">Transfer\u00eancia Corrente Receita<\/a><\/p>\n<p><strong>2018<br \/><\/strong><a href=\"https:\/\/jf-sbrasalportel.pt\/jfsba\/wp-content\/uploads\/2019\/05\/Controlo-Or\u00e7amental-Despesa.pdf\">Controlo Or\u00e7amental Despesa<\/a><br \/><a href=\"https:\/\/jf-sbrasalportel.pt\/jfsba\/wp-content\/uploads\/2019\/05\/Controlo-Or\u00e7amental-receita.pdf\">Controlo<\/a><a href=\"https:\/\/jf-sbrasalportel.pt\/jfsba\/wp-content\/uploads\/2019\/05\/Controlo-Or\u00e7amental-receita.pdf\"> Or\u00e7amental<\/a><a href=\"https:\/\/jf-sbrasalportel.pt\/jfsba\/wp-content\/uploads\/2019\/05\/Controlo-Or\u00e7amental-receita.pdf\"> Receita<\/a><br \/><a href=\"https:\/\/jf-sbrasalportel.pt\/jfsba\/wp-content\/uploads\/2019\/05\/Fluxo-de-caixa.pdf\">Fluxo de caixa<\/a><br \/><a href=\"https:\/\/jf-sbrasalportel.pt\/jfsba\/wp-content\/uploads\/2019\/05\/Opera\u00e7\u00f5es-Tesouraria.pdf\">Opera\u00e7\u00f5es Tesouraria<\/a><br \/><a href=\"https:\/\/jf-sbrasalportel.pt\/jfsba\/wp-content\/uploads\/2019\/05\/Relat\u00f3rio-de-Gest\u00e3o-2.pdf\">Relat\u00f3rio de Gest\u00e3o <\/a><br \/><a href=\"https:\/\/jf-sbrasalportel.pt\/jfsba\/wp-content\/uploads\/2019\/05\/Relat\u00f3rio-de-Gest\u00e3o-Anexo-I.pdf\">Relat\u00f3rio de Gest\u00e3o Anexo I<\/a><br \/><a href=\"https:\/\/jf-sbrasalportel.pt\/jfsba\/wp-content\/uploads\/2019\/05\/Transf.-correntes-Despesa.pdf\">Transfer\u00eancias correntes Despesa<\/a><br \/><a href=\"https:\/\/jf-sbrasalportel.pt\/jfsba\/wp-content\/uploads\/2019\/05\/Transf.-correntes-receita.pdf\">Transfer\u00eancias correntes receita<\/a><br \/><a href=\"https:\/\/jf-sbrasalportel.pt\/jfsba\/wp-content\/uploads\/2019\/05\/Transf.-Capital-Receita.pdf\">Transfer\u00eancias Capital Receita<\/a><br \/><a href=\"https:\/\/jf-sbrasalportel.pt\/jfsba\/wp-content\/uploads\/2019\/05\/Mapa-s\u00edntese-dos-bens-inventariados.pdf\">Mapa s\u00edntese dos bens inventariados<\/a><\/p>\n<p><strong>2017<br \/><\/strong><a href=\"https:\/\/jf-sbrasalportel.pt\/jfsba\/wp-content\/uploads\/2018\/05\/Controlo-orcamental-receita-despesa.pdf\">Controlo orcamental receita despesa<\/a><br \/><a href=\"https:\/\/jf-sbrasalportel.pt\/jfsba\/wp-content\/uploads\/2018\/05\/Fluxos-de-caixa.pdf\">Fluxos de caixa<\/a><br \/><a href=\"https:\/\/jf-sbrasalportel.pt\/jfsba\/wp-content\/uploads\/2018\/05\/Opera\u00e7\u00f5es-Tesouraria.pdf\">Opera\u00e7\u00f5es Tesouraria<\/a><br \/><a href=\"https:\/\/jf-sbrasalportel.pt\/jfsba\/wp-content\/uploads\/2018\/05\/Relat\u00f3rio-Gest\u00e3o.pdf\">Relat\u00f3rio Gest\u00e3o<\/a><br \/><a href=\"https:\/\/jf-sbrasalportel.pt\/jfsba\/wp-content\/uploads\/2018\/05\/PPI.pdf\">Execu\u00e7\u00e3o &#8211; PPI<\/a><br \/><a href=\"https:\/\/jf-sbrasalportel.pt\/jfsba\/wp-content\/uploads\/2018\/05\/PPA.pdf\">Execu\u00e7\u00e3o &#8211; PPA<\/a><br \/><a href=\"https:\/\/jf-sbrasalportel.pt\/jfsba\/wp-content\/uploads\/2018\/05\/Mapa-sintese-dos-bens-inventariados.pdf\">Mapa sintese dos bens inventariados<\/a><\/p>\n<p><strong>2016<\/strong> (disponibilizado em maio de 2017)<br \/><a href=\"https:\/\/jf-sbrasalportel.pt\/jfsba\/wp-content\/uploads\/2014\/05\/Controlo-Or\u00e7amental-Receita-1.pdf\" target=\"_blank\" rel=\"noopener noreferrer\">Controlo Or\u00e7amental &#8211; Receita<\/a><br \/><a href=\"https:\/\/jf-sbrasalportel.pt\/jfsba\/wp-content\/uploads\/2014\/05\/Controlo-Or\u00e7amental-Despesa-1.pdf\" target=\"_blank\" rel=\"noopener noreferrer\">Controlo Or\u00e7amental &#8211; Despesa<\/a><br \/><a href=\"https:\/\/jf-sbrasalportel.pt\/jfsba\/wp-content\/uploads\/2014\/05\/Fluxo-de-Caixa.pdf\" target=\"_blank\" rel=\"noopener noreferrer\">Fluxo de Caixa<\/a><br \/><a href=\"https:\/\/jf-sbrasalportel.pt\/jfsba\/wp-content\/uploads\/2014\/05\/Opera\u00e7\u00f5es-Tesouraria-1.pdf\" target=\"_blank\" rel=\"noopener noreferrer\">Opera\u00e7\u00f5es Tesouraria<\/a><br \/><a href=\"https:\/\/jf-sbrasalportel.pt\/jfsba\/wp-content\/uploads\/2014\/05\/Relat\u00f3rio-Gestao.pdf\" target=\"_blank\" rel=\"noopener noreferrer\">Relat\u00f3rio Gest\u00e3o<\/a><br \/><a href=\"https:\/\/jf-sbrasalportel.pt\/jfsba\/wp-content\/uploads\/2014\/05\/Execu\u00e7\u00e3o-PPI.pdf\" target=\"_blank\" rel=\"noopener noreferrer\">Execu\u00e7\u00e3o &#8211; PPI<\/a><br \/><a href=\"https:\/\/jf-sbrasalportel.pt\/jfsba\/wp-content\/uploads\/2014\/05\/Execu\u00e7\u00e3o-PPA.pdf\" target=\"_blank\" rel=\"noopener noreferrer\">Execu\u00e7\u00e3o &#8211; PPA<\/a><br \/><a href=\"https:\/\/jf-sbrasalportel.pt\/jfsba\/wp-content\/uploads\/2014\/05\/Mapa-Sintese-Invent\u00e1rio.pdf\" target=\"_blank\" rel=\"noopener noreferrer\">Mapa Sintese Invent\u00e1rio<\/a><\/p>\n<p><span style=\"text-decoration: underline;\"><strong>2015<\/strong> <\/span>(disponibilizado em maio de 2016)<br \/><a href=\"https:\/\/jf-sbrasalportel.pt\/jfsba\/wp-content\/uploads\/2014\/05\/doc20160429152600-Controlo-orc.-receita.pdf\" target=\"_blank\" rel=\"noopener noreferrer\">Controlo Or\u00e7amental &#8211; Receita<\/a><br \/><a href=\"https:\/\/jf-sbrasalportel.pt\/jfsba\/wp-content\/uploads\/2014\/05\/doc20160429152923-Controlo-Orc.-despesa.pdf\" target=\"_blank\" rel=\"noopener noreferrer\">Controlo Or\u00e7amental &#8211; Despesa<\/a><br \/><a href=\"https:\/\/jf-sbrasalportel.pt\/jfsba\/wp-content\/uploads\/2014\/05\/doc20160429152108-Fluxo-Caixa.pdf\" target=\"_blank\" rel=\"noopener noreferrer\">\u00a0Fluxo Caixa<\/a><br \/><a href=\"https:\/\/jf-sbrasalportel.pt\/jfsba\/wp-content\/uploads\/2014\/05\/Opera\u00e7\u00f5es-Tesouraria.pdf\" target=\"_blank\" rel=\"noopener noreferrer\">Opera\u00e7\u00f5es Tesouraria<\/a><br \/><a href=\"https:\/\/jf-sbrasalportel.pt\/jfsba\/wp-content\/uploads\/2014\/05\/doc20160429145025-Relatorio-Gestao-1.pdf\" target=\"_blank\" rel=\"noopener noreferrer\">Relat\u00f3rio Gestao<\/a><br \/><a href=\"https:\/\/jf-sbrasalportel.pt\/jfsba\/wp-content\/uploads\/2014\/05\/doc20160429150817-Execu\u00e7\u00e3o-PPI.pdf\" target=\"_blank\" rel=\"noopener noreferrer\">Execu\u00e7\u00e3o PPI<\/a><br \/><a href=\"https:\/\/jf-sbrasalportel.pt\/jfsba\/wp-content\/uploads\/2014\/05\/doc20160429150113-Execu\u00e7\u00e3o-PPA.pdf\" target=\"_blank\" rel=\"noopener noreferrer\">Execu\u00e7\u00e3o PPA<\/a><br \/><a href=\"https:\/\/jf-sbrasalportel.pt\/jfsba\/wp-content\/uploads\/2014\/05\/Mapa-Sintese-Bens-Inventariados.pdf\" target=\"_blank\" rel=\"noopener noreferrer\">Mapa Sintese Bens Inventariados<\/a><\/p>\n<p><span style=\"font-weight: bold;\">2014<\/span>\u00a0(disponibilizado em Maio de 2015)<br \/><a href=\"https:\/\/jf-sbrasalportel.pt\/jfsba\/wp-content\/uploads\/2014\/05\/Controlo-Or\u00e7amental-Receita.pdf\" target=\"_blank\" rel=\"noopener noreferrer\">Controlo Or\u00e7amental &#8211; Receita<\/a><br \/><a href=\"https:\/\/jf-sbrasalportel.pt\/jfsba\/wp-content\/uploads\/2014\/05\/Controlo-Or\u00e7amental-Despesa.pdf\" target=\"_blank\" rel=\"noopener noreferrer\">Controlo Or\u00e7amental &#8211; Despesa<\/a><br \/><a href=\"https:\/\/jf-sbrasalportel.pt\/jfsba\/wp-content\/uploads\/2014\/05\/Fluxos-de-Caixa.pdf\" target=\"_blank\" rel=\"noopener noreferrer\">Fluxos de Caixa<\/a><br \/><a href=\"https:\/\/jf-sbrasalportel.pt\/jfsba\/wp-content\/uploads\/2014\/05\/Operac\u00f5es-Tesouraria1.pdf\" target=\"_blank\" rel=\"noopener noreferrer\">Operac\u00f5es Tesouraria<\/a><\/p>\n<hr \/>\n<p><span style=\"font-weight: bold;\">2013 <\/span>(disponibilizado em Maio de 2014)<br \/><a href=\"https:\/\/jf-sbrasalportel.pt\/jfsba\/wp-content\/uploads\/2014\/05\/control-da-receita-2013.pdf\" target=\"_blank\" rel=\"noopener noreferrer\">Controlo Or\u00e7amental &#8211; Receita<\/a><br \/><a href=\"https:\/\/jf-sbrasalportel.pt\/jfsba\/wp-content\/uploads\/2014\/05\/control-despesa-2013.pdf\" target=\"_blank\" rel=\"noopener noreferrer\">Controlo Or\u00e7amental &#8211; Despesa<\/a><br \/><a href=\"https:\/\/jf-sbrasalportel.pt\/jfsba\/wp-content\/uploads\/2014\/05\/relatrio-gesto-2013.pdf\" target=\"_blank\" rel=\"noopener noreferrer\">Relat\u00f3rio de Gest\u00e3o<\/a><\/p>\n<p><strong>2012 <\/strong>(disponibilizado em Maio de 2013)<br \/><a href=\"https:\/\/jf-sbrasalportel.pt\/jfsba\/wp-content\/uploads\/2014\/05\/controlo-oramental-receita-2012.pdf\" target=\"_blank\" rel=\"noopener noreferrer\">Controlo Or\u00e7amental &#8211; Receita<\/a><br \/><a href=\"https:\/\/jf-sbrasalportel.pt\/jfsba\/wp-content\/uploads\/2014\/05\/controlo-oramenta-despesa-2012.pdf\" target=\"_blank\" rel=\"noopener noreferrer\">Controlo Or\u00e7amental &#8211; Despesa<\/a><br \/><a href=\"https:\/\/jf-sbrasalportel.pt\/jfsba\/wp-content\/uploads\/2014\/05\/fluxo-de-caixa-2012.pdf\" target=\"_blank\" rel=\"noopener noreferrer\">Fluxo de caixa<\/a><\/p>\n\n","protected":false},"excerpt":{"rendered":"<p>2025 Presta\u00e7\u00e3o de Contas 2025 Subvencoes Publicas 2024Presta\u00e7\u00e3o de Contas 2024 2023Presta\u00e7\u00e3o Contas 2023 2022Presta\u00e7\u00e3o Contas 2022 2021Presta\u00e7\u00e3o Contas &#8211; 2021 2020Presta\u00e7\u00e3o de Contas 2020 2019\u00a0Controlo Or\u00e7amental DespesaControlo Or\u00e7amental ReceitaExecu\u00e7\u00e3o anual PPAExecu\u00e7\u00e3o anual PPIFluxo de CaixaTransfer\u00eancia Capital ReceitaTransfer\u00eancia Corrente DespesaTransfer\u00eancia Corrente Receita 2018Controlo Or\u00e7amental DespesaControlo Or\u00e7amental ReceitaFluxo de caixaOpera\u00e7\u00f5es TesourariaRelat\u00f3rio de Gest\u00e3o Relat\u00f3rio de Gest\u00e3o &hellip; <a href=\"https:\/\/jf-sbrasalportel.pt\/jfsba\/consultas_online\/prestacoes-de-contas\/\" class=\"more-link\">Continuar a ler<span class=\"screen-reader-text\">Presta\u00e7\u00f5es de Contas<\/span> <span class=\"meta-nav\">&rarr;<\/span><\/a><\/p>\n","protected":false},"author":1,"featured_media":0,"parent":372,"menu_order":4,"comment_status":"closed","ping_status":"closed","template":"","meta":{"_monsterinsights_skip_tracking":false,"_monsterinsights_sitenote_active":false,"_monsterinsights_sitenote_note":"","_monsterinsights_sitenote_category":0,"ngg_post_thumbnail":0,"footnotes":""},"class_list":["post-174","page","type-page","status-publish","hentry"],"yoast_head":"<!-- This site is optimized with the Yoast SEO plugin v27.5 - https:\/\/yoast.com\/product\/yoast-seo-wordpress\/ -->\n<title>Presta\u00e7\u00f5es de Contas - Junta de Freguesia de S\u00e3o Br\u00e1s de Alportel<\/title>\n<meta name=\"description\" content=\"Presta\u00e7\u00f5es de Contas - Junta de Freguesia de S\u00e3o Br\u00e1s de Alportel\" \/>\n<meta name=\"robots\" content=\"index, follow, max-snippet:-1, max-image-preview:large, max-video-preview:-1\" \/>\n<link rel=\"canonical\" href=\"https:\/\/jf-sbrasalportel.pt\/jfsba\/consultas_online\/prestacoes-de-contas\/\" \/>\n<meta property=\"og:locale\" content=\"pt_PT\" \/>\n<meta property=\"og:type\" content=\"article\" \/>\n<meta property=\"og:title\" content=\"Presta\u00e7\u00f5es de Contas - Junta de Freguesia de S\u00e3o Br\u00e1s de Alportel\" \/>\n<meta property=\"og:description\" content=\"Presta\u00e7\u00f5es de Contas - Junta de Freguesia de S\u00e3o Br\u00e1s de Alportel\" \/>\n<meta property=\"og:url\" content=\"https:\/\/jf-sbrasalportel.pt\/jfsba\/consultas_online\/prestacoes-de-contas\/\" \/>\n<meta property=\"og:site_name\" content=\"Junta de Freguesia de S\u00e3o Br\u00e1s de Alportel\" \/>\n<meta property=\"article:modified_time\" content=\"2026-04-28T14:46:33+00:00\" \/>\n<meta name=\"twitter:card\" content=\"summary_large_image\" \/>\n<meta name=\"twitter:label1\" content=\"Tempo estimado de leitura\" \/>\n\t<meta name=\"twitter:data1\" content=\"2 minutos\" \/>\n<script type=\"application\/ld+json\" class=\"yoast-schema-graph\">{\"@context\":\"https:\\\/\\\/schema.org\",\"@graph\":[{\"@type\":\"WebPage\",\"@id\":\"https:\\\/\\\/jf-sbrasalportel.pt\\\/jfsba\\\/consultas_online\\\/prestacoes-de-contas\\\/\",\"url\":\"https:\\\/\\\/jf-sbrasalportel.pt\\\/jfsba\\\/consultas_online\\\/prestacoes-de-contas\\\/\",\"name\":\"Presta\u00e7\u00f5es de Contas - Junta de Freguesia de S\u00e3o Br\u00e1s de Alportel\",\"isPartOf\":{\"@id\":\"https:\\\/\\\/jf-sbrasalportel.pt\\\/jfsba\\\/#website\"},\"datePublished\":\"2014-05-21T08:43:31+00:00\",\"dateModified\":\"2026-04-28T14:46:33+00:00\",\"description\":\"Presta\u00e7\u00f5es de Contas - Junta de Freguesia de S\u00e3o Br\u00e1s de Alportel\",\"breadcrumb\":{\"@id\":\"https:\\\/\\\/jf-sbrasalportel.pt\\\/jfsba\\\/consultas_online\\\/prestacoes-de-contas\\\/#breadcrumb\"},\"inLanguage\":\"pt-PT\",\"potentialAction\":[{\"@type\":\"ReadAction\",\"target\":[\"https:\\\/\\\/jf-sbrasalportel.pt\\\/jfsba\\\/consultas_online\\\/prestacoes-de-contas\\\/\"]}]},{\"@type\":\"BreadcrumbList\",\"@id\":\"https:\\\/\\\/jf-sbrasalportel.pt\\\/jfsba\\\/consultas_online\\\/prestacoes-de-contas\\\/#breadcrumb\",\"itemListElement\":[{\"@type\":\"ListItem\",\"position\":1,\"name\":\"In\u00edcio\",\"item\":\"https:\\\/\\\/jf-sbrasalportel.pt\\\/jfsba\\\/\"},{\"@type\":\"ListItem\",\"position\":2,\"name\":\": : : : : : : : : : : : : : : : Consultas_Online : : : : : : : : : : : : : : : :\",\"item\":\"https:\\\/\\\/jf-sbrasalportel.pt\\\/jfsba\\\/consultas_online\\\/\"},{\"@type\":\"ListItem\",\"position\":3,\"name\":\"Presta\u00e7\u00f5es de Contas\"}]},{\"@type\":\"WebSite\",\"@id\":\"https:\\\/\\\/jf-sbrasalportel.pt\\\/jfsba\\\/#website\",\"url\":\"https:\\\/\\\/jf-sbrasalportel.pt\\\/jfsba\\\/\",\"name\":\"Junta de Freguesia de S\u00e3o Br\u00e1s de Alportel\",\"description\":\"Site institucional da Freguesia de S\u00e3o Br\u00e1s de Alportel\",\"potentialAction\":[{\"@type\":\"SearchAction\",\"target\":{\"@type\":\"EntryPoint\",\"urlTemplate\":\"https:\\\/\\\/jf-sbrasalportel.pt\\\/jfsba\\\/?s={search_term_string}\"},\"query-input\":{\"@type\":\"PropertyValueSpecification\",\"valueRequired\":true,\"valueName\":\"search_term_string\"}}],\"inLanguage\":\"pt-PT\"}]}<\/script>\n<!-- \/ Yoast SEO plugin. -->","yoast_head_json":{"title":"Presta\u00e7\u00f5es de Contas - Junta de Freguesia de S\u00e3o Br\u00e1s de Alportel","description":"Presta\u00e7\u00f5es de Contas - Junta de Freguesia de S\u00e3o Br\u00e1s de Alportel","robots":{"index":"index","follow":"follow","max-snippet":"max-snippet:-1","max-image-preview":"max-image-preview:large","max-video-preview":"max-video-preview:-1"},"canonical":"https:\/\/jf-sbrasalportel.pt\/jfsba\/consultas_online\/prestacoes-de-contas\/","og_locale":"pt_PT","og_type":"article","og_title":"Presta\u00e7\u00f5es de Contas - Junta de Freguesia de S\u00e3o Br\u00e1s de Alportel","og_description":"Presta\u00e7\u00f5es de Contas - Junta de Freguesia de S\u00e3o Br\u00e1s de Alportel","og_url":"https:\/\/jf-sbrasalportel.pt\/jfsba\/consultas_online\/prestacoes-de-contas\/","og_site_name":"Junta de Freguesia de S\u00e3o Br\u00e1s de Alportel","article_modified_time":"2026-04-28T14:46:33+00:00","twitter_card":"summary_large_image","twitter_misc":{"Tempo estimado de leitura":"2 minutos"},"schema":{"@context":"https:\/\/schema.org","@graph":[{"@type":"WebPage","@id":"https:\/\/jf-sbrasalportel.pt\/jfsba\/consultas_online\/prestacoes-de-contas\/","url":"https:\/\/jf-sbrasalportel.pt\/jfsba\/consultas_online\/prestacoes-de-contas\/","name":"Presta\u00e7\u00f5es de Contas - Junta de Freguesia de S\u00e3o Br\u00e1s de Alportel","isPartOf":{"@id":"https:\/\/jf-sbrasalportel.pt\/jfsba\/#website"},"datePublished":"2014-05-21T08:43:31+00:00","dateModified":"2026-04-28T14:46:33+00:00","description":"Presta\u00e7\u00f5es de Contas - Junta de Freguesia de S\u00e3o Br\u00e1s de Alportel","breadcrumb":{"@id":"https:\/\/jf-sbrasalportel.pt\/jfsba\/consultas_online\/prestacoes-de-contas\/#breadcrumb"},"inLanguage":"pt-PT","potentialAction":[{"@type":"ReadAction","target":["https:\/\/jf-sbrasalportel.pt\/jfsba\/consultas_online\/prestacoes-de-contas\/"]}]},{"@type":"BreadcrumbList","@id":"https:\/\/jf-sbrasalportel.pt\/jfsba\/consultas_online\/prestacoes-de-contas\/#breadcrumb","itemListElement":[{"@type":"ListItem","position":1,"name":"In\u00edcio","item":"https:\/\/jf-sbrasalportel.pt\/jfsba\/"},{"@type":"ListItem","position":2,"name":": : : : : : : : : : : : : : : : Consultas_Online : : : : : : : : : : : : : : : :","item":"https:\/\/jf-sbrasalportel.pt\/jfsba\/consultas_online\/"},{"@type":"ListItem","position":3,"name":"Presta\u00e7\u00f5es de Contas"}]},{"@type":"WebSite","@id":"https:\/\/jf-sbrasalportel.pt\/jfsba\/#website","url":"https:\/\/jf-sbrasalportel.pt\/jfsba\/","name":"Junta de Freguesia de S\u00e3o Br\u00e1s de Alportel","description":"Site institucional da Freguesia de S\u00e3o Br\u00e1s de Alportel","potentialAction":[{"@type":"SearchAction","target":{"@type":"EntryPoint","urlTemplate":"https:\/\/jf-sbrasalportel.pt\/jfsba\/?s={search_term_string}"},"query-input":{"@type":"PropertyValueSpecification","valueRequired":true,"valueName":"search_term_string"}}],"inLanguage":"pt-PT"}]}},"_links":{"self":[{"href":"https:\/\/jf-sbrasalportel.pt\/jfsba\/wp-json\/wp\/v2\/pages\/174","targetHints":{"allow":["GET"]}}],"collection":[{"href":"https:\/\/jf-sbrasalportel.pt\/jfsba\/wp-json\/wp\/v2\/pages"}],"about":[{"href":"https:\/\/jf-sbrasalportel.pt\/jfsba\/wp-json\/wp\/v2\/types\/page"}],"author":[{"embeddable":true,"href":"https:\/\/jf-sbrasalportel.pt\/jfsba\/wp-json\/wp\/v2\/users\/1"}],"replies":[{"embeddable":true,"href":"https:\/\/jf-sbrasalportel.pt\/jfsba\/wp-json\/wp\/v2\/comments?post=174"}],"version-history":[{"count":96,"href":"https:\/\/jf-sbrasalportel.pt\/jfsba\/wp-json\/wp\/v2\/pages\/174\/revisions"}],"predecessor-version":[{"id":5255,"href":"https:\/\/jf-sbrasalportel.pt\/jfsba\/wp-json\/wp\/v2\/pages\/174\/revisions\/5255"}],"up":[{"embeddable":true,"href":"https:\/\/jf-sbrasalportel.pt\/jfsba\/wp-json\/wp\/v2\/pages\/372"}],"wp:attachment":[{"href":"https:\/\/jf-sbrasalportel.pt\/jfsba\/wp-json\/wp\/v2\/media?parent=174"}],"curies":[{"name":"wp","href":"https:\/\/api.w.org\/{rel}","templated":true}]}}