{"id":172,"date":"2014-05-21T08:43:21","date_gmt":"2014-05-21T08:43:21","guid":{"rendered":"http:\/\/jf-sbrasalportel.pt\/jf\/?page_id=172"},"modified":"2026-02-04T12:17:16","modified_gmt":"2026-02-04T12:17:16","slug":"orcamento","status":"publish","type":"page","link":"https:\/\/jf-sbrasalportel.pt\/jfsba\/consultas_online\/orcamento\/","title":{"rendered":"Or\u00e7amento"},"content":{"rendered":"\n<p><a href=\"https:\/\/jf-sbrasalportel.pt\/jfsba\/wp-content\/uploads\/2026\/02\/Orcamento-2026.pdf\">2026 &#8211; Or\u00e7amento e Op\u00e7\u00f5es do Plano<\/a><\/p>\n<p><a href=\"https:\/\/jf-sbrasalportel.pt\/jfsba\/wp-content\/uploads\/2024\/12\/Orcamento-da-Receita-e-Despesa_compressed.pdf\">2025 &#8211; Or\u00e7amento e Op\u00e7\u00f5es do Plano<\/a><\/p>\n\n\n\n<p><a href=\"https:\/\/jf-sbrasalportel.pt\/jfsba\/wp-content\/uploads\/2024\/01\/3-Orcamento-PPI-PPA.pdf\">2024 &#8211; Or\u00e7amento e Op\u00e7\u00f5es do Plano<\/a><\/p>\n<p><a href=\"https:\/\/jf-sbrasalportel.pt\/jfsba\/wp-content\/uploads\/2022\/12\/Grandes-Opcoes-do-Plano-2023.pdf\">2023 &#8211; Or\u00e7amento e Op\u00e7\u00f5es do Plano<\/a><\/p>\n\n\n<p><a href=\"https:\/\/jf-sbrasalportel.pt\/jfsba\/wp-content\/uploads\/2022\/01\/Opcoes-do-Plano-e-Orcamento-2022.pdf\">2022 &#8211; Or\u00e7amento e Op\u00e7\u00f5es do Plano<\/a><\/p>\n<p><a href=\"https:\/\/jf-sbrasalportel.pt\/jfsba\/wp-content\/uploads\/2021\/01\/Grandes-Op\u00e7\u00f5es-do-Plano-e-Or\u00e7amento-2021.pdf\">2021 &#8211; Or\u00e7amento e <\/a><a href=\"https:\/\/jf-sbrasalportel.pt\/jfsba\/wp-content\/uploads\/2021\/01\/Grandes-Op\u00e7\u00f5es-do-Plano-e-Or\u00e7amento-2021.pdf\"> Op\u00e7\u00f5es do Plano<\/a><\/p>\n<p><strong>2020<\/strong><\/p>\n<ul>\n<li style=\"list-style-type: none;\">\n<ul>\n<li><a href=\"https:\/\/jf-sbrasalportel.pt\/jfsba\/wp-content\/uploads\/2019\/12\/Op\u00e7\u00f5es-do-Plano-2020.pdf\">Op\u00e7\u00f5es do Plano- 2020<\/a><\/li>\n<li><a href=\"https:\/\/jf-sbrasalportel.pt\/jfsba\/wp-content\/uploads\/2019\/12\/Or\u00e7amento-Ordin\u00e1rio-2020.pdf\">Or\u00e7amento Ordin\u00e1rio 2020<\/a><\/li>\n<li><a href=\"https:\/\/jf-sbrasalportel.pt\/jfsba\/wp-content\/uploads\/2019\/12\/PPI-2020.pdf\">PPI &#8211; 2020<\/a><\/li>\n<li><a href=\"https:\/\/jf-sbrasalportel.pt\/jfsba\/wp-content\/uploads\/2019\/12\/PPA-2020.pdf\">PPA &#8211; 2020<\/a><\/li>\n<\/ul>\n<\/li>\n<\/ul>\n<p><strong>2019<\/strong><\/p>\n<ul>\n<li><a href=\"https:\/\/jf-sbrasalportel.pt\/jfsba\/wp-content\/uploads\/2018\/12\/op\u00e7\u00f5es-do-plano-2019.pdf\">Op\u00e7\u00f5es do Plano &#8211; 2019<\/a><\/li>\n<li><a href=\"https:\/\/jf-sbrasalportel.pt\/jfsba\/wp-content\/uploads\/2018\/12\/or\u00e7amento-receita-e-despesa-2019.pdf\">Or\u00e7amento Ordin\u00e1rio &#8211; 2019<\/a><\/li>\n<li><a href=\"https:\/\/jf-sbrasalportel.pt\/jfsba\/wp-content\/uploads\/2018\/12\/PPI-2019.pdf\">PPI &#8211; 2019<\/a><\/li>\n<li><a href=\"https:\/\/jf-sbrasalportel.pt\/jfsba\/wp-content\/uploads\/2018\/12\/PPA-2019.pdf\">PPA &#8211; 2019<\/a><\/li>\n<\/ul>\n<p><strong>2018<\/strong><\/p>\n<ul style=\"list-style-type: disc;\">\n<li><a href=\"https:\/\/jf-sbrasalportel.pt\/jfsba\/wp-content\/uploads\/2018\/01\/Op\u00e7\u00f5es-do-Plano-2018.pdf\">Op\u00e7\u00f5es do Plano &#8211; 2018<\/a><\/li>\n<li><a href=\"https:\/\/jf-sbrasalportel.pt\/jfsba\/wp-content\/uploads\/2018\/01\/Or\u00e7amento-Ordin\u00e1rio-2018.pdf\">Or\u00e7amento Ordin\u00e1rio &#8211; 2018<\/a><\/li>\n<li><a href=\"https:\/\/jf-sbrasalportel.pt\/jfsba\/wp-content\/uploads\/2018\/01\/PPI-2018.pdf\">PPI &#8211; 2018<\/a><\/li>\n<li><a href=\"https:\/\/jf-sbrasalportel.pt\/jfsba\/wp-content\/uploads\/2018\/01\/PPA-2018.pdf\">PPA &#8211; 2018<\/a><\/li>\n<\/ul>\n<p><strong>2017<\/strong><\/p>\n<ul>\n<li><a href=\"https:\/\/jf-sbrasalportel.pt\/jfsba\/wp-content\/uploads\/2014\/05\/Op\u00e7\u00f5es-Plano.pdf\" target=\"_blank\" rel=\"noopener noreferrer\">Op\u00e7\u00f5es do Plano &#8211; 2017<\/a><\/li>\n<li><a href=\"https:\/\/jf-sbrasalportel.pt\/jfsba\/wp-content\/uploads\/2014\/05\/or\u00e7amento.pdf\" target=\"_blank\" rel=\"noopener noreferrer\">Or\u00e7amento &#8211; 2017<\/a><\/li>\n<li><a href=\"https:\/\/jf-sbrasalportel.pt\/jfsba\/wp-content\/uploads\/2014\/05\/PPI.pdf\" target=\"_blank\" rel=\"noopener noreferrer\">PPI &#8211; 2017<\/a><\/li>\n<li><a href=\"https:\/\/jf-sbrasalportel.pt\/jfsba\/wp-content\/uploads\/2014\/05\/PPA.pdf\" target=\"_blank\" rel=\"noopener noreferrer\">PPA &#8211; 2017<\/a><\/li>\n<\/ul>\n<p><strong>2016<\/strong><\/p>\n<ul>\n<li><a href=\"https:\/\/jf-sbrasalportel.pt\/jfsba\/wp-content\/uploads\/2014\/05\/Op\u00e7\u00f5es-Plano-2016.pdf\" target=\"_blank\" rel=\"noopener noreferrer\">Op\u00e7\u00f5es Plano &#8211; 2016<\/a><\/li>\n<li><a href=\"https:\/\/jf-sbrasalportel.pt\/jfsba\/wp-content\/uploads\/2014\/05\/or\u00e7amento-2016.pdf\" target=\"_blank\" rel=\"noopener noreferrer\">or\u00e7amento &#8211; 2016<\/a><\/li>\n<li><a href=\"https:\/\/jf-sbrasalportel.pt\/jfsba\/wp-content\/uploads\/2014\/05\/PPI-2016.pdf\" target=\"_blank\" rel=\"noopener noreferrer\">PPI &#8211; 2016<\/a><\/li>\n<li><a href=\"https:\/\/jf-sbrasalportel.pt\/jfsba\/wp-content\/uploads\/2014\/05\/PPA-2016.pdf\" target=\"_blank\" rel=\"noopener noreferrer\">PPA &#8211; 2016<\/a><\/li>\n<\/ul>\n<p><strong>2015<\/strong><\/p>\n<ul>\n<li><a href=\"https:\/\/jf-sbrasalportel.pt\/jfsba\/wp-content\/uploads\/2015\/01\/Op\u00e7\u00f5es-do-Plano-2015.pdf\" target=\"_blank\" rel=\"noopener noreferrer\">Op\u00e7\u00f5es do Plano 2015<\/a><\/li>\n<li><a href=\"https:\/\/jf-sbrasalportel.pt\/jfsba\/wp-content\/uploads\/2015\/01\/Or\u00e7amento-2015.pdf\" target=\"_blank\" rel=\"noopener noreferrer\">Or\u00e7amento 2015<\/a><\/li>\n<li><a href=\"https:\/\/jf-sbrasalportel.pt\/jfsba\/wp-content\/uploads\/2015\/01\/PPI-2015.pdf\" target=\"_blank\" rel=\"noopener noreferrer\">PPI 2015<\/a><\/li>\n<li><a href=\"https:\/\/jf-sbrasalportel.pt\/jfsba\/wp-content\/uploads\/2015\/01\/PPA-2015.pdf\" target=\"_blank\" rel=\"noopener noreferrer\">PPA 2015<\/a><\/li>\n<\/ul>\n<hr \/>\n<p><span style=\"font-weight: bold;\">\u00a02014<\/span><\/p>\n<ul>\n<li><a href=\"https:\/\/jf-sbrasalportel.pt\/jfsba\/wp-content\/uploads\/2014\/05\/Opcoes-plano-2014.pdf\" target=\"_blank\" rel=\"noopener noreferrer\">Op\u00e7\u00f5es do Plano<\/a><\/li>\n<li><a href=\"https:\/\/jf-sbrasalportel.pt\/jfsba\/wp-content\/uploads\/2014\/05\/oramento-2014.pdf\" target=\"_blank\" rel=\"noopener noreferrer\">Or\u00e7amento<\/a><\/li>\n<\/ul>\n<hr \/>\n<p><span style=\"font-weight: bold;\">2013<\/span><\/p>\n<ul>\n<li><a href=\"https:\/\/jf-sbrasalportel.pt\/jfsba\/wp-content\/uploads\/2014\/05\/Oramento-da-receita-e-despesa-2013.pdf\" target=\"_blank\" rel=\"noopener noreferrer\">Or\u00e7amento Receita\/Despesa<\/a><\/li>\n<li><a href=\"https:\/\/jf-sbrasalportel.pt\/jfsba\/wp-content\/uploads\/2014\/05\/Plano-Plurianual-Atividades-2013.pdf\" target=\"_blank\" rel=\"noopener noreferrer\">Plano Plurianual &#8211; Atividades<\/a><\/li>\n<li><a href=\"https:\/\/jf-sbrasalportel.pt\/jfsba\/wp-content\/uploads\/2014\/05\/Plano-Plurianual-Investimentos2013.pdf\" target=\"_blank\" rel=\"noopener noreferrer\">Plano Plurianual &#8211; Investimentos<\/a><\/li>\n<\/ul>\n<hr \/>\n<p><strong>2012<\/strong><\/p>\n<ul>\n<li><a href=\"https:\/\/jf-sbrasalportel.pt\/jfsba\/wp-content\/uploads\/2014\/05\/o_rec_p_frx.pdf\" target=\"_blank\" rel=\"noopener noreferrer\">Or\u00e7amento &#8211; Receita<\/a><\/li>\n<li><a href=\"https:\/\/jf-sbrasalportel.pt\/jfsba\/wp-content\/uploads\/2014\/05\/o_des_p_frx.pdf\" target=\"_blank\" rel=\"noopener noreferrer\">Or\u00e7amento &#8211; Despesa<\/a><\/li>\n<li><a href=\"https:\/\/jf-sbrasalportel.pt\/jfsba\/wp-content\/uploads\/2014\/05\/planplu_sin_frxPPI.pdf\" target=\"_blank\" rel=\"noopener noreferrer\">Plano Plurianual de Investimentos<\/a><\/li>\n<li>Plano Plurianual de Atividades<\/li>\n<\/ul>","protected":false},"excerpt":{"rendered":"<p>2026 &#8211; Or\u00e7amento e Op\u00e7\u00f5es do Plano 2025 &#8211; Or\u00e7amento e Op\u00e7\u00f5es do Plano 2024 &#8211; Or\u00e7amento e Op\u00e7\u00f5es do Plano 2023 &#8211; Or\u00e7amento e Op\u00e7\u00f5es do Plano 2022 &#8211; Or\u00e7amento e Op\u00e7\u00f5es do Plano 2021 &#8211; Or\u00e7amento e Op\u00e7\u00f5es do Plano 2020 Op\u00e7\u00f5es do Plano- 2020 Or\u00e7amento Ordin\u00e1rio 2020 PPI &#8211; 2020 PPA &#8211; &hellip; <a href=\"https:\/\/jf-sbrasalportel.pt\/jfsba\/consultas_online\/orcamento\/\" class=\"more-link\">Continuar a ler<span class=\"screen-reader-text\">Or\u00e7amento<\/span> <span class=\"meta-nav\">&rarr;<\/span><\/a><\/p>\n","protected":false},"author":1,"featured_media":0,"parent":372,"menu_order":3,"comment_status":"closed","ping_status":"closed","template":"","meta":{"_monsterinsights_skip_tracking":false,"_monsterinsights_sitenote_active":false,"_monsterinsights_sitenote_note":"","_monsterinsights_sitenote_category":0,"ngg_post_thumbnail":0,"footnotes":""},"class_list":["post-172","page","type-page","status-publish","hentry"],"yoast_head":"<!-- This site is optimized with the Yoast SEO plugin v27.4 - https:\/\/yoast.com\/product\/yoast-seo-wordpress\/ -->\n<title>Or\u00e7amento - Junta de Freguesia de S\u00e3o Br\u00e1s de Alportel<\/title>\n<meta name=\"robots\" content=\"index, follow, max-snippet:-1, max-image-preview:large, max-video-preview:-1\" \/>\n<link rel=\"canonical\" href=\"https:\/\/jf-sbrasalportel.pt\/jfsba\/consultas_online\/orcamento\/\" \/>\n<meta property=\"og:locale\" content=\"pt_PT\" \/>\n<meta property=\"og:type\" content=\"article\" \/>\n<meta property=\"og:title\" content=\"Or\u00e7amento - Junta de Freguesia de S\u00e3o Br\u00e1s de Alportel\" \/>\n<meta property=\"og:description\" content=\"2026 &#8211; Or\u00e7amento e Op\u00e7\u00f5es do Plano 2025 &#8211; Or\u00e7amento e Op\u00e7\u00f5es do Plano 2024 &#8211; Or\u00e7amento e Op\u00e7\u00f5es do Plano 2023 &#8211; Or\u00e7amento e Op\u00e7\u00f5es do Plano 2022 &#8211; Or\u00e7amento e Op\u00e7\u00f5es do Plano 2021 &#8211; Or\u00e7amento e Op\u00e7\u00f5es do Plano 2020 Op\u00e7\u00f5es do Plano- 2020 Or\u00e7amento Ordin\u00e1rio 2020 PPI &#8211; 2020 PPA &#8211; &hellip; Continuar a lerOr\u00e7amento &rarr;\" \/>\n<meta property=\"og:url\" content=\"https:\/\/jf-sbrasalportel.pt\/jfsba\/consultas_online\/orcamento\/\" \/>\n<meta property=\"og:site_name\" content=\"Junta de Freguesia de S\u00e3o Br\u00e1s de Alportel\" \/>\n<meta property=\"article:modified_time\" content=\"2026-02-04T12:17:16+00:00\" \/>\n<meta name=\"twitter:card\" content=\"summary_large_image\" \/>\n<meta name=\"twitter:label1\" content=\"Tempo estimado de leitura\" \/>\n\t<meta name=\"twitter:data1\" content=\"1 minuto\" \/>\n<script type=\"application\/ld+json\" class=\"yoast-schema-graph\">{\"@context\":\"https:\\\/\\\/schema.org\",\"@graph\":[{\"@type\":\"WebPage\",\"@id\":\"https:\\\/\\\/jf-sbrasalportel.pt\\\/jfsba\\\/consultas_online\\\/orcamento\\\/\",\"url\":\"https:\\\/\\\/jf-sbrasalportel.pt\\\/jfsba\\\/consultas_online\\\/orcamento\\\/\",\"name\":\"Or\u00e7amento - Junta de Freguesia de S\u00e3o Br\u00e1s de Alportel\",\"isPartOf\":{\"@id\":\"https:\\\/\\\/jf-sbrasalportel.pt\\\/jfsba\\\/#website\"},\"datePublished\":\"2014-05-21T08:43:21+00:00\",\"dateModified\":\"2026-02-04T12:17:16+00:00\",\"breadcrumb\":{\"@id\":\"https:\\\/\\\/jf-sbrasalportel.pt\\\/jfsba\\\/consultas_online\\\/orcamento\\\/#breadcrumb\"},\"inLanguage\":\"pt-PT\",\"potentialAction\":[{\"@type\":\"ReadAction\",\"target\":[\"https:\\\/\\\/jf-sbrasalportel.pt\\\/jfsba\\\/consultas_online\\\/orcamento\\\/\"]}]},{\"@type\":\"BreadcrumbList\",\"@id\":\"https:\\\/\\\/jf-sbrasalportel.pt\\\/jfsba\\\/consultas_online\\\/orcamento\\\/#breadcrumb\",\"itemListElement\":[{\"@type\":\"ListItem\",\"position\":1,\"name\":\"In\u00edcio\",\"item\":\"https:\\\/\\\/jf-sbrasalportel.pt\\\/jfsba\\\/\"},{\"@type\":\"ListItem\",\"position\":2,\"name\":\": : : : : : : : : : : : : : : : Consultas_Online : : : : : : : : : : : : : : : :\",\"item\":\"https:\\\/\\\/jf-sbrasalportel.pt\\\/jfsba\\\/consultas_online\\\/\"},{\"@type\":\"ListItem\",\"position\":3,\"name\":\"Or\u00e7amento\"}]},{\"@type\":\"WebSite\",\"@id\":\"https:\\\/\\\/jf-sbrasalportel.pt\\\/jfsba\\\/#website\",\"url\":\"https:\\\/\\\/jf-sbrasalportel.pt\\\/jfsba\\\/\",\"name\":\"Junta de Freguesia de S\u00e3o Br\u00e1s de Alportel\",\"description\":\"Site institucional da Freguesia de S\u00e3o Br\u00e1s de Alportel\",\"potentialAction\":[{\"@type\":\"SearchAction\",\"target\":{\"@type\":\"EntryPoint\",\"urlTemplate\":\"https:\\\/\\\/jf-sbrasalportel.pt\\\/jfsba\\\/?s={search_term_string}\"},\"query-input\":{\"@type\":\"PropertyValueSpecification\",\"valueRequired\":true,\"valueName\":\"search_term_string\"}}],\"inLanguage\":\"pt-PT\"}]}<\/script>\n<!-- \/ Yoast SEO plugin. -->","yoast_head_json":{"title":"Or\u00e7amento - Junta de Freguesia de S\u00e3o Br\u00e1s de Alportel","robots":{"index":"index","follow":"follow","max-snippet":"max-snippet:-1","max-image-preview":"max-image-preview:large","max-video-preview":"max-video-preview:-1"},"canonical":"https:\/\/jf-sbrasalportel.pt\/jfsba\/consultas_online\/orcamento\/","og_locale":"pt_PT","og_type":"article","og_title":"Or\u00e7amento - Junta de Freguesia de S\u00e3o Br\u00e1s de Alportel","og_description":"2026 &#8211; Or\u00e7amento e Op\u00e7\u00f5es do Plano 2025 &#8211; Or\u00e7amento e Op\u00e7\u00f5es do Plano 2024 &#8211; Or\u00e7amento e Op\u00e7\u00f5es do Plano 2023 &#8211; Or\u00e7amento e Op\u00e7\u00f5es do Plano 2022 &#8211; Or\u00e7amento e Op\u00e7\u00f5es do Plano 2021 &#8211; Or\u00e7amento e Op\u00e7\u00f5es do Plano 2020 Op\u00e7\u00f5es do Plano- 2020 Or\u00e7amento Ordin\u00e1rio 2020 PPI &#8211; 2020 PPA &#8211; &hellip; Continuar a lerOr\u00e7amento &rarr;","og_url":"https:\/\/jf-sbrasalportel.pt\/jfsba\/consultas_online\/orcamento\/","og_site_name":"Junta de Freguesia de S\u00e3o Br\u00e1s de Alportel","article_modified_time":"2026-02-04T12:17:16+00:00","twitter_card":"summary_large_image","twitter_misc":{"Tempo estimado de leitura":"1 minuto"},"schema":{"@context":"https:\/\/schema.org","@graph":[{"@type":"WebPage","@id":"https:\/\/jf-sbrasalportel.pt\/jfsba\/consultas_online\/orcamento\/","url":"https:\/\/jf-sbrasalportel.pt\/jfsba\/consultas_online\/orcamento\/","name":"Or\u00e7amento - Junta de Freguesia de S\u00e3o Br\u00e1s de Alportel","isPartOf":{"@id":"https:\/\/jf-sbrasalportel.pt\/jfsba\/#website"},"datePublished":"2014-05-21T08:43:21+00:00","dateModified":"2026-02-04T12:17:16+00:00","breadcrumb":{"@id":"https:\/\/jf-sbrasalportel.pt\/jfsba\/consultas_online\/orcamento\/#breadcrumb"},"inLanguage":"pt-PT","potentialAction":[{"@type":"ReadAction","target":["https:\/\/jf-sbrasalportel.pt\/jfsba\/consultas_online\/orcamento\/"]}]},{"@type":"BreadcrumbList","@id":"https:\/\/jf-sbrasalportel.pt\/jfsba\/consultas_online\/orcamento\/#breadcrumb","itemListElement":[{"@type":"ListItem","position":1,"name":"In\u00edcio","item":"https:\/\/jf-sbrasalportel.pt\/jfsba\/"},{"@type":"ListItem","position":2,"name":": : : : : : : : : : : : : : : : Consultas_Online : : : : : : : : : : : : : : : :","item":"https:\/\/jf-sbrasalportel.pt\/jfsba\/consultas_online\/"},{"@type":"ListItem","position":3,"name":"Or\u00e7amento"}]},{"@type":"WebSite","@id":"https:\/\/jf-sbrasalportel.pt\/jfsba\/#website","url":"https:\/\/jf-sbrasalportel.pt\/jfsba\/","name":"Junta de Freguesia de S\u00e3o Br\u00e1s de Alportel","description":"Site institucional da Freguesia de S\u00e3o Br\u00e1s de Alportel","potentialAction":[{"@type":"SearchAction","target":{"@type":"EntryPoint","urlTemplate":"https:\/\/jf-sbrasalportel.pt\/jfsba\/?s={search_term_string}"},"query-input":{"@type":"PropertyValueSpecification","valueRequired":true,"valueName":"search_term_string"}}],"inLanguage":"pt-PT"}]}},"_links":{"self":[{"href":"https:\/\/jf-sbrasalportel.pt\/jfsba\/wp-json\/wp\/v2\/pages\/172","targetHints":{"allow":["GET"]}}],"collection":[{"href":"https:\/\/jf-sbrasalportel.pt\/jfsba\/wp-json\/wp\/v2\/pages"}],"about":[{"href":"https:\/\/jf-sbrasalportel.pt\/jfsba\/wp-json\/wp\/v2\/types\/page"}],"author":[{"embeddable":true,"href":"https:\/\/jf-sbrasalportel.pt\/jfsba\/wp-json\/wp\/v2\/users\/1"}],"replies":[{"embeddable":true,"href":"https:\/\/jf-sbrasalportel.pt\/jfsba\/wp-json\/wp\/v2\/comments?post=172"}],"version-history":[{"count":46,"href":"https:\/\/jf-sbrasalportel.pt\/jfsba\/wp-json\/wp\/v2\/pages\/172\/revisions"}],"predecessor-version":[{"id":5193,"href":"https:\/\/jf-sbrasalportel.pt\/jfsba\/wp-json\/wp\/v2\/pages\/172\/revisions\/5193"}],"up":[{"embeddable":true,"href":"https:\/\/jf-sbrasalportel.pt\/jfsba\/wp-json\/wp\/v2\/pages\/372"}],"wp:attachment":[{"href":"https:\/\/jf-sbrasalportel.pt\/jfsba\/wp-json\/wp\/v2\/media?parent=172"}],"curies":[{"name":"wp","href":"https:\/\/api.w.org\/{rel}","templated":true}]}}