{"id":1683,"date":"2017-04-12T10:21:42","date_gmt":"2017-04-12T10:21:42","guid":{"rendered":"http:\/\/jf-sbrasalportel.pt\/jf\/?page_id=1683"},"modified":"2024-11-19T12:04:28","modified_gmt":"2024-11-19T12:04:28","slug":"contratacao-publica","status":"publish","type":"page","link":"https:\/\/jf-sbrasalportel.pt\/jfsba\/consultas_online\/contratacao-publica\/","title":{"rendered":"Concursos de Admiss\u00e3o"},"content":{"rendered":"<p><span style=\"text-decoration: underline;\">Admiss\u00e3o de Pessoal:<\/span><\/p>\n<p><span style=\"background-color: #00ffff;\">Assistente Operacional &#8211; Coveiro em Contrato de Trabalho por Tempo Indeterminado<\/span><\/p>\n<ul>\n<li style=\"list-style-type: none;\">\n<ul>\n<li><a href=\"https:\/\/jf-sbrasalportel.pt\/jfsba\/wp-content\/uploads\/2024\/11\/12-Ata-5-Resultados-Entrevista-e-FINAL.pdf\">Ata 5 &#8211; Resultados Entrevista e FINAL<\/a><\/li>\n<li><a href=\"https:\/\/jf-sbrasalportel.pt\/jfsba\/wp-content\/uploads\/2024\/11\/10-Ata-4-Resultado-Avaliacao-Psicologica.pdf\">Ata 4 &#8211; Resultado Avalia\u00e7\u00e3o Psicologica<\/a><\/li>\n<li><a href=\"https:\/\/jf-sbrasalportel.pt\/jfsba\/wp-content\/uploads\/2024\/10\/9-Ata-3-Resultados-Conhecimento-Tecnico.pdf\">Ata 3 &#8211; Resultados Conhecimentos Tecnicos<\/a><\/li>\n<li><a href=\"https:\/\/jf-sbrasalportel.pt\/jfsba\/wp-content\/uploads\/2024\/10\/7-Ata-2-Verificacao-Elementos-apresentados-pelos-candidatos-1.pdf\">Ata 2 &#8211; Verifica\u00e7\u00e3o Elementos apresentados pelos candidatos<\/a><\/li>\n<li><a href=\"https:\/\/jf-sbrasalportel.pt\/jfsba\/wp-content\/uploads\/2024\/08\/5-Formulario-Audiencia-Previa.pdf\">Formul\u00e1rio Audi\u00eancia Previa<\/a><\/li>\n<li><a style=\"font-size: revert;\" href=\"https:\/\/jf-sbrasalportel.pt\/jfsba\/wp-content\/uploads\/2024\/08\/5-Formulario-Candidatura.pdf\">Formul\u00e1rio Candidatura<\/a><\/li>\n<li><a href=\"https:\/\/jf-sbrasalportel.pt\/jfsba\/wp-content\/uploads\/2024\/08\/4-BEP-Bolsa-de-Emprego-Publico.pdf\">Aviso BEP<\/a><\/li>\n<li><a style=\"font-size: revert;\" href=\"https:\/\/jf-sbrasalportel.pt\/jfsba\/wp-content\/uploads\/2024\/08\/3-DR-publicado.pdf\">Aviso D.R<\/a><\/li>\n<li><a href=\"https:\/\/jf-sbrasalportel.pt\/jfsba\/wp-content\/uploads\/2024\/08\/2-Ata-definicao-criterios-avaliacao.pdf\">Ata defini\u00e7\u00e3o crit\u00e9rios avalia\u00e7\u00e3o<\/a><\/li>\n<\/ul>\n<\/li>\n<\/ul>\n<p><span style=\"background-color: #00ff00;\">Assistente T\u00e9cnico em Contrato de Trabalho por Tempo Indeterminado<\/span><\/p>\n<ul>\n<li>Prazo de Candidatura: 10 dias \u00fateis<\/li>\n<li>Data Limite: 08\/04\/2024 inclusiv\u00e9<\/li>\n<\/ul>\n<ul>\n<li><a href=\"https:\/\/jf-sbrasalportel.pt\/jfsba\/wp-content\/uploads\/2024\/08\/17-Classificacao-Entrevista-e-Final.pdf\">Resultado Entrevista e Classifica\u00e7\u00e3o Final<\/a><\/li>\n<li><a href=\"https:\/\/jf-sbrasalportel.pt\/jfsba\/wp-content\/uploads\/2024\/08\/cka.pdf\">Resultado 2.\u00ba m\u00e9todo de sele\u00e7\u00e3o &#8211; Avalia\u00e7\u00e3o Psicol\u00f3gica<\/a><\/li>\n<li><a href=\"https:\/\/jf-sbrasalportel.pt\/jfsba\/wp-content\/uploads\/2024\/08\/14-Ata-5-Resultados-2-metodo.pdf\">Ata n.\u00ba5 &#8211; Avalia\u00e7\u00e3o Psicol\u00f3gica<\/a><\/li>\n<li><a href=\"https:\/\/jf-sbrasalportel.pt\/jfsba\/wp-content\/uploads\/2024\/07\/Untitled_2024070317184423.pdf\">Resultado 1.\u00ba m\u00e9todo de sele\u00e7\u00e3o &#8211; Prova de Conhecimentos<\/a><\/li>\n<li><a href=\"https:\/\/jf-sbrasalportel.pt\/jfsba\/wp-content\/uploads\/2024\/07\/13-Ata-4-Classificacao-Prova-Escrita.pdf\">Ata 4 &#8211; Classifica\u00e7\u00e3o Prova Escrita<\/a><\/li>\n<li><a href=\"https:\/\/jf-sbrasalportel.pt\/jfsba\/wp-content\/uploads\/2024\/06\/10-Ata-3-Pronuncias-em-Audiencia-Interessados.pdf\">Ata 3 &#8211; Pronuncias em Audi\u00eancia Interessados<\/a><\/li>\n<li><a href=\"https:\/\/jf-sbrasalportel.pt\/jfsba\/wp-content\/uploads\/2024\/06\/8-Ata-2-Verificacao-Elementos-apresentados-pelos-Candidatos-1.pdf\">Ata 2 &#8211; Verifica\u00e7\u00e3o Elementos apresentados pelos Candidatos<\/a><\/li>\n<li><a href=\"https:\/\/jf-sbrasalportel.pt\/jfsba\/wp-content\/uploads\/2024\/06\/5-Formulario-Audiencia-Previa.docx\">Formul\u00e1rio Audi\u00eancia Previa<\/a><\/li>\n<li><a href=\"https:\/\/jf-sbrasalportel.pt\/jfsba\/wp-content\/uploads\/2024\/03\/5-Formulario-Candidatura-Procedimento-Concursal.docx\">Formul\u00e1rio Candidatura Procedimento Concursal<\/a><\/li>\n<li><a href=\"https:\/\/jf-sbrasalportel.pt\/jfsba\/wp-content\/uploads\/2024\/06\/2-Ata-1-Definicao-de-Criterios-de-Avaliacao.pdf\">Ata da 1.\u00aa Reuni\u00e3o &#8211; Defini\u00e7\u00e3o de Crit\u00e9rios de Avalia\u00e7\u00e3o<\/a><\/li>\n<li><a href=\"https:\/\/jf-sbrasalportel.pt\/jfsba\/wp-content\/uploads\/2024\/03\/BEP.pdf\">Aviso BEP<\/a><\/li>\n<li><a href=\"https:\/\/jf-sbrasalportel.pt\/jfsba\/wp-content\/uploads\/2024\/03\/Aviso-DR.pdf\">Aviso DR<\/a><\/li>\n<\/ul>\n<p><span style=\"background-color: #ff9900;\">T\u00e9cnico Superior (\u00e1rea de gest\u00e3o e administra\u00e7\u00e3o p\u00fablica)<\/span><\/p>\n<ul>\n<li>Prazo de Candidatura: 10 dias \u00fateis<\/li>\n<li>Data Limite: 13-02-2023<\/li>\n<\/ul>\n<ul>\n<li><a href=\"https:\/\/jf-sbrasalportel.pt\/jfsba\/wp-content\/uploads\/2024\/05\/11-Ata-Final-1.pdf\">Lista de Ordena\u00e7\u00e3o Final &#8211; an\u00e1lise de alega\u00e7\u00f5es<\/a><\/li>\n<li><a href=\"https:\/\/jf-sbrasalportel.pt\/jfsba\/wp-content\/uploads\/2024\/04\/Ata_Lista-Ordenacao-Final.pdf\">Resultado do 3.\u00ba m\u00e9todo de sele\u00e7\u00e3o e Lista de Ordena\u00e7\u00e3o Final<\/a><\/li>\n<li><a href=\"https:\/\/jf-sbrasalportel.pt\/jfsba\/wp-content\/uploads\/2024\/04\/Adenda_Lista-Resultados-AP.pdf\">Adenda aos resultados do 2.\u00ba m\u00e9todo de sele\u00e7\u00e3o<\/a><\/li>\n<li><a href=\"https:\/\/jf-sbrasalportel.pt\/jfsba\/wp-content\/uploads\/2024\/04\/Lista-Resultados-AP.pdf\">Resultado 2.\u00ba m\u00e9todo de sele\u00e7\u00e3o<\/a><\/li>\n<li><a href=\"https:\/\/jf-sbrasalportel.pt\/jfsba\/wp-content\/uploads\/2024\/04\/Lista-Resultados-PC.pdf\">Resultado 1.\u00ba m\u00e9todo de sele\u00e7\u00e3o<\/a><\/li>\n<li><a href=\"https:\/\/jf-sbrasalportel.pt\/jfsba\/wp-content\/uploads\/2023\/07\/Ata-admissao-e-exclusao-de-Candidatos.pdf\">Ata Admiss\u00e3o e Exclus\u00e3o de Candidatos<\/a><\/li>\n<li><a href=\"https:\/\/jf-sbrasalportel.pt\/jfsba\/wp-content\/uploads\/2022\/11\/Form_procedimento_concursal_12_set_2022.docx\">Formul\u00e1rio de Candidatura<\/a><\/li>\n<li><a href=\"https:\/\/jf-sbrasalportel.pt\/jfsba\/wp-content\/uploads\/2022\/11\/Form_Audiencia_Previa_14_mai_2021-2.docx\">Formul\u00e1rio Audi\u00eancia Pr\u00e9via<\/a><\/li>\n<li><a href=\"https:\/\/jf-sbrasalportel.pt\/jfsba\/wp-content\/uploads\/2023\/01\/Ata-de-definicao-de-criterio.pdf\">Ata de defini\u00e7\u00e3o de crit\u00e9rio<\/a><\/li>\n<li><a href=\"https:\/\/jf-sbrasalportel.pt\/jfsba\/wp-content\/uploads\/2023\/01\/Aviso-Diario-da-Republica.pdf\">Aviso &#8211; Di\u00e1rio da Rep\u00fablica<\/a><\/li>\n<li><a href=\"https:\/\/jf-sbrasalportel.pt\/jfsba\/wp-content\/uploads\/2023\/01\/Aviso-Bolsa-de-Emprego-Publico.pdf\">Aviso &#8211; Bolsa de Emprego P\u00fablico<\/a><\/li>\n<\/ul>\n\n","protected":false},"excerpt":{"rendered":"<p>Admiss\u00e3o de Pessoal: Assistente Operacional &#8211; Coveiro em Contrato de Trabalho por Tempo Indeterminado Ata 5 &#8211; Resultados Entrevista e FINAL Ata 4 &#8211; Resultado Avalia\u00e7\u00e3o Psicologica Ata 3 &#8211; Resultados Conhecimentos Tecnicos Ata 2 &#8211; Verifica\u00e7\u00e3o Elementos apresentados pelos candidatos Formul\u00e1rio Audi\u00eancia Previa Formul\u00e1rio Candidatura Aviso BEP Aviso D.R Ata defini\u00e7\u00e3o crit\u00e9rios avalia\u00e7\u00e3o Assistente &hellip; <a href=\"https:\/\/jf-sbrasalportel.pt\/jfsba\/consultas_online\/contratacao-publica\/\" class=\"more-link\">Continuar a ler<span class=\"screen-reader-text\">Concursos de Admiss\u00e3o<\/span> <span class=\"meta-nav\">&rarr;<\/span><\/a><\/p>\n","protected":false},"author":3,"featured_media":0,"parent":372,"menu_order":0,"comment_status":"closed","ping_status":"closed","template":"","meta":{"_monsterinsights_skip_tracking":false,"_monsterinsights_sitenote_active":false,"_monsterinsights_sitenote_note":"","_monsterinsights_sitenote_category":0,"ngg_post_thumbnail":0,"footnotes":""},"class_list":["post-1683","page","type-page","status-publish","hentry"],"yoast_head":"<!-- This site is optimized with the Yoast SEO plugin v27.4 - https:\/\/yoast.com\/product\/yoast-seo-wordpress\/ -->\n<title>Concursos de Admiss\u00e3o - Junta de Freguesia de S\u00e3o Br\u00e1s de Alportel<\/title>\n<meta name=\"robots\" content=\"index, follow, max-snippet:-1, max-image-preview:large, max-video-preview:-1\" \/>\n<link rel=\"canonical\" href=\"https:\/\/jf-sbrasalportel.pt\/jfsba\/consultas_online\/contratacao-publica\/\" \/>\n<meta property=\"og:locale\" content=\"pt_PT\" \/>\n<meta property=\"og:type\" content=\"article\" \/>\n<meta property=\"og:title\" content=\"Concursos de Admiss\u00e3o - Junta de Freguesia de S\u00e3o Br\u00e1s de Alportel\" \/>\n<meta property=\"og:description\" content=\"Admiss\u00e3o de Pessoal: Assistente Operacional &#8211; Coveiro em Contrato de Trabalho por Tempo Indeterminado Ata 5 &#8211; Resultados Entrevista e FINAL Ata 4 &#8211; Resultado Avalia\u00e7\u00e3o Psicologica Ata 3 &#8211; Resultados Conhecimentos Tecnicos Ata 2 &#8211; Verifica\u00e7\u00e3o Elementos apresentados pelos candidatos Formul\u00e1rio Audi\u00eancia Previa Formul\u00e1rio Candidatura Aviso BEP Aviso D.R Ata defini\u00e7\u00e3o crit\u00e9rios avalia\u00e7\u00e3o Assistente &hellip; Continuar a lerConcursos de Admiss\u00e3o &rarr;\" \/>\n<meta property=\"og:url\" content=\"https:\/\/jf-sbrasalportel.pt\/jfsba\/consultas_online\/contratacao-publica\/\" \/>\n<meta property=\"og:site_name\" content=\"Junta de Freguesia de S\u00e3o Br\u00e1s de Alportel\" \/>\n<meta property=\"article:modified_time\" content=\"2024-11-19T12:04:28+00:00\" \/>\n<meta name=\"twitter:card\" content=\"summary_large_image\" \/>\n<meta name=\"twitter:label1\" content=\"Tempo estimado de leitura\" \/>\n\t<meta name=\"twitter:data1\" content=\"2 minutos\" \/>\n<script type=\"application\/ld+json\" class=\"yoast-schema-graph\">{\"@context\":\"https:\\\/\\\/schema.org\",\"@graph\":[{\"@type\":\"WebPage\",\"@id\":\"https:\\\/\\\/jf-sbrasalportel.pt\\\/jfsba\\\/consultas_online\\\/contratacao-publica\\\/\",\"url\":\"https:\\\/\\\/jf-sbrasalportel.pt\\\/jfsba\\\/consultas_online\\\/contratacao-publica\\\/\",\"name\":\"Concursos de Admiss\u00e3o - Junta de Freguesia de S\u00e3o Br\u00e1s de Alportel\",\"isPartOf\":{\"@id\":\"https:\\\/\\\/jf-sbrasalportel.pt\\\/jfsba\\\/#website\"},\"datePublished\":\"2017-04-12T10:21:42+00:00\",\"dateModified\":\"2024-11-19T12:04:28+00:00\",\"breadcrumb\":{\"@id\":\"https:\\\/\\\/jf-sbrasalportel.pt\\\/jfsba\\\/consultas_online\\\/contratacao-publica\\\/#breadcrumb\"},\"inLanguage\":\"pt-PT\",\"potentialAction\":[{\"@type\":\"ReadAction\",\"target\":[\"https:\\\/\\\/jf-sbrasalportel.pt\\\/jfsba\\\/consultas_online\\\/contratacao-publica\\\/\"]}]},{\"@type\":\"BreadcrumbList\",\"@id\":\"https:\\\/\\\/jf-sbrasalportel.pt\\\/jfsba\\\/consultas_online\\\/contratacao-publica\\\/#breadcrumb\",\"itemListElement\":[{\"@type\":\"ListItem\",\"position\":1,\"name\":\"In\u00edcio\",\"item\":\"https:\\\/\\\/jf-sbrasalportel.pt\\\/jfsba\\\/\"},{\"@type\":\"ListItem\",\"position\":2,\"name\":\": : : : : : : : : : : : : : : : Consultas_Online : : : : : : : : : : : : : : : :\",\"item\":\"https:\\\/\\\/jf-sbrasalportel.pt\\\/jfsba\\\/consultas_online\\\/\"},{\"@type\":\"ListItem\",\"position\":3,\"name\":\"Concursos de Admiss\u00e3o\"}]},{\"@type\":\"WebSite\",\"@id\":\"https:\\\/\\\/jf-sbrasalportel.pt\\\/jfsba\\\/#website\",\"url\":\"https:\\\/\\\/jf-sbrasalportel.pt\\\/jfsba\\\/\",\"name\":\"Junta de Freguesia de S\u00e3o Br\u00e1s de Alportel\",\"description\":\"Site institucional da Freguesia de S\u00e3o Br\u00e1s de Alportel\",\"potentialAction\":[{\"@type\":\"SearchAction\",\"target\":{\"@type\":\"EntryPoint\",\"urlTemplate\":\"https:\\\/\\\/jf-sbrasalportel.pt\\\/jfsba\\\/?s={search_term_string}\"},\"query-input\":{\"@type\":\"PropertyValueSpecification\",\"valueRequired\":true,\"valueName\":\"search_term_string\"}}],\"inLanguage\":\"pt-PT\"}]}<\/script>\n<!-- \/ Yoast SEO plugin. -->","yoast_head_json":{"title":"Concursos de Admiss\u00e3o - Junta de Freguesia de S\u00e3o Br\u00e1s de Alportel","robots":{"index":"index","follow":"follow","max-snippet":"max-snippet:-1","max-image-preview":"max-image-preview:large","max-video-preview":"max-video-preview:-1"},"canonical":"https:\/\/jf-sbrasalportel.pt\/jfsba\/consultas_online\/contratacao-publica\/","og_locale":"pt_PT","og_type":"article","og_title":"Concursos de Admiss\u00e3o - Junta de Freguesia de S\u00e3o Br\u00e1s de Alportel","og_description":"Admiss\u00e3o de Pessoal: Assistente Operacional &#8211; Coveiro em Contrato de Trabalho por Tempo Indeterminado Ata 5 &#8211; Resultados Entrevista e FINAL Ata 4 &#8211; Resultado Avalia\u00e7\u00e3o Psicologica Ata 3 &#8211; Resultados Conhecimentos Tecnicos Ata 2 &#8211; Verifica\u00e7\u00e3o Elementos apresentados pelos candidatos Formul\u00e1rio Audi\u00eancia Previa Formul\u00e1rio Candidatura Aviso BEP Aviso D.R Ata defini\u00e7\u00e3o crit\u00e9rios avalia\u00e7\u00e3o Assistente &hellip; Continuar a lerConcursos de Admiss\u00e3o &rarr;","og_url":"https:\/\/jf-sbrasalportel.pt\/jfsba\/consultas_online\/contratacao-publica\/","og_site_name":"Junta de Freguesia de S\u00e3o Br\u00e1s de Alportel","article_modified_time":"2024-11-19T12:04:28+00:00","twitter_card":"summary_large_image","twitter_misc":{"Tempo estimado de leitura":"2 minutos"},"schema":{"@context":"https:\/\/schema.org","@graph":[{"@type":"WebPage","@id":"https:\/\/jf-sbrasalportel.pt\/jfsba\/consultas_online\/contratacao-publica\/","url":"https:\/\/jf-sbrasalportel.pt\/jfsba\/consultas_online\/contratacao-publica\/","name":"Concursos de Admiss\u00e3o - Junta de Freguesia de S\u00e3o Br\u00e1s de Alportel","isPartOf":{"@id":"https:\/\/jf-sbrasalportel.pt\/jfsba\/#website"},"datePublished":"2017-04-12T10:21:42+00:00","dateModified":"2024-11-19T12:04:28+00:00","breadcrumb":{"@id":"https:\/\/jf-sbrasalportel.pt\/jfsba\/consultas_online\/contratacao-publica\/#breadcrumb"},"inLanguage":"pt-PT","potentialAction":[{"@type":"ReadAction","target":["https:\/\/jf-sbrasalportel.pt\/jfsba\/consultas_online\/contratacao-publica\/"]}]},{"@type":"BreadcrumbList","@id":"https:\/\/jf-sbrasalportel.pt\/jfsba\/consultas_online\/contratacao-publica\/#breadcrumb","itemListElement":[{"@type":"ListItem","position":1,"name":"In\u00edcio","item":"https:\/\/jf-sbrasalportel.pt\/jfsba\/"},{"@type":"ListItem","position":2,"name":": : : : : : : : : : : : : : : : Consultas_Online : : : : : : : : : : : : : : : :","item":"https:\/\/jf-sbrasalportel.pt\/jfsba\/consultas_online\/"},{"@type":"ListItem","position":3,"name":"Concursos de Admiss\u00e3o"}]},{"@type":"WebSite","@id":"https:\/\/jf-sbrasalportel.pt\/jfsba\/#website","url":"https:\/\/jf-sbrasalportel.pt\/jfsba\/","name":"Junta de Freguesia de S\u00e3o Br\u00e1s de Alportel","description":"Site institucional da Freguesia de S\u00e3o Br\u00e1s de Alportel","potentialAction":[{"@type":"SearchAction","target":{"@type":"EntryPoint","urlTemplate":"https:\/\/jf-sbrasalportel.pt\/jfsba\/?s={search_term_string}"},"query-input":{"@type":"PropertyValueSpecification","valueRequired":true,"valueName":"search_term_string"}}],"inLanguage":"pt-PT"}]}},"_links":{"self":[{"href":"https:\/\/jf-sbrasalportel.pt\/jfsba\/wp-json\/wp\/v2\/pages\/1683","targetHints":{"allow":["GET"]}}],"collection":[{"href":"https:\/\/jf-sbrasalportel.pt\/jfsba\/wp-json\/wp\/v2\/pages"}],"about":[{"href":"https:\/\/jf-sbrasalportel.pt\/jfsba\/wp-json\/wp\/v2\/types\/page"}],"author":[{"embeddable":true,"href":"https:\/\/jf-sbrasalportel.pt\/jfsba\/wp-json\/wp\/v2\/users\/3"}],"replies":[{"embeddable":true,"href":"https:\/\/jf-sbrasalportel.pt\/jfsba\/wp-json\/wp\/v2\/comments?post=1683"}],"version-history":[{"count":93,"href":"https:\/\/jf-sbrasalportel.pt\/jfsba\/wp-json\/wp\/v2\/pages\/1683\/revisions"}],"predecessor-version":[{"id":4821,"href":"https:\/\/jf-sbrasalportel.pt\/jfsba\/wp-json\/wp\/v2\/pages\/1683\/revisions\/4821"}],"up":[{"embeddable":true,"href":"https:\/\/jf-sbrasalportel.pt\/jfsba\/wp-json\/wp\/v2\/pages\/372"}],"wp:attachment":[{"href":"https:\/\/jf-sbrasalportel.pt\/jfsba\/wp-json\/wp\/v2\/media?parent=1683"}],"curies":[{"name":"wp","href":"https:\/\/api.w.org\/{rel}","templated":true}]}}