{"id":132,"date":"2014-05-20T16:45:00","date_gmt":"2014-05-20T16:45:00","guid":{"rendered":"http:\/\/jf-sbrasalportel.pt\/jf\/?page_id=132"},"modified":"2014-06-10T15:26:26","modified_gmt":"2014-06-10T15:26:26","slug":"coracao-ativo","status":"publish","type":"page","link":"https:\/\/jf-sbrasalportel.pt\/jfsba\/atividades_programas\/coracao-ativo\/","title":{"rendered":"Cora\u00e7\u00e3o Ativo"},"content":{"rendered":"<p style=\"color: #666666;\">A C\u00e2mara Municipal de S\u00e3o Br\u00e1s de Alportel em parceria com a Junta de Freguesia de S\u00e3o Br\u00e1s de Alportel desenvolveu o programa \u201cCora\u00e7\u00e3o Ativo\u201d que visa a reabilita\u00e7\u00e3o card\u00edaca, destinada a todos os interessados com mais de 40 anos, que perten\u00e7am ao Concelho de S\u00e3o Br\u00e1s de Alportel e que tenham uma doen\u00e7a cardiovascular est\u00e1vel e com baixo risco de epis\u00f3dio card\u00edaco perante o exerc\u00edcio f\u00edsico.<\/p>\n<p style=\"color: #666666;\">Coordenado pela t\u00e9cnica Lisa Soeiro, o programa envolve a realiza\u00e7\u00e3o de exerc\u00edcios aer\u00f3bios de baixa a moderada intensidade, 3 vezes por semana (duas vezes em sala e uma nas piscinas), para o desenvolvimento progressivo e controlado da aptid\u00e3o cardiovascular e essencialmente para a redu\u00e7\u00e3o da % de massa gorda e do sedentarismo (fatores de risco das doen\u00e7as cardiovasculares), para al\u00e9m de que proporcionar\u00e1 um desenvolvimento harmonioso ao n\u00edvel da for\u00e7a, flexibilidade, coordena\u00e7\u00e3o e agilidade.<\/p>\n<p style=\"color: #666666;\">Para al\u00e9m da componente f\u00edsica e motora este programa tem procurado proporcionar atividades socioculturais (ex. bailes, passeios, visitas, a\u00e7\u00f5es de forma\u00e7\u00e3o, etc.) para o desenvolvimento social e psicol\u00f3gico de quem quer participar. Todos os participantes t\u00eam ainda uma avalia\u00e7\u00e3o peri\u00f3dica da tens\u00e3o arterial, composi\u00e7\u00e3o corporal, capacidade funcional e aptid\u00e3o f\u00edsica.<\/p>\n<p style=\"color: #666666;\">Ao longo das aulas os praticantes t\u00eam sempre o seu cora\u00e7\u00e3o controlado pela frequ\u00eancia card\u00edaca (FC), atrav\u00e9s de um cardiofrequ\u00eancimetro (coloca\u00e7\u00e3o de uma banda junto ao peito que registar\u00e1 a FC para um rel\u00f3gio), de forma a transmitir um maior rigor e seguran\u00e7a nos exerc\u00edcios realizados. Real\u00e7a-se no entanto que o exerc\u00edcio f\u00edsico inicia sempre a uma intensidade baixa e que evolui para uma intensidade moderada.<\/p>\n<p style=\"color: #666666;\">Quem estiver interessado deve procurar registar o seu nome na Junta de Freguesia de S\u00e3o Br\u00e1s de Alportel ou no Pavilh\u00e3o Desportivo Municipal do Concelho (junto da fisioterapeuta Carla Martins) e aguardar que o contactem para uma reuni\u00e3o informativa. No entanto \u00e9 sempre desej\u00e1vel que fale com o seu m\u00e9dico de fam\u00edlia e\/ou cardiologista de forma a saber se pode ou n\u00e3o praticar exerc\u00edcio f\u00edsico.<\/p>\n","protected":false},"excerpt":{"rendered":"<p>A C\u00e2mara Municipal de S\u00e3o Br\u00e1s de Alportel em parceria com a Junta de Freguesia de S\u00e3o Br\u00e1s de Alportel desenvolveu o programa \u201cCora\u00e7\u00e3o Ativo\u201d que visa a reabilita\u00e7\u00e3o card\u00edaca, destinada a todos os interessados com mais de 40 anos, que perten\u00e7am ao Concelho de S\u00e3o Br\u00e1s de Alportel e que tenham uma doen\u00e7a cardiovascular &hellip; <a href=\"https:\/\/jf-sbrasalportel.pt\/jfsba\/atividades_programas\/coracao-ativo\/\" class=\"more-link\">Continuar a ler<span class=\"screen-reader-text\">Cora\u00e7\u00e3o Ativo<\/span> <span class=\"meta-nav\">&rarr;<\/span><\/a><\/p>\n","protected":false},"author":1,"featured_media":0,"parent":368,"menu_order":0,"comment_status":"closed","ping_status":"open","template":"","meta":{"_monsterinsights_skip_tracking":false,"_monsterinsights_sitenote_active":false,"_monsterinsights_sitenote_note":"","_monsterinsights_sitenote_category":0,"ngg_post_thumbnail":0,"footnotes":""},"class_list":["post-132","page","type-page","status-publish","hentry"],"yoast_head":"<!-- This site is optimized with the Yoast SEO plugin v27.4 - https:\/\/yoast.com\/product\/yoast-seo-wordpress\/ -->\n<title>Cora\u00e7\u00e3o Ativo - Junta de Freguesia de S\u00e3o Br\u00e1s de Alportel<\/title>\n<meta name=\"robots\" content=\"index, follow, max-snippet:-1, max-image-preview:large, max-video-preview:-1\" \/>\n<link rel=\"canonical\" href=\"https:\/\/jf-sbrasalportel.pt\/jfsba\/atividades_programas\/coracao-ativo\/\" \/>\n<meta property=\"og:locale\" content=\"pt_PT\" \/>\n<meta property=\"og:type\" content=\"article\" \/>\n<meta property=\"og:title\" content=\"Cora\u00e7\u00e3o Ativo - Junta de Freguesia de S\u00e3o Br\u00e1s de Alportel\" \/>\n<meta property=\"og:description\" content=\"A C\u00e2mara Municipal de S\u00e3o Br\u00e1s de Alportel em parceria com a Junta de Freguesia de S\u00e3o Br\u00e1s de Alportel desenvolveu o programa \u201cCora\u00e7\u00e3o Ativo\u201d que visa a reabilita\u00e7\u00e3o card\u00edaca, destinada a todos os interessados com mais de 40 anos, que perten\u00e7am ao Concelho de S\u00e3o Br\u00e1s de Alportel e que tenham uma doen\u00e7a cardiovascular &hellip; Continuar a lerCora\u00e7\u00e3o Ativo &rarr;\" \/>\n<meta property=\"og:url\" content=\"https:\/\/jf-sbrasalportel.pt\/jfsba\/atividades_programas\/coracao-ativo\/\" \/>\n<meta property=\"og:site_name\" content=\"Junta de Freguesia de S\u00e3o Br\u00e1s de Alportel\" \/>\n<meta property=\"article:modified_time\" content=\"2014-06-10T15:26:26+00:00\" \/>\n<meta name=\"twitter:card\" content=\"summary_large_image\" \/>\n<meta name=\"twitter:label1\" content=\"Tempo estimado de leitura\" \/>\n\t<meta name=\"twitter:data1\" content=\"2 minutos\" \/>\n<script type=\"application\/ld+json\" class=\"yoast-schema-graph\">{\"@context\":\"https:\\\/\\\/schema.org\",\"@graph\":[{\"@type\":\"WebPage\",\"@id\":\"https:\\\/\\\/jf-sbrasalportel.pt\\\/jfsba\\\/atividades_programas\\\/coracao-ativo\\\/\",\"url\":\"https:\\\/\\\/jf-sbrasalportel.pt\\\/jfsba\\\/atividades_programas\\\/coracao-ativo\\\/\",\"name\":\"Cora\u00e7\u00e3o Ativo - Junta de Freguesia de S\u00e3o Br\u00e1s de Alportel\",\"isPartOf\":{\"@id\":\"https:\\\/\\\/jf-sbrasalportel.pt\\\/jfsba\\\/#website\"},\"datePublished\":\"2014-05-20T16:45:00+00:00\",\"dateModified\":\"2014-06-10T15:26:26+00:00\",\"breadcrumb\":{\"@id\":\"https:\\\/\\\/jf-sbrasalportel.pt\\\/jfsba\\\/atividades_programas\\\/coracao-ativo\\\/#breadcrumb\"},\"inLanguage\":\"pt-PT\",\"potentialAction\":[{\"@type\":\"ReadAction\",\"target\":[\"https:\\\/\\\/jf-sbrasalportel.pt\\\/jfsba\\\/atividades_programas\\\/coracao-ativo\\\/\"]}]},{\"@type\":\"BreadcrumbList\",\"@id\":\"https:\\\/\\\/jf-sbrasalportel.pt\\\/jfsba\\\/atividades_programas\\\/coracao-ativo\\\/#breadcrumb\",\"itemListElement\":[{\"@type\":\"ListItem\",\"position\":1,\"name\":\"In\u00edcio\",\"item\":\"https:\\\/\\\/jf-sbrasalportel.pt\\\/jfsba\\\/\"},{\"@type\":\"ListItem\",\"position\":2,\"name\":\": : : : : : : : : : : : : : : : Atividades_Programas : : : : : : : : : : : : : : : :\",\"item\":\"https:\\\/\\\/jf-sbrasalportel.pt\\\/jfsba\\\/atividades_programas\\\/\"},{\"@type\":\"ListItem\",\"position\":3,\"name\":\"Cora\u00e7\u00e3o Ativo\"}]},{\"@type\":\"WebSite\",\"@id\":\"https:\\\/\\\/jf-sbrasalportel.pt\\\/jfsba\\\/#website\",\"url\":\"https:\\\/\\\/jf-sbrasalportel.pt\\\/jfsba\\\/\",\"name\":\"Junta de Freguesia de S\u00e3o Br\u00e1s de Alportel\",\"description\":\"Site institucional da Freguesia de S\u00e3o Br\u00e1s de Alportel\",\"potentialAction\":[{\"@type\":\"SearchAction\",\"target\":{\"@type\":\"EntryPoint\",\"urlTemplate\":\"https:\\\/\\\/jf-sbrasalportel.pt\\\/jfsba\\\/?s={search_term_string}\"},\"query-input\":{\"@type\":\"PropertyValueSpecification\",\"valueRequired\":true,\"valueName\":\"search_term_string\"}}],\"inLanguage\":\"pt-PT\"}]}<\/script>\n<!-- \/ Yoast SEO plugin. -->","yoast_head_json":{"title":"Cora\u00e7\u00e3o Ativo - Junta de Freguesia de S\u00e3o Br\u00e1s de Alportel","robots":{"index":"index","follow":"follow","max-snippet":"max-snippet:-1","max-image-preview":"max-image-preview:large","max-video-preview":"max-video-preview:-1"},"canonical":"https:\/\/jf-sbrasalportel.pt\/jfsba\/atividades_programas\/coracao-ativo\/","og_locale":"pt_PT","og_type":"article","og_title":"Cora\u00e7\u00e3o Ativo - Junta de Freguesia de S\u00e3o Br\u00e1s de Alportel","og_description":"A C\u00e2mara Municipal de S\u00e3o Br\u00e1s de Alportel em parceria com a Junta de Freguesia de S\u00e3o Br\u00e1s de Alportel desenvolveu o programa \u201cCora\u00e7\u00e3o Ativo\u201d que visa a reabilita\u00e7\u00e3o card\u00edaca, destinada a todos os interessados com mais de 40 anos, que perten\u00e7am ao Concelho de S\u00e3o Br\u00e1s de Alportel e que tenham uma doen\u00e7a cardiovascular &hellip; Continuar a lerCora\u00e7\u00e3o Ativo &rarr;","og_url":"https:\/\/jf-sbrasalportel.pt\/jfsba\/atividades_programas\/coracao-ativo\/","og_site_name":"Junta de Freguesia de S\u00e3o Br\u00e1s de Alportel","article_modified_time":"2014-06-10T15:26:26+00:00","twitter_card":"summary_large_image","twitter_misc":{"Tempo estimado de leitura":"2 minutos"},"schema":{"@context":"https:\/\/schema.org","@graph":[{"@type":"WebPage","@id":"https:\/\/jf-sbrasalportel.pt\/jfsba\/atividades_programas\/coracao-ativo\/","url":"https:\/\/jf-sbrasalportel.pt\/jfsba\/atividades_programas\/coracao-ativo\/","name":"Cora\u00e7\u00e3o Ativo - Junta de Freguesia de S\u00e3o Br\u00e1s de Alportel","isPartOf":{"@id":"https:\/\/jf-sbrasalportel.pt\/jfsba\/#website"},"datePublished":"2014-05-20T16:45:00+00:00","dateModified":"2014-06-10T15:26:26+00:00","breadcrumb":{"@id":"https:\/\/jf-sbrasalportel.pt\/jfsba\/atividades_programas\/coracao-ativo\/#breadcrumb"},"inLanguage":"pt-PT","potentialAction":[{"@type":"ReadAction","target":["https:\/\/jf-sbrasalportel.pt\/jfsba\/atividades_programas\/coracao-ativo\/"]}]},{"@type":"BreadcrumbList","@id":"https:\/\/jf-sbrasalportel.pt\/jfsba\/atividades_programas\/coracao-ativo\/#breadcrumb","itemListElement":[{"@type":"ListItem","position":1,"name":"In\u00edcio","item":"https:\/\/jf-sbrasalportel.pt\/jfsba\/"},{"@type":"ListItem","position":2,"name":": : : : : : : : : : : : : : : : Atividades_Programas : : : : : : : : : : : : : : : :","item":"https:\/\/jf-sbrasalportel.pt\/jfsba\/atividades_programas\/"},{"@type":"ListItem","position":3,"name":"Cora\u00e7\u00e3o Ativo"}]},{"@type":"WebSite","@id":"https:\/\/jf-sbrasalportel.pt\/jfsba\/#website","url":"https:\/\/jf-sbrasalportel.pt\/jfsba\/","name":"Junta de Freguesia de S\u00e3o Br\u00e1s de Alportel","description":"Site institucional da Freguesia de S\u00e3o Br\u00e1s de Alportel","potentialAction":[{"@type":"SearchAction","target":{"@type":"EntryPoint","urlTemplate":"https:\/\/jf-sbrasalportel.pt\/jfsba\/?s={search_term_string}"},"query-input":{"@type":"PropertyValueSpecification","valueRequired":true,"valueName":"search_term_string"}}],"inLanguage":"pt-PT"}]}},"_links":{"self":[{"href":"https:\/\/jf-sbrasalportel.pt\/jfsba\/wp-json\/wp\/v2\/pages\/132","targetHints":{"allow":["GET"]}}],"collection":[{"href":"https:\/\/jf-sbrasalportel.pt\/jfsba\/wp-json\/wp\/v2\/pages"}],"about":[{"href":"https:\/\/jf-sbrasalportel.pt\/jfsba\/wp-json\/wp\/v2\/types\/page"}],"author":[{"embeddable":true,"href":"https:\/\/jf-sbrasalportel.pt\/jfsba\/wp-json\/wp\/v2\/users\/1"}],"replies":[{"embeddable":true,"href":"https:\/\/jf-sbrasalportel.pt\/jfsba\/wp-json\/wp\/v2\/comments?post=132"}],"version-history":[{"count":2,"href":"https:\/\/jf-sbrasalportel.pt\/jfsba\/wp-json\/wp\/v2\/pages\/132\/revisions"}],"predecessor-version":[{"id":360,"href":"https:\/\/jf-sbrasalportel.pt\/jfsba\/wp-json\/wp\/v2\/pages\/132\/revisions\/360"}],"up":[{"embeddable":true,"href":"https:\/\/jf-sbrasalportel.pt\/jfsba\/wp-json\/wp\/v2\/pages\/368"}],"wp:attachment":[{"href":"https:\/\/jf-sbrasalportel.pt\/jfsba\/wp-json\/wp\/v2\/media?parent=132"}],"curies":[{"name":"wp","href":"https:\/\/api.w.org\/{rel}","templated":true}]}}