{"id":118,"date":"2014-05-20T16:42:41","date_gmt":"2014-05-20T16:42:41","guid":{"rendered":"http:\/\/jf-sbrasalportel.pt\/jf\/?page_id=118"},"modified":"2017-11-07T14:08:00","modified_gmt":"2017-11-07T14:08:00","slug":"heraldica","status":"publish","type":"page","link":"https:\/\/jf-sbrasalportel.pt\/jfsba\/a_freguesia\/heraldica\/","title":{"rendered":"Her\u00e1ldica"},"content":{"rendered":"<p><strong>Freguesia de S\u00e3o Br\u00e1s de Alportel<\/strong><\/p>\n<p><img loading=\"lazy\" decoding=\"async\" class=\"size-full wp-image-1906 aligncenter\" src=\"https:\/\/jf-sbrasalportel.pt\/jfsba\/wp-content\/uploads\/2014\/05\/junta_sbras_logo_v2010a.png\" alt=\"\" width=\"235\" height=\"252\"><\/p>\n<p><strong>Orago &#8211; S\u00e3o Br\u00e1s<\/strong><\/p>\n<p><strong>\u00c1rea &#8211; 150 Km\u00b2<\/strong><\/p>\n<p><strong>Ordena\u00e7\u00e3o her\u00e1ldica do bras\u00e3o e bandeira Publicada no Di\u00e1rio da Rep\u00fablica, III S\u00e9rie de 03\/10\/2000<\/strong><\/p>\n<p><strong>Armas<\/strong> &#8211; Escudo de verde, sobreiro arrancado de prata, descorti\u00e7ado de ouro e frutado de negro, entre uma coroa aberta de ouro, atravessada por espada al\u00e7ada de prata, \u00e0 dextra e um crescente de prata encimado por estrela de ouro, \u00e0 sinistra. Coroa mural de prata de tr\u00eas torres. Listel branco com a legenda a negro: \u201c FREGUESIA DE S. BR\u00c1S DE ALPORTEL \u201c.<\/p>\n<p>Download do bras\u00e3o formato vectorial CorelDraw X3<br \/>\n <a href=\"https:\/\/jf-sbrasalportel.pt\/jfsba\/wp-content\/uploads\/2014\/05\/Logos_JF_SbrasAlportel.zip\">Logos_JF_SbrasAlportel (2Mb)<\/a><\/p>\n","protected":false},"excerpt":{"rendered":"<p>Freguesia de S\u00e3o Br\u00e1s de Alportel Orago &#8211; S\u00e3o Br\u00e1s \u00c1rea &#8211; 150 Km\u00b2 Ordena\u00e7\u00e3o her\u00e1ldica do bras\u00e3o e bandeira Publicada no Di\u00e1rio da Rep\u00fablica, III S\u00e9rie de 03\/10\/2000 Armas &#8211; Escudo de verde, sobreiro arrancado de prata, descorti\u00e7ado de ouro e frutado de negro, entre uma coroa aberta de ouro, atravessada por espada al\u00e7ada &hellip; <a href=\"https:\/\/jf-sbrasalportel.pt\/jfsba\/a_freguesia\/heraldica\/\" class=\"more-link\">Continuar a ler<span class=\"screen-reader-text\">Her\u00e1ldica<\/span> <span class=\"meta-nav\">&rarr;<\/span><\/a><\/p>\n","protected":false},"author":1,"featured_media":0,"parent":366,"menu_order":0,"comment_status":"closed","ping_status":"closed","template":"","meta":{"_monsterinsights_skip_tracking":false,"_monsterinsights_sitenote_active":false,"_monsterinsights_sitenote_note":"","_monsterinsights_sitenote_category":0,"ngg_post_thumbnail":0,"footnotes":""},"class_list":["post-118","page","type-page","status-publish","hentry"],"yoast_head":"<!-- This site is optimized with the Yoast SEO plugin v27.4 - https:\/\/yoast.com\/product\/yoast-seo-wordpress\/ -->\n<title>Her\u00e1ldica - Junta de Freguesia de S\u00e3o Br\u00e1s de Alportel<\/title>\n<meta name=\"robots\" content=\"index, follow, max-snippet:-1, max-image-preview:large, max-video-preview:-1\" \/>\n<link rel=\"canonical\" href=\"https:\/\/jf-sbrasalportel.pt\/jfsba\/a_freguesia\/heraldica\/\" \/>\n<meta property=\"og:locale\" content=\"pt_PT\" \/>\n<meta property=\"og:type\" content=\"article\" \/>\n<meta property=\"og:title\" content=\"Her\u00e1ldica - Junta de Freguesia de S\u00e3o Br\u00e1s de Alportel\" \/>\n<meta property=\"og:description\" content=\"Freguesia de S\u00e3o Br\u00e1s de Alportel Orago &#8211; S\u00e3o Br\u00e1s \u00c1rea &#8211; 150 Km\u00b2 Ordena\u00e7\u00e3o her\u00e1ldica do bras\u00e3o e bandeira Publicada no Di\u00e1rio da Rep\u00fablica, III S\u00e9rie de 03\/10\/2000 Armas &#8211; Escudo de verde, sobreiro arrancado de prata, descorti\u00e7ado de ouro e frutado de negro, entre uma coroa aberta de ouro, atravessada por espada al\u00e7ada &hellip; Continuar a lerHer\u00e1ldica &rarr;\" \/>\n<meta property=\"og:url\" content=\"https:\/\/jf-sbrasalportel.pt\/jfsba\/a_freguesia\/heraldica\/\" \/>\n<meta property=\"og:site_name\" content=\"Junta de Freguesia de S\u00e3o Br\u00e1s de Alportel\" \/>\n<meta property=\"article:modified_time\" content=\"2017-11-07T14:08:00+00:00\" \/>\n<meta property=\"og:image\" content=\"http:\/\/jf-sbrasalportel.pt\/jfsba\/wp-content\/uploads\/2014\/05\/junta_sbras_logo_v2010a.png\" \/>\n<meta name=\"twitter:card\" content=\"summary_large_image\" \/>\n<meta name=\"twitter:label1\" content=\"Tempo estimado de leitura\" \/>\n\t<meta name=\"twitter:data1\" content=\"1 minuto\" \/>\n<script type=\"application\/ld+json\" class=\"yoast-schema-graph\">{\"@context\":\"https:\\\/\\\/schema.org\",\"@graph\":[{\"@type\":\"WebPage\",\"@id\":\"https:\\\/\\\/jf-sbrasalportel.pt\\\/jfsba\\\/a_freguesia\\\/heraldica\\\/\",\"url\":\"https:\\\/\\\/jf-sbrasalportel.pt\\\/jfsba\\\/a_freguesia\\\/heraldica\\\/\",\"name\":\"Her\u00e1ldica - Junta de Freguesia de S\u00e3o Br\u00e1s de Alportel\",\"isPartOf\":{\"@id\":\"https:\\\/\\\/jf-sbrasalportel.pt\\\/jfsba\\\/#website\"},\"primaryImageOfPage\":{\"@id\":\"https:\\\/\\\/jf-sbrasalportel.pt\\\/jfsba\\\/a_freguesia\\\/heraldica\\\/#primaryimage\"},\"image\":{\"@id\":\"https:\\\/\\\/jf-sbrasalportel.pt\\\/jfsba\\\/a_freguesia\\\/heraldica\\\/#primaryimage\"},\"thumbnailUrl\":\"http:\\\/\\\/jf-sbrasalportel.pt\\\/jfsba\\\/wp-content\\\/uploads\\\/2014\\\/05\\\/junta_sbras_logo_v2010a.png\",\"datePublished\":\"2014-05-20T16:42:41+00:00\",\"dateModified\":\"2017-11-07T14:08:00+00:00\",\"breadcrumb\":{\"@id\":\"https:\\\/\\\/jf-sbrasalportel.pt\\\/jfsba\\\/a_freguesia\\\/heraldica\\\/#breadcrumb\"},\"inLanguage\":\"pt-PT\",\"potentialAction\":[{\"@type\":\"ReadAction\",\"target\":[\"https:\\\/\\\/jf-sbrasalportel.pt\\\/jfsba\\\/a_freguesia\\\/heraldica\\\/\"]}]},{\"@type\":\"ImageObject\",\"inLanguage\":\"pt-PT\",\"@id\":\"https:\\\/\\\/jf-sbrasalportel.pt\\\/jfsba\\\/a_freguesia\\\/heraldica\\\/#primaryimage\",\"url\":\"http:\\\/\\\/jf-sbrasalportel.pt\\\/jfsba\\\/wp-content\\\/uploads\\\/2014\\\/05\\\/junta_sbras_logo_v2010a.png\",\"contentUrl\":\"http:\\\/\\\/jf-sbrasalportel.pt\\\/jfsba\\\/wp-content\\\/uploads\\\/2014\\\/05\\\/junta_sbras_logo_v2010a.png\"},{\"@type\":\"BreadcrumbList\",\"@id\":\"https:\\\/\\\/jf-sbrasalportel.pt\\\/jfsba\\\/a_freguesia\\\/heraldica\\\/#breadcrumb\",\"itemListElement\":[{\"@type\":\"ListItem\",\"position\":1,\"name\":\"In\u00edcio\",\"item\":\"https:\\\/\\\/jf-sbrasalportel.pt\\\/jfsba\\\/\"},{\"@type\":\"ListItem\",\"position\":2,\"name\":\": : : : : : : : : : : : : : : : A_Freguesia : : : : : : : : : : : : : : : :\",\"item\":\"https:\\\/\\\/jf-sbrasalportel.pt\\\/jfsba\\\/a_freguesia\\\/\"},{\"@type\":\"ListItem\",\"position\":3,\"name\":\"Her\u00e1ldica\"}]},{\"@type\":\"WebSite\",\"@id\":\"https:\\\/\\\/jf-sbrasalportel.pt\\\/jfsba\\\/#website\",\"url\":\"https:\\\/\\\/jf-sbrasalportel.pt\\\/jfsba\\\/\",\"name\":\"Junta de Freguesia de S\u00e3o Br\u00e1s de Alportel\",\"description\":\"Site institucional da Freguesia de S\u00e3o Br\u00e1s de Alportel\",\"potentialAction\":[{\"@type\":\"SearchAction\",\"target\":{\"@type\":\"EntryPoint\",\"urlTemplate\":\"https:\\\/\\\/jf-sbrasalportel.pt\\\/jfsba\\\/?s={search_term_string}\"},\"query-input\":{\"@type\":\"PropertyValueSpecification\",\"valueRequired\":true,\"valueName\":\"search_term_string\"}}],\"inLanguage\":\"pt-PT\"}]}<\/script>\n<!-- \/ Yoast SEO plugin. -->","yoast_head_json":{"title":"Her\u00e1ldica - Junta de Freguesia de S\u00e3o Br\u00e1s de Alportel","robots":{"index":"index","follow":"follow","max-snippet":"max-snippet:-1","max-image-preview":"max-image-preview:large","max-video-preview":"max-video-preview:-1"},"canonical":"https:\/\/jf-sbrasalportel.pt\/jfsba\/a_freguesia\/heraldica\/","og_locale":"pt_PT","og_type":"article","og_title":"Her\u00e1ldica - Junta de Freguesia de S\u00e3o Br\u00e1s de Alportel","og_description":"Freguesia de S\u00e3o Br\u00e1s de Alportel Orago &#8211; S\u00e3o Br\u00e1s \u00c1rea &#8211; 150 Km\u00b2 Ordena\u00e7\u00e3o her\u00e1ldica do bras\u00e3o e bandeira Publicada no Di\u00e1rio da Rep\u00fablica, III S\u00e9rie de 03\/10\/2000 Armas &#8211; Escudo de verde, sobreiro arrancado de prata, descorti\u00e7ado de ouro e frutado de negro, entre uma coroa aberta de ouro, atravessada por espada al\u00e7ada &hellip; Continuar a lerHer\u00e1ldica &rarr;","og_url":"https:\/\/jf-sbrasalportel.pt\/jfsba\/a_freguesia\/heraldica\/","og_site_name":"Junta de Freguesia de S\u00e3o Br\u00e1s de Alportel","article_modified_time":"2017-11-07T14:08:00+00:00","og_image":[{"url":"http:\/\/jf-sbrasalportel.pt\/jfsba\/wp-content\/uploads\/2014\/05\/junta_sbras_logo_v2010a.png","type":"","width":"","height":""}],"twitter_card":"summary_large_image","twitter_misc":{"Tempo estimado de leitura":"1 minuto"},"schema":{"@context":"https:\/\/schema.org","@graph":[{"@type":"WebPage","@id":"https:\/\/jf-sbrasalportel.pt\/jfsba\/a_freguesia\/heraldica\/","url":"https:\/\/jf-sbrasalportel.pt\/jfsba\/a_freguesia\/heraldica\/","name":"Her\u00e1ldica - Junta de Freguesia de S\u00e3o Br\u00e1s de Alportel","isPartOf":{"@id":"https:\/\/jf-sbrasalportel.pt\/jfsba\/#website"},"primaryImageOfPage":{"@id":"https:\/\/jf-sbrasalportel.pt\/jfsba\/a_freguesia\/heraldica\/#primaryimage"},"image":{"@id":"https:\/\/jf-sbrasalportel.pt\/jfsba\/a_freguesia\/heraldica\/#primaryimage"},"thumbnailUrl":"http:\/\/jf-sbrasalportel.pt\/jfsba\/wp-content\/uploads\/2014\/05\/junta_sbras_logo_v2010a.png","datePublished":"2014-05-20T16:42:41+00:00","dateModified":"2017-11-07T14:08:00+00:00","breadcrumb":{"@id":"https:\/\/jf-sbrasalportel.pt\/jfsba\/a_freguesia\/heraldica\/#breadcrumb"},"inLanguage":"pt-PT","potentialAction":[{"@type":"ReadAction","target":["https:\/\/jf-sbrasalportel.pt\/jfsba\/a_freguesia\/heraldica\/"]}]},{"@type":"ImageObject","inLanguage":"pt-PT","@id":"https:\/\/jf-sbrasalportel.pt\/jfsba\/a_freguesia\/heraldica\/#primaryimage","url":"http:\/\/jf-sbrasalportel.pt\/jfsba\/wp-content\/uploads\/2014\/05\/junta_sbras_logo_v2010a.png","contentUrl":"http:\/\/jf-sbrasalportel.pt\/jfsba\/wp-content\/uploads\/2014\/05\/junta_sbras_logo_v2010a.png"},{"@type":"BreadcrumbList","@id":"https:\/\/jf-sbrasalportel.pt\/jfsba\/a_freguesia\/heraldica\/#breadcrumb","itemListElement":[{"@type":"ListItem","position":1,"name":"In\u00edcio","item":"https:\/\/jf-sbrasalportel.pt\/jfsba\/"},{"@type":"ListItem","position":2,"name":": : : : : : : : : : : : : : : : A_Freguesia : : : : : : : : : : : : : : : :","item":"https:\/\/jf-sbrasalportel.pt\/jfsba\/a_freguesia\/"},{"@type":"ListItem","position":3,"name":"Her\u00e1ldica"}]},{"@type":"WebSite","@id":"https:\/\/jf-sbrasalportel.pt\/jfsba\/#website","url":"https:\/\/jf-sbrasalportel.pt\/jfsba\/","name":"Junta de Freguesia de S\u00e3o Br\u00e1s de Alportel","description":"Site institucional da Freguesia de S\u00e3o Br\u00e1s de Alportel","potentialAction":[{"@type":"SearchAction","target":{"@type":"EntryPoint","urlTemplate":"https:\/\/jf-sbrasalportel.pt\/jfsba\/?s={search_term_string}"},"query-input":{"@type":"PropertyValueSpecification","valueRequired":true,"valueName":"search_term_string"}}],"inLanguage":"pt-PT"}]}},"_links":{"self":[{"href":"https:\/\/jf-sbrasalportel.pt\/jfsba\/wp-json\/wp\/v2\/pages\/118","targetHints":{"allow":["GET"]}}],"collection":[{"href":"https:\/\/jf-sbrasalportel.pt\/jfsba\/wp-json\/wp\/v2\/pages"}],"about":[{"href":"https:\/\/jf-sbrasalportel.pt\/jfsba\/wp-json\/wp\/v2\/types\/page"}],"author":[{"embeddable":true,"href":"https:\/\/jf-sbrasalportel.pt\/jfsba\/wp-json\/wp\/v2\/users\/1"}],"replies":[{"embeddable":true,"href":"https:\/\/jf-sbrasalportel.pt\/jfsba\/wp-json\/wp\/v2\/comments?post=118"}],"version-history":[{"count":7,"href":"https:\/\/jf-sbrasalportel.pt\/jfsba\/wp-json\/wp\/v2\/pages\/118\/revisions"}],"predecessor-version":[{"id":1910,"href":"https:\/\/jf-sbrasalportel.pt\/jfsba\/wp-json\/wp\/v2\/pages\/118\/revisions\/1910"}],"up":[{"embeddable":true,"href":"https:\/\/jf-sbrasalportel.pt\/jfsba\/wp-json\/wp\/v2\/pages\/366"}],"wp:attachment":[{"href":"https:\/\/jf-sbrasalportel.pt\/jfsba\/wp-json\/wp\/v2\/media?parent=118"}],"curies":[{"name":"wp","href":"https:\/\/api.w.org\/{rel}","templated":true}]}}