{"id":110,"date":"2014-05-20T16:38:54","date_gmt":"2014-05-20T16:38:54","guid":{"rendered":"http:\/\/jf-sbrasalportel.pt\/jf\/?page_id=110"},"modified":"2026-04-08T09:20:39","modified_gmt":"2026-04-08T09:20:39","slug":"avisoseditais","status":"publish","type":"page","link":"https:\/\/jf-sbrasalportel.pt\/jfsba\/consultas_online\/avisoseditais\/","title":{"rendered":"Avisos\/Editais"},"content":{"rendered":"\n<figure class=\"wp-block-table is-style-stripes\"><table><tbody><tr><td><strong>2026<\/strong><br><br>&#8211; <a href=\"https:\/\/jf-sbrasalportel.pt\/jfsba\/wp-content\/uploads\/2026\/04\/2025-2.pdf\">Edital &#8211; Estatuto Direito Oposi\u00e7\u00e3o 2025<\/a><br><a href=\"https:\/\/jf-sbrasalportel.pt\/jfsba\/wp-content\/uploads\/2025\/12\/2026.pdf\">&#8211; Tabela Taxas e Licen\u00e7as 2026<\/a><br><br><strong>2025<\/strong><br><a href=\"https:\/\/jf-sbrasalportel.pt\/jfsba\/wp-content\/uploads\/2025\/11\/edital-1.pdf\">Edital &#8211; Exuma\u00e7\u00e3o de Covais Tempor\u00e1rio em Alvenaria<\/a><br><a href=\"https:\/\/jf-sbrasalportel.pt\/jfsba\/wp-content\/uploads\/2025\/04\/2025.pdf\">Edital &#8211; Estatuto Direito Oposi\u00e7\u00e3o 2024<\/a><br><a href=\"https:\/\/jf-sbrasalportel.pt\/jfsba\/wp-content\/uploads\/2024\/12\/TTL-2025.pdf\">Tabela Taxas e Licen\u00e7as 2025<\/a>\u00a0<br><br><strong>2024<br><\/strong><a href=\"https:\/\/jf-sbrasalportel.pt\/jfsba\/wp-content\/uploads\/2024\/04\/Untitled_2024041612071714.pdf\">Edital &#8211; Estatuto Direito Oposi\u00e7\u00e3o 2023<\/a><br><a href=\"https:\/\/jf-sbrasalportel.pt\/jfsba\/wp-content\/uploads\/2024\/02\/cede.pdf\">Regulamento Utiliza\u00e7\u00e3o de Ced\u00eancia de Salas da Freguesia de S. Br\u00e1s de Alportel<\/a><br><a href=\"https:\/\/jf-sbrasalportel.pt\/jfsba\/wp-content\/uploads\/2024\/02\/reg-c-aviso.pdf\">Regulamento e Tabela Geral de Taxas e Licen\u00e7as da Freguesia<\/a><br><a href=\"https:\/\/jf-sbrasalportel.pt\/jfsba\/wp-content\/uploads\/2024\/02\/7-Alteracao-com-aviso-1.pdf\">Segunda altera\u00e7\u00e3o ao Regulamento do Cemit\u00e9rio da Freguesia<\/a><br><a href=\"https:\/\/jf-sbrasalportel.pt\/jfsba\/wp-content\/uploads\/2024\/02\/2024-atualizacao-TTLicencas.pdf\">Edital &#8211;\u00a0 Atualiza\u00e7\u00e3o TTLicen\u00e7as<\/a><br><br><strong>2023<\/strong><br><a href=\"https:\/\/jf-sbrasalportel.pt\/jfsba\/wp-content\/uploads\/2023\/05\/Avaliacao-SIADAP-1.pdf\">Avalia\u00e7\u00e3o SIADAP 2023<\/a><br><a href=\"https:\/\/jf-sbrasalportel.pt\/jfsba\/wp-content\/uploads\/2022\/12\/Edital-Exposicao-do-orcamento-2023.pdf\">Edital &#8211; Exposi\u00e7\u00e3o do or\u00e7amento 2023<\/a><br><a href=\"https:\/\/jf-sbrasalportel.pt\/jfsba\/wp-content\/uploads\/2022\/12\/Edital-Alteracao-da-Tabela-de-Taxas-2023-1.pdf\">Edital &#8211; Altera\u00e7\u00e3o da Tabela de Taxas 2023<\/a><br><a href=\"https:\/\/jf-sbrasalportel.pt\/jfsba\/wp-content\/uploads\/2023\/05\/Avaliacao-SIADAP.pdf\">Avalia\u00e7\u00e3o SIADAP<\/a><br><a href=\"https:\/\/jf-sbrasalportel.pt\/jfsba\/wp-content\/uploads\/2022\/12\/Edital-Alteracao-da-Tabela-de-Taxas-2023.pdf\">Edital &#8211; Altera\u00e7\u00e3o da Tabela de Taxas 2023<\/a><br><br>2<strong>022<br><\/strong><a href=\"https:\/\/jf-sbrasalportel.pt\/jfsba\/wp-content\/uploads\/2023\/03\/Estatuto-Direito-Oposicao-edital-1.pdf\">Edital &#8211; Estatuto Direito Oposi\u00e7\u00e3o 2022<\/a><br><a href=\"https:\/\/jf-sbrasalportel.pt\/jfsba\/wp-content\/uploads\/2022\/01\/Edital-atualizacao-tabela.pdf\">Edital &#8211; atualiza\u00e7\u00e3o da tabela de taxas 2022<\/a><br><a href=\"https:\/\/jf-sbrasalportel.pt\/jfsba\/wp-content\/uploads\/2022\/01\/Edital-Afixacao-Propaganda-Legislativas-2022.pdf\">Edital -Afixa\u00e7\u00e3o Propaganda Legislativas 2022<\/a><br><a href=\"https:\/\/jf-sbrasalportel.pt\/jfsba\/wp-content\/uploads\/2022\/01\/Edital-Exposicao-do-orcamento-2022.pdf\">Edital Exposi\u00e7\u00e3o do or\u00e7amento 2022<\/a><br><br><strong>2021<br><\/strong><a href=\"https:\/\/jf-sbrasalportel.pt\/jfsba\/wp-content\/uploads\/2022\/03\/Edital-Estatuto-Direito-Oposicao.pdf\">Edital &#8211; Estatuto Direito Oposi\u00e7\u00e3o<\/a> &#8211; 2021<br><a href=\"https:\/\/jf-sbrasalportel.pt\/jfsba\/wp-content\/uploads\/2022\/01\/Edital-alteracao-tabela-taxas.pdf\">Edital altera\u00e7\u00e3o ao regulamento de tabela taxas 2021<\/a><br><a href=\"https:\/\/jf-sbrasalportel.pt\/jfsba\/wp-content\/uploads\/2021\/09\/Edital-4.pdf\">Edital &#8211; Espa\u00e7os para afixar propaganda eleitoral<\/a>-2021<br><a href=\"https:\/\/jf-sbrasalportel.pt\/jfsba\/wp-content\/uploads\/2021\/05\/Aviso-Altera%C3%A7%C3%A3o-de-posicionamento-remunerat%C3%B3rio-2021-1.pdf\">Aviso &#8211; Altera\u00e7\u00e3o de posicionamento remunerat\u00f3rio -2021<\/a><br><a href=\"https:\/\/jf-sbrasalportel.pt\/jfsba\/wp-content\/uploads\/2021\/01\/Edital-Exposi%C3%A7%C3%A3o-do-or%C3%A7amento-2021.pdf\">Edital &#8211; Exposi\u00e7\u00e3o do or\u00e7amento 2021<\/a><a href=\"https:\/\/jf-sbrasalportel.pt\/jfsba\/wp-content\/uploads\/2021\/01\/Edital-Tabela-de-taxas-2021-1.pdf\">Edital &#8211; Tabela de taxas 2021<\/a><br><a href=\"https:\/\/jf-sbrasalportel.pt\/jfsba\/wp-content\/uploads\/2021\/02\/Edital-Or%C3%A7amento-e-gest%C3%A3o-das-despesas-com-o-pessoal.pdf\">Edital &#8211; Or\u00e7amento e gest\u00e3o das despesas com o pessoal<\/a><br><br><strong>2020<\/strong><br><a href=\"https:\/\/jf-sbrasalportel.pt\/jfsba\/wp-content\/uploads\/2021\/04\/Edital-Estatuto-do-Direito-da-Oposi%C3%A7%C3%A3o-Relat%C3%B3rio-2020-3.pdf\">Edital &#8211; Estatuto do Direito da Oposi\u00e7\u00e3o &#8211; Relat\u00f3rio 2020<\/a><br><a href=\"https:\/\/jf-sbrasalportel.pt\/jfsba\/wp-content\/uploads\/2019\/12\/Edital-Tabela-de-Taxas-e-Licen%C3%A7as-2020.pdf\">Edital &#8211; Tabela de Taxas e Licen\u00e7as &#8211; 2020<\/a><br><a href=\"https:\/\/jf-sbrasalportel.pt\/jfsba\/wp-content\/uploads\/2019\/12\/Edital-Exposi%C3%A7%C3%A3o-Or%C3%A7amento-2020.pdf\">Edital Exposi\u00e7\u00e3o Or\u00e7amento 2020<\/a><br><a href=\"https:\/\/jf-sbrasalportel.pt\/jfsba\/wp-content\/uploads\/2020\/11\/C%C3%B3digo-de-Conduta-1.pdf\">C\u00f3digo de Conduta da Freguesia de S. Br\u00e1s de Alportel<\/a><br><a href=\"https:\/\/jf-sbrasalportel.pt\/jfsba\/wp-content\/uploads\/2020\/05\/Edital-Licenciamento-de-can%C3%ADdeos.pdf\">Edital &#8211; Licenciamento de can<\/a>ideos<br><br><strong>2019<\/strong><br><a href=\"https:\/\/jf-sbrasalportel.pt\/jfsba\/wp-content\/uploads\/2020\/03\/Edital-Estatuto-do-direito-de-Oposi%C3%A7%C3%A3o.pdf\">Edital &#8211; Estatuto do direito de Oposi\u00e7\u00e3o<\/a><a href=\"https:\/\/jf-sbrasalportel.pt\/jfsba\/wp-content\/uploads\/2020\/03\/2019.pdf\">&#8211; relat\u00f3rio 2019<\/a><br><a href=\"https:\/\/jf-sbrasalportel.pt\/jfsba\/wp-content\/uploads\/2019\/07\/Covais-Rasos-levantamento-2019.pdf\">Covais Rasos &#8211; levantamento 2019<\/a><br><a href=\"https:\/\/jf-sbrasalportel.pt\/jfsba\/wp-content\/uploads\/2018\/12\/Untitled_2018122810443200.pdf\">Edital &#8211; Execu\u00e7\u00e3o do Or\u00e7amento &#8211; 2019<\/a><br><a href=\"https:\/\/jf-sbrasalportel.pt\/jfsba\/wp-content\/uploads\/2018\/12\/Tabela-de-taxas-2019.pdf\">Edital &#8211; Tabela de Taxas e Licen\u00e7as &#8211; 2019<\/a><br><a href=\"https:\/\/jf-sbrasalportel.pt\/jfsba\/wp-content\/uploads\/2018\/12\/Edital-Exposi%C3%A7%C3%A3o-do-Or%C3%A7amento-para-2019.pdf\">Edital &#8211; Exposi\u00e7\u00e3o do Or\u00e7amento para 2019<\/a><br><a href=\"https:\/\/jf-sbrasalportel.pt\/jfsba\/wp-content\/uploads\/2021\/05\/Aviso-Altera%C3%A7%C3%A3o-de-posicionamento-remunerat%C3%B3rio-2019.pdf\">Aviso &#8211; Altera\u00e7\u00e3o de posicionamento remunerat\u00f3rio &#8211; 2019<\/a><br><a href=\"https:\/\/jf-sbrasalportel.pt\/jfsba\/wp-content\/uploads\/2019\/09\/Edital-altera%C3%A7%C3%A3o-dia-reuni%C3%A3o-ordin%C3%A1ria.pdf\">Edital &#8211; altera\u00e7\u00e3o dia reuni\u00e3o ordin\u00e1ria<\/a><br><br><strong>2018<\/strong><br><a href=\"https:\/\/jf-sbrasalportel.pt\/jfsba\/wp-content\/uploads\/2019\/05\/Edital-Presta%C3%A7%C3%A3o-de-Contas-2018.pdf\">Edital Presta\u00e7\u00e3o de Contas 2018<\/a><br><a href=\"https:\/\/jf-sbrasalportel.pt\/jfsba\/wp-content\/uploads\/2019\/04\/Untitled_2019040811144300.pdf\">Edital Estatuto do direito oposi\u00e7\u00e3o &#8211; 2018<\/a><br><a href=\"https:\/\/jf-sbrasalportel.pt\/jfsba\/wp-content\/uploads\/2018\/06\/Untitled_2018062913495300-Edital.pdf\">Edital &#8211; reuni\u00e3o 02\/07\/2018<\/a><br><a href=\"https:\/\/jf-sbrasalportel.pt\/jfsba\/wp-content\/uploads\/2021\/05\/Aviso-Altera%C3%A7%C3%A3o-de-posicionamento-remunerat%C3%B3riao-06-2018.pdf\">Aviso &#8211; Altera\u00e7\u00e3o de posicionamento remunerat\u00f3rio 06-2018<\/a><br><a href=\"https:\/\/jf-sbrasalportel.pt\/jfsba\/wp-content\/uploads\/2021\/05\/Aviso-Altera%C3%A7%C3%A3o-de-posicionamento-remunerat%C3%B3rio-2018.pdf\">Aviso &#8211; Altera\u00e7\u00e3o de posicionamento remunerat\u00f3rio &#8211; 2018<\/a><br><br><strong>2015<\/strong><br><a href=\"https:\/\/jf-sbrasalportel.pt\/jfsba\/wp-content\/uploads\/2015\/01\/Edital-Execu%C3%A7%C3%A3o-or%C3%A7amental-2015.pdf\" target=\"_blank\" rel=\"noreferrer noopener\">Edital Execu\u00e7\u00e3o or\u00e7amental 2015<\/a><br><a href=\"https:\/\/jf-sbrasalportel.pt\/jfsba\/wp-content\/uploads\/2014\/05\/Atualiza%C3%A7%C3%A3o-da-Tabela-Taxas-e-Licen%C3%A7as-2015.pdf\" target=\"_blank\" rel=\"noreferrer noopener\">Atualiza\u00e7\u00e3o da Tabela de Taxas e Licen\u00e7as &#8211; 2015<\/a><br> <a href=\"https:\/\/jf-sbrasalportel.pt\/jfsba\/wp-content\/uploads\/2015\/01\/Edital-Exposi%C3%A7%C3%A3o-or%C3%A7amento-2015.pdf\" target=\"_blank\" rel=\"noreferrer noopener\">Edital &#8211; Exposi\u00e7\u00e3o or\u00e7amento 2015<\/a><br><a href=\"https:\/\/jf-sbrasalportel.pt\/jfsba\/wp-content\/uploads\/2014\/05\/Edital-primeira-altera%C3%A7%C3%A3o-Regulamento-do-Cemit%C3%A9rio1.pdf\" target=\"_blank\" rel=\"noreferrer noopener\">Edital &#8211; primeira altera\u00e7\u00e3o Regulamento do Cemit\u00e9rio<\/a><br><br><strong>2014<\/strong><br><a href=\"https:\/\/jf-sbrasalportel.pt\/jfsba\/wp-content\/uploads\/2014\/05\/Edital-de-Presta\u00e7\u00e3o-de-Contas-ano-2014.pdf\" target=\"_blank\" rel=\"noreferrer noopener\">Edital de Presta\u00e7\u00e3o de Contas ano 2014<\/a><br><a href=\"https:\/\/jf-sbrasalportel.pt\/jfsba\/wp-content\/uploads\/2014\/05\/Edital-Estatuto-Oposi\u00e7\u00e3o-do-ano-2014.pdf\" target=\"_blank\" rel=\"noreferrer noopener\">Edital Estatuto Oposi\u00e7\u00e3o do ano 2014<\/a><br><a href=\"https:\/\/jf-sbrasalportel.pt\/jfsba\/wp-content\/uploads\/2014\/12\/1.\u00ba-altera.-reg.-cemit.pdf\" target=\"_blank\" rel=\"noreferrer noopener\">Aprecia\u00e7\u00e3o publica da 1.\u00aa altera\u00e7\u00e3o ao regulamento do cemit\u00e9rio (2014)<\/a><br><a href=\"https:\/\/jf-sbrasalportel.pt\/jfsba\/wp-content\/uploads\/2014\/11\/3.\u00ba-altera\u00e7\u00e3o-regulamento-taxas.pdf\" target=\"_blank\" rel=\"noreferrer noopener\">Aprecia\u00e7\u00e3o publica da 3.\u00aa altera\u00e7\u00e3o regulamento taxas (2014)<\/a><br><a href=\"https:\/\/jf-sbrasalportel.pt\/jfsba\/wp-content\/uploads\/2014\/05\/Edital-prestao-contas-2013.pdf\" target=\"_blank\" rel=\"noreferrer noopener\">Edital aprova\u00e7\u00e3o de contas de 2013 (28-04-2014)<\/a><br><a href=\"https:\/\/jf-sbrasalportel.pt\/jfsba\/wp-content\/uploads\/2014\/05\/doc20140226142433.pdf\" target=\"_blank\" rel=\"noreferrer noopener\">Exposi\u00e7\u00e3o dos cadernos eleitorais 2014 (26-02-2014)<\/a><br><a href=\"https:\/\/jf-sbrasalportel.pt\/jfsba\/wp-content\/uploads\/2015\/01\/Edital-Terceira-alt.-regul.-tabela-taxas.pdf\" target=\"_blank\" rel=\"noreferrer noopener\">Edital &#8211; 3.\u00aa altera\u00e7\u00e3o ao Regulamento Tabela Taxas e Licen\u00e7as<\/a><br><br><strong>2013<\/strong><br><a href=\"https:\/\/jf-sbrasalportel.pt\/jfsba\/wp-content\/uploads\/2014\/05\/Edital-Exposio-oramento-2014.pdf\" target=\"_blank\" rel=\"noreferrer noopener\">Aprova\u00e7\u00e3o do Or\u00e7amento Ordin\u00e1rio &#8211; 2014 (19-12-2013<\/a>)<br><a href=\"https:\/\/jf-sbrasalportel.pt\/jfsba\/wp-content\/uploads\/2014\/05\/Periodicidade-reunies-junta.pdf\" target=\"_blank\" rel=\"noreferrer noopener\">Periodicidade das reuni\u00f5es do executivo &#8211; 2014 (24-10-2013<\/a><br><a href=\"https:\/\/jf-sbrasalportel.pt\/jfsba\/wp-content\/uploads\/2014\/05\/reuniesexecutivo.pdf\" target=\"_blank\" rel=\"noreferrer noopener\">Periodicidade das reuni\u00f5es do executivo &#8211; 2013 (24-10-2013)<\/a><\/td><\/tr><tr><td><\/td><\/tr><tr><td><\/td><\/tr><\/tbody><\/table><\/figure>\n\n\n\n<p><\/p>\n\n\n","protected":false},"excerpt":{"rendered":"<p>2026 &#8211; Edital &#8211; Estatuto Direito Oposi\u00e7\u00e3o 2025&#8211; Tabela Taxas e Licen\u00e7as 2026 2025Edital &#8211; Exuma\u00e7\u00e3o de Covais Tempor\u00e1rio em AlvenariaEdital &#8211; Estatuto Direito Oposi\u00e7\u00e3o 2024Tabela Taxas e Licen\u00e7as 2025\u00a0 2024Edital &#8211; Estatuto Direito Oposi\u00e7\u00e3o 2023Regulamento Utiliza\u00e7\u00e3o de Ced\u00eancia de Salas da Freguesia de S. Br\u00e1s de AlportelRegulamento e Tabela Geral de Taxas e Licen\u00e7as &hellip; <a href=\"https:\/\/jf-sbrasalportel.pt\/jfsba\/consultas_online\/avisoseditais\/\" class=\"more-link\">Continuar a ler<span class=\"screen-reader-text\">Avisos\/Editais<\/span> <span class=\"meta-nav\">&rarr;<\/span><\/a><\/p>\n","protected":false},"author":1,"featured_media":0,"parent":372,"menu_order":1,"comment_status":"closed","ping_status":"closed","template":"","meta":{"_monsterinsights_skip_tracking":false,"_monsterinsights_sitenote_active":false,"_monsterinsights_sitenote_note":"","_monsterinsights_sitenote_category":0,"ngg_post_thumbnail":0,"footnotes":""},"class_list":["post-110","page","type-page","status-publish","hentry"],"yoast_head":"<!-- This site is optimized with the Yoast SEO plugin v27.4 - https:\/\/yoast.com\/product\/yoast-seo-wordpress\/ -->\n<title>Avisos\/Editais - Junta de Freguesia de S\u00e3o Br\u00e1s de Alportel<\/title>\n<meta name=\"robots\" content=\"index, follow, max-snippet:-1, max-image-preview:large, max-video-preview:-1\" \/>\n<link rel=\"canonical\" href=\"https:\/\/jf-sbrasalportel.pt\/jfsba\/consultas_online\/avisoseditais\/\" \/>\n<meta property=\"og:locale\" content=\"pt_PT\" \/>\n<meta property=\"og:type\" content=\"article\" \/>\n<meta property=\"og:title\" content=\"Avisos\/Editais - Junta de Freguesia de S\u00e3o Br\u00e1s de Alportel\" \/>\n<meta property=\"og:description\" content=\"2026 &#8211; Edital &#8211; Estatuto Direito Oposi\u00e7\u00e3o 2025&#8211; Tabela Taxas e Licen\u00e7as 2026 2025Edital &#8211; Exuma\u00e7\u00e3o de Covais Tempor\u00e1rio em AlvenariaEdital &#8211; Estatuto Direito Oposi\u00e7\u00e3o 2024Tabela Taxas e Licen\u00e7as 2025\u00a0 2024Edital &#8211; Estatuto Direito Oposi\u00e7\u00e3o 2023Regulamento Utiliza\u00e7\u00e3o de Ced\u00eancia de Salas da Freguesia de S. Br\u00e1s de AlportelRegulamento e Tabela Geral de Taxas e Licen\u00e7as &hellip; Continuar a lerAvisos\/Editais &rarr;\" \/>\n<meta property=\"og:url\" content=\"https:\/\/jf-sbrasalportel.pt\/jfsba\/consultas_online\/avisoseditais\/\" \/>\n<meta property=\"og:site_name\" content=\"Junta de Freguesia de S\u00e3o Br\u00e1s de Alportel\" \/>\n<meta property=\"article:modified_time\" content=\"2026-04-08T09:20:39+00:00\" \/>\n<meta name=\"twitter:card\" content=\"summary_large_image\" \/>\n<meta name=\"twitter:label1\" content=\"Tempo estimado de leitura\" \/>\n\t<meta name=\"twitter:data1\" content=\"3 minutos\" \/>\n<script type=\"application\/ld+json\" class=\"yoast-schema-graph\">{\"@context\":\"https:\\\/\\\/schema.org\",\"@graph\":[{\"@type\":\"WebPage\",\"@id\":\"https:\\\/\\\/jf-sbrasalportel.pt\\\/jfsba\\\/consultas_online\\\/avisoseditais\\\/\",\"url\":\"https:\\\/\\\/jf-sbrasalportel.pt\\\/jfsba\\\/consultas_online\\\/avisoseditais\\\/\",\"name\":\"Avisos\\\/Editais - Junta de Freguesia de S\u00e3o Br\u00e1s de Alportel\",\"isPartOf\":{\"@id\":\"https:\\\/\\\/jf-sbrasalportel.pt\\\/jfsba\\\/#website\"},\"datePublished\":\"2014-05-20T16:38:54+00:00\",\"dateModified\":\"2026-04-08T09:20:39+00:00\",\"breadcrumb\":{\"@id\":\"https:\\\/\\\/jf-sbrasalportel.pt\\\/jfsba\\\/consultas_online\\\/avisoseditais\\\/#breadcrumb\"},\"inLanguage\":\"pt-PT\",\"potentialAction\":[{\"@type\":\"ReadAction\",\"target\":[\"https:\\\/\\\/jf-sbrasalportel.pt\\\/jfsba\\\/consultas_online\\\/avisoseditais\\\/\"]}]},{\"@type\":\"BreadcrumbList\",\"@id\":\"https:\\\/\\\/jf-sbrasalportel.pt\\\/jfsba\\\/consultas_online\\\/avisoseditais\\\/#breadcrumb\",\"itemListElement\":[{\"@type\":\"ListItem\",\"position\":1,\"name\":\"In\u00edcio\",\"item\":\"https:\\\/\\\/jf-sbrasalportel.pt\\\/jfsba\\\/\"},{\"@type\":\"ListItem\",\"position\":2,\"name\":\": : : : : : : : : : : : : : : : Consultas_Online : : : : : : : : : : : : : : : :\",\"item\":\"https:\\\/\\\/jf-sbrasalportel.pt\\\/jfsba\\\/consultas_online\\\/\"},{\"@type\":\"ListItem\",\"position\":3,\"name\":\"Avisos\\\/Editais\"}]},{\"@type\":\"WebSite\",\"@id\":\"https:\\\/\\\/jf-sbrasalportel.pt\\\/jfsba\\\/#website\",\"url\":\"https:\\\/\\\/jf-sbrasalportel.pt\\\/jfsba\\\/\",\"name\":\"Junta de Freguesia de S\u00e3o Br\u00e1s de Alportel\",\"description\":\"Site institucional da Freguesia de S\u00e3o Br\u00e1s de Alportel\",\"potentialAction\":[{\"@type\":\"SearchAction\",\"target\":{\"@type\":\"EntryPoint\",\"urlTemplate\":\"https:\\\/\\\/jf-sbrasalportel.pt\\\/jfsba\\\/?s={search_term_string}\"},\"query-input\":{\"@type\":\"PropertyValueSpecification\",\"valueRequired\":true,\"valueName\":\"search_term_string\"}}],\"inLanguage\":\"pt-PT\"}]}<\/script>\n<!-- \/ Yoast SEO plugin. -->","yoast_head_json":{"title":"Avisos\/Editais - Junta de Freguesia de S\u00e3o Br\u00e1s de Alportel","robots":{"index":"index","follow":"follow","max-snippet":"max-snippet:-1","max-image-preview":"max-image-preview:large","max-video-preview":"max-video-preview:-1"},"canonical":"https:\/\/jf-sbrasalportel.pt\/jfsba\/consultas_online\/avisoseditais\/","og_locale":"pt_PT","og_type":"article","og_title":"Avisos\/Editais - Junta de Freguesia de S\u00e3o Br\u00e1s de Alportel","og_description":"2026 &#8211; Edital &#8211; Estatuto Direito Oposi\u00e7\u00e3o 2025&#8211; Tabela Taxas e Licen\u00e7as 2026 2025Edital &#8211; Exuma\u00e7\u00e3o de Covais Tempor\u00e1rio em AlvenariaEdital &#8211; Estatuto Direito Oposi\u00e7\u00e3o 2024Tabela Taxas e Licen\u00e7as 2025\u00a0 2024Edital &#8211; Estatuto Direito Oposi\u00e7\u00e3o 2023Regulamento Utiliza\u00e7\u00e3o de Ced\u00eancia de Salas da Freguesia de S. Br\u00e1s de AlportelRegulamento e Tabela Geral de Taxas e Licen\u00e7as &hellip; Continuar a lerAvisos\/Editais &rarr;","og_url":"https:\/\/jf-sbrasalportel.pt\/jfsba\/consultas_online\/avisoseditais\/","og_site_name":"Junta de Freguesia de S\u00e3o Br\u00e1s de Alportel","article_modified_time":"2026-04-08T09:20:39+00:00","twitter_card":"summary_large_image","twitter_misc":{"Tempo estimado de leitura":"3 minutos"},"schema":{"@context":"https:\/\/schema.org","@graph":[{"@type":"WebPage","@id":"https:\/\/jf-sbrasalportel.pt\/jfsba\/consultas_online\/avisoseditais\/","url":"https:\/\/jf-sbrasalportel.pt\/jfsba\/consultas_online\/avisoseditais\/","name":"Avisos\/Editais - Junta de Freguesia de S\u00e3o Br\u00e1s de Alportel","isPartOf":{"@id":"https:\/\/jf-sbrasalportel.pt\/jfsba\/#website"},"datePublished":"2014-05-20T16:38:54+00:00","dateModified":"2026-04-08T09:20:39+00:00","breadcrumb":{"@id":"https:\/\/jf-sbrasalportel.pt\/jfsba\/consultas_online\/avisoseditais\/#breadcrumb"},"inLanguage":"pt-PT","potentialAction":[{"@type":"ReadAction","target":["https:\/\/jf-sbrasalportel.pt\/jfsba\/consultas_online\/avisoseditais\/"]}]},{"@type":"BreadcrumbList","@id":"https:\/\/jf-sbrasalportel.pt\/jfsba\/consultas_online\/avisoseditais\/#breadcrumb","itemListElement":[{"@type":"ListItem","position":1,"name":"In\u00edcio","item":"https:\/\/jf-sbrasalportel.pt\/jfsba\/"},{"@type":"ListItem","position":2,"name":": : : : : : : : : : : : : : : : Consultas_Online : : : : : : : : : : : : : : : :","item":"https:\/\/jf-sbrasalportel.pt\/jfsba\/consultas_online\/"},{"@type":"ListItem","position":3,"name":"Avisos\/Editais"}]},{"@type":"WebSite","@id":"https:\/\/jf-sbrasalportel.pt\/jfsba\/#website","url":"https:\/\/jf-sbrasalportel.pt\/jfsba\/","name":"Junta de Freguesia de S\u00e3o Br\u00e1s de Alportel","description":"Site institucional da Freguesia de S\u00e3o Br\u00e1s de Alportel","potentialAction":[{"@type":"SearchAction","target":{"@type":"EntryPoint","urlTemplate":"https:\/\/jf-sbrasalportel.pt\/jfsba\/?s={search_term_string}"},"query-input":{"@type":"PropertyValueSpecification","valueRequired":true,"valueName":"search_term_string"}}],"inLanguage":"pt-PT"}]}},"_links":{"self":[{"href":"https:\/\/jf-sbrasalportel.pt\/jfsba\/wp-json\/wp\/v2\/pages\/110","targetHints":{"allow":["GET"]}}],"collection":[{"href":"https:\/\/jf-sbrasalportel.pt\/jfsba\/wp-json\/wp\/v2\/pages"}],"about":[{"href":"https:\/\/jf-sbrasalportel.pt\/jfsba\/wp-json\/wp\/v2\/types\/page"}],"author":[{"embeddable":true,"href":"https:\/\/jf-sbrasalportel.pt\/jfsba\/wp-json\/wp\/v2\/users\/1"}],"replies":[{"embeddable":true,"href":"https:\/\/jf-sbrasalportel.pt\/jfsba\/wp-json\/wp\/v2\/comments?post=110"}],"version-history":[{"count":139,"href":"https:\/\/jf-sbrasalportel.pt\/jfsba\/wp-json\/wp\/v2\/pages\/110\/revisions"}],"predecessor-version":[{"id":5224,"href":"https:\/\/jf-sbrasalportel.pt\/jfsba\/wp-json\/wp\/v2\/pages\/110\/revisions\/5224"}],"up":[{"embeddable":true,"href":"https:\/\/jf-sbrasalportel.pt\/jfsba\/wp-json\/wp\/v2\/pages\/372"}],"wp:attachment":[{"href":"https:\/\/jf-sbrasalportel.pt\/jfsba\/wp-json\/wp\/v2\/media?parent=110"}],"curies":[{"name":"wp","href":"https:\/\/api.w.org\/{rel}","templated":true}]}}